{"id":2364,"date":"2024-03-17T15:42:11","date_gmt":"2024-03-17T20:42:11","guid":{"rendered":"https:\/\/alphaconsulting.com.pa\/?page_id=2364"},"modified":"2024-04-01T18:37:26","modified_gmt":"2024-04-01T23:37:26","slug":"consultas","status":"publish","type":"page","link":"https:\/\/alphaconsulting.com.pa\/en\/consultas\/","title":{"rendered":"Consultations"},"content":{"rendered":"<p>[et_pb_section fb_built=\u00bb1&#8243; custom_padding_last_edited=\u00bbon|phone\u00bb _builder_version=\u00bb4.22.0&#8243; _module_preset=\u00bbdefault\u00bb custom_margin=\u00bb-180px||||false|false\u00bb custom_padding=\u00bb150px||100px||false|false\u00bb custom_padding_tablet=\u00bb150px||100px||false|false\u00bb custom_padding_phone=\u00bb10px||50px||false|false\u00bb global_colors_info=\u00bb{}\u00bb][et_pb_row _builder_version=\u00bb4.22.0&#8243; _module_preset=\u00bbdefault\u00bb width=\u00bb100%\u00bb max_width=\u00bb100%\u00bb global_colors_info=\u00bb{}\u00bb][et_pb_column type=\u00bb4_4&#8243; _builder_version=\u00bb4.22.0&#8243; _module_preset=\u00bbdefault\u00bb global_colors_info=\u00bb{}\u00bb][revslider_divi revslider_divi=\u00bb%91rev_slider alias=%22contacto-1%22 slidertitle=%22Consultas%22%93%91\/rev_slider%93&#8243; _builder_version=\u00bb4.22.0&#8243; _module_preset=\u00bbdefault\u00bb global_colors_info=\u00bb{}\u00bb][\/revslider_divi][\/et_pb_column][\/et_pb_row][\/et_pb_section][et_pb_section fb_built=\u00bb1&#8243; custom_padding_last_edited=\u00bbon|desktop\u00bb _builder_version=\u00bb4.22.0&#8243; _module_preset=\u00bbdefault\u00bb max_width=\u00bb1600px\u00bb custom_margin=\u00bb100px||10px||false|false\u00bb custom_margin_tablet=\u00bb100px||||false|false\u00bb custom_margin_phone=\u00bb20px||||false|false\u00bb custom_margin_last_edited=\u00bbon|phone\u00bb custom_padding=\u00bb||40px||false|false\u00bb custom_padding_tablet=\u00bb||0px||false|false\u00bb custom_padding_phone=\u00bb150px||||false|false\u00bb global_colors_info=\u00bb{}\u00bb][et_pb_row _builder_version=\u00bb4.22.0&#8243; _module_preset=\u00bbdefault\u00bb max_width=\u00bb1650px\u00bb global_colors_info=\u00bb{}\u00bb][et_pb_column type=\u00bb4_4&#8243; _builder_version=\u00bb4.22.0&#8243; _module_preset=\u00bbdefault\u00bb global_colors_info=\u00bb{}\u00bb][et_pb_text _builder_version=\u00bb4.22.0&#8243; _module_preset=\u00bbdefault\u00bb header_2_font=\u00bbMontserrat||||||||\u00bb header_2_text_color=\u00bb#3740B0&#8243; custom_margin=\u00bb-210px|||0px|false|false\u00bb custom_padding=\u00bb|30px|||false|false\u00bb global_colors_info=\u00bb{%22gcid-6171fa7a-a6eb-4674-b5c6-adf556ae95b8%22:%91%22header_4_text_color%22,%22header_4_text_color%22%93}\u00bb]<\/p>\n<h2>Consultations<\/h2>\n<p>[\/et_pb_text][et_pb_text _builder_version=\u00bb4.22.0&#8243; _module_preset=\u00bbdefault\u00bb text_font_size=\u00bb18px\u00bb custom_margin=\u00bb0px|||0px|false|false\u00bb custom_padding=\u00bb|||0px|false|false\u00bb hover_enabled=\u00bb0&#8243; global_colors_info=\u00bb{}\u00bb sticky_enabled=\u00bb0&#8243;]<\/p>\n<p>Our firm offers personalized Zoom consultations. These consultations are designed to discuss any business-related concerns and get expert advice. During the consultation, you can ask questions about your business and share new business ideas.<\/p>\n<p>Our consultants will provide personalized guidance on developing and implementing these ideas and turning them into reality.<\/p>\n<p>Our consultants have extensive experience in business development and can help you with a wide range of issues, including market research, product development, financial planning, marketing strategy, and more. They will work with you to identify potential challenges and opportunities for growth and provide practical, actionable advice.<\/p>\n<p>Our Zoom consultations offer a unique opportunity to get personalized advice from experienced business consultants to help you achieve your business goals.<\/p>\n<p><strong>What to expect<\/strong><\/p>\n<p><strong>Schedule the consultation<\/strong><\/p>\n<p>Choose from the consultant's available days and times.<\/p>\n<p>Email:\u00a0<a href=\"\/en\/info@alphaconsulting.com.pa\/\"><\/a><\/p>\n<p><a href=\"mailto:info@alphaconsulting.com.pa\">info@alphaconsulting.com.pa<\/a><\/p>\n<p>Sales: (507) 6671-7864<\/p>\n<p><strong>Get advice for your custom needs<\/strong><\/p>\n<p>Share details about your business or project and what you want to discuss. The consultant will review it and contact you if they have questions.<\/p>\n<p><strong>Join the Zoom meeting<\/strong><\/p>\n<p>1-on-1 meeting with the consultant to discuss your needs and project.<\/p>\n<p><strong>Approve the work<\/strong><\/p>\n<p>The consultant will finish up the documents you asked for and send them to you for approval:<\/p>\n<ul>\n<li>Project plan<\/li>\n<li>Time and cost estimate<\/li>\n<li>Meeting summary<\/li>\n<\/ul>\n<p><strong>Before the consultation<\/strong><\/p>\n<p><strong>Here\u2019s what we need to know before our meeting:<\/strong><\/p>\n<p>Tell me about yourself and what you want to talk about.<\/p>\n<ol>\n<li><il>What is your main goal? Learn about a new subject? Personal financial advice? Business or Commercial advice?<\/il><\/li>\n<li><il>What is your business website?<\/il><\/li>\n<li><il>Tell me more about your customers\/target audience.<\/il><\/li>\n<li><il>What problems are you facing?<\/il><\/li>\n<li><il>What are your expectations?<\/il><\/li>\n<li><il>What are your biggest challenges?<\/il><\/li>\n<li><il>What value do you provide?<\/il><\/li>\n<li><il>What would you view as a success?<\/il><\/li>\n<li><il> How can I help you do your job better?<\/il><\/li>\n<\/ol>\n<p><strong>Frequently asked questions<\/strong><\/p>\n<p><strong>Could you share some examples of your previous work experience?<\/strong><\/p>\n<p>Yes, I can provide many examples of my previous work experience in finance to showcase my expertise.<\/p>\n<p><strong>Do I need to answer all these questions to work with you?<\/strong><\/p>\n<p>No.  However, providing me with as much information about yourself, your business, and your needs will make our meeting more productive.<\/p>\n<p><strong>Can you provide any additional services if needed?<\/strong><\/p>\n<p>Yes. I offer financial consulting services such as financial analysis, business valuations, financial outsourcing, business plans, and financial modeling. Let me know your needs, and I will be happy to help.<\/p>\n<p><strong>How much can we accomplish in an hour?<\/strong><\/p>\n<p>If you answer all the questions thoroughly, we can achieve a lot in one hour. I will come prepared for the meeting, and my priority will be to listen attentively to you. I will then present my findings clearly and concisely.<\/p>\n<p><strong>Do you sign a Confidentiality Agreement?<\/strong><\/p>\n<p>All information provided will remain confidential. Our company signs a Non-Disclosure Agreement before receiving any information.<\/p>\n<p><strong>Our Rates<\/strong><\/p>\n<p>$125.00 per hour.<\/p>\n<p>[\/et_pb_text][\/et_pb_column][\/et_pb_row][\/et_pb_section]<\/p>","protected":false},"excerpt":{"rendered":"<p><div class=\"et_pb_module revslider_divi revslider_divi_0\">\n\t\t\t\t\n\t\t\t\t\n\t\t\t\t\n\t\t\t\t\n\t\t\t\t\n\t\t\t\t\n\t\t\t\t<div class=\"et_pb_module_inner\">\n\t\t\t\t\t\n\t\t\t<!-- START Consultas REVOLUTION SLIDER 6.7.5 --><p class=\"rs-p-wp-fix\"><\/p>\n\t\t\t<rs-module-wrap id=\"rev_slider_22_1_wrapper\" data-source=\"gallery\" style=\"visibility:hidden;background:transparent;padding:0;margin:0px auto;margin-top:0;margin-bottom:0;\">\n\t\t\t\t<rs-module id=\"rev_slider_22_1\" style=\"\" data-version=\"6.7.5\">\n\t\t\t\t\t<rs-slides style=\"overflow: hidden; position: absolute;\">\n\t\t\t\t\t\t<rs-slide style=\"position: absolute;\" data-key=\"rs-30\" data-title=\"Slide\" data-anim=\"ms:600;\" data-in=\"o:0;\" data-out=\"a:false;\">\n\t\t\t\t\t\t\t<img decoding=\"async\" src=\"\/\/alphaconsulting.com.pa\/wp-content\/plugins\/revslider\/sr6\/assets\/assets\/dummy.png\" alt=\"\" title=\"about-team-bg-1024&#215;455\" width=\"1024\" height=\"455\" class=\"rev-slidebg tp-rs-img rs-lazyload\" data-lazyload=\"\/\/alphaconsulting.com.pa\/wp-content\/uploads\/2023\/12\/about-team-bg-1024x455-1.jpg\" data-bg=\"p:center top;\" data-parallax=\"off\" data-panzoom=\"d:10000;ss:100;se:110;\" data-no-retina>\n<!--\n\t\t\t\t\t\t\t--><rs-layer\n\t\t\t\t\t\t\t\tid=\"slider-22-slide-30-layer-1\" \n\t\t\t\t\t\t\t\tdata-type=\"text\"\n\t\t\t\t\t\t\t\tdata-rsp_ch=\"on\"\n\t\t\t\t\t\t\t\tdata-xy=\"x:l,l,l,c;xo:287px,287px,30px,-7px;y:m;yo:70px,70px,159px,106px;\"\n\t\t\t\t\t\t\t\tdata-text=\"s:70,70,70,38;l:80,80,80,57;fw:700;a:center;\"\n\t\t\t\t\t\t\t\tdata-dim=\"w:718px;h:10px,10px,10px,59px;\"\n\t\t\t\t\t\t\t\tdata-frame_0=\"x:50px;\"\n\t\t\t\t\t\t\t\tdata-frame_1=\"sR:10;\"\n\t\t\t\t\t\t\t\tdata-frame_999=\"o:0;st:w;sR:8690;\"\n\t\t\t\t\t\t\t\tstyle=\"z-index:5;font-family:'Montserrat';\"\n\t\t\t\t\t\t\t>Consultations \n\t\t\t\t\t\t\t<\/rs-layer><!--\n-->\t\t\t\t\t<\/rs-slide>\n\t\t\t\t\t<\/rs-slides>\n\t\t\t\t<\/rs-module>\n\t\t\t\t<script>\n\t\t\t\t\tsetREVStartSize({c: 'rev_slider_22_1',rl:[1240,1024,778,480],el:[790,768,960,500],gw:[1300,1024,778,480],gh:[790,768,960,500],type:'standard',justify:'',layout:'fullwidth',mh:\"0\"});if (window.RS_MODULES!==undefined && window.RS_MODULES.modules!==undefined && window.RS_MODULES.modules[\"revslider221\"]!==undefined) {window.RS_MODULES.modules[\"revslider221\"].once = false;window.revapi22 = undefined;if (window.RS_MODULES.checkMinimal!==undefined) window.RS_MODULES.checkMinimal()}\n\t\t\t\t<\/script>\n\t\t\t<\/rs-module-wrap>\n\t\t\t<!-- END REVOLUTION SLIDER -->\n\n\t\t\t\t<\/div>\n\t\t\t<\/div>ConsultasNuestra firma ofrece consultas personalizadas por Zoom. Estas consultas est\u00e1n dise\u00f1adas para permitirle discutir cualquier inquietud relacionada con su negocio y obtener asesoramiento de expertos. Durante la consulta, puede hacer cualquier pregunta sobre su negocio y compartir nuevas ideas comerciales. Nuestros consultores le brindar\u00e1n orientaci\u00f3n personalizada sobre c\u00f3mo desarrollar [&hellip;]<\/p>","protected":false},"author":1,"featured_media":0,"parent":0,"menu_order":0,"comment_status":"closed","ping_status":"closed","template":"","meta":{"_et_pb_use_builder":"on","_et_pb_old_content":"","_et_gb_content_width":"","footnotes":""},"class_list":["post-2364","page","type-page","status-publish","hentry"],"yoast_head":"<!-- This site is optimized with the Yoast SEO plugin v22.5 - https:\/\/yoast.com\/wordpress\/plugins\/seo\/ -->\n<title>Consultas - ::Alpha Consulting::<\/title>\n<meta name=\"robots\" content=\"index, follow, max-snippet:-1, max-image-preview:large, max-video-preview:-1\" \/>\n<link rel=\"canonical\" href=\"https:\/\/alphaconsulting.com.pa\/en\/consultas\/\" \/>\n<meta property=\"og:locale\" content=\"en_US\" \/>\n<meta property=\"og:type\" content=\"article\" \/>\n<meta property=\"og:title\" content=\"Consultas - ::Alpha Consulting::\" \/>\n<meta property=\"og:description\" content=\"ConsultasNuestra firma ofrece consultas personalizadas por Zoom. Estas consultas est\u00e1n dise\u00f1adas para permitirle discutir cualquier inquietud relacionada con su negocio y obtener asesoramiento de expertos. Durante la consulta, puede hacer cualquier pregunta sobre su negocio y compartir nuevas ideas comerciales. Nuestros consultores le brindar\u00e1n orientaci\u00f3n personalizada sobre c\u00f3mo desarrollar [&hellip;]\" \/>\n<meta property=\"og:url\" content=\"https:\/\/alphaconsulting.com.pa\/en\/consultas\/\" \/>\n<meta property=\"og:site_name\" content=\"::Alpha Consulting::\" \/>\n<meta property=\"article:modified_time\" content=\"2024-04-01T23:37:26+00:00\" \/>\n<meta name=\"twitter:card\" content=\"summary_large_image\" \/>\n<meta name=\"twitter:label1\" content=\"Est. reading time\" \/>\n\t<meta name=\"twitter:data1\" content=\"4 minutes\" \/>\n<script type=\"application\/ld+json\" class=\"yoast-schema-graph\">{\"@context\":\"https:\/\/schema.org\",\"@graph\":[{\"@type\":\"WebPage\",\"@id\":\"https:\/\/alphaconsulting.com.pa\/consultas\/\",\"url\":\"https:\/\/alphaconsulting.com.pa\/consultas\/\",\"name\":\"Consultas - ::Alpha Consulting::\",\"isPartOf\":{\"@id\":\"https:\/\/alphaconsulting.com.pa\/#website\"},\"datePublished\":\"2024-03-17T20:42:11+00:00\",\"dateModified\":\"2024-04-01T23:37:26+00:00\",\"breadcrumb\":{\"@id\":\"https:\/\/alphaconsulting.com.pa\/consultas\/#breadcrumb\"},\"inLanguage\":\"en-US\",\"potentialAction\":[{\"@type\":\"ReadAction\",\"target\":[\"https:\/\/alphaconsulting.com.pa\/consultas\/\"]}]},{\"@type\":\"BreadcrumbList\",\"@id\":\"https:\/\/alphaconsulting.com.pa\/consultas\/#breadcrumb\",\"itemListElement\":[{\"@type\":\"ListItem\",\"position\":1,\"name\":\"Home\",\"item\":\"https:\/\/alphaconsulting.com.pa\/\"},{\"@type\":\"ListItem\",\"position\":2,\"name\":\"Consultas\"}]},{\"@type\":\"WebSite\",\"@id\":\"https:\/\/alphaconsulting.com.pa\/#website\",\"url\":\"https:\/\/alphaconsulting.com.pa\/\",\"name\":\"::Alpha Consulting::\",\"description\":\"Entendemos tus finanzas\",\"publisher\":{\"@id\":\"https:\/\/alphaconsulting.com.pa\/#organization\"},\"potentialAction\":[{\"@type\":\"SearchAction\",\"target\":{\"@type\":\"EntryPoint\",\"urlTemplate\":\"https:\/\/alphaconsulting.com.pa\/?s={search_term_string}\"},\"query-input\":\"required name=search_term_string\"}],\"inLanguage\":\"en-US\"},{\"@type\":\"Organization\",\"@id\":\"https:\/\/alphaconsulting.com.pa\/#organization\",\"name\":\"::Alpha Consulting::\",\"url\":\"https:\/\/alphaconsulting.com.pa\/\",\"logo\":{\"@type\":\"ImageObject\",\"inLanguage\":\"en-US\",\"@id\":\"https:\/\/alphaconsulting.com.pa\/#\/schema\/logo\/image\/\",\"url\":\"https:\/\/alphaconsulting.com.pa\/wp-content\/uploads\/2023\/12\/logo-alpha-1.png\",\"contentUrl\":\"https:\/\/alphaconsulting.com.pa\/wp-content\/uploads\/2023\/12\/logo-alpha-1.png\",\"width\":500,\"height\":400,\"caption\":\"::Alpha Consulting::\"},\"image\":{\"@id\":\"https:\/\/alphaconsulting.com.pa\/#\/schema\/logo\/image\/\"}}]}<\/script>\n<!-- \/ Yoast SEO plugin. -->","yoast_head_json":{"title":"Consultas - ::Alpha Consulting::","robots":{"index":"index","follow":"follow","max-snippet":"max-snippet:-1","max-image-preview":"max-image-preview:large","max-video-preview":"max-video-preview:-1"},"canonical":"https:\/\/alphaconsulting.com.pa\/en\/consultas\/","og_locale":"en_US","og_type":"article","og_title":"Consultas - ::Alpha Consulting::","og_description":"ConsultasNuestra firma ofrece consultas personalizadas por Zoom. Estas consultas est\u00e1n dise\u00f1adas para permitirle discutir cualquier inquietud relacionada con su negocio y obtener asesoramiento de expertos. Durante la consulta, puede hacer cualquier pregunta sobre su negocio y compartir nuevas ideas comerciales. Nuestros consultores le brindar\u00e1n orientaci\u00f3n personalizada sobre c\u00f3mo desarrollar [&hellip;]","og_url":"https:\/\/alphaconsulting.com.pa\/en\/consultas\/","og_site_name":"::Alpha Consulting::","article_modified_time":"2024-04-01T23:37:26+00:00","twitter_card":"summary_large_image","twitter_misc":{"Est. reading time":"4 minutes"},"schema":{"@context":"https:\/\/schema.org","@graph":[{"@type":"WebPage","@id":"https:\/\/alphaconsulting.com.pa\/consultas\/","url":"https:\/\/alphaconsulting.com.pa\/consultas\/","name":"Consultas - ::Alpha Consulting::","isPartOf":{"@id":"https:\/\/alphaconsulting.com.pa\/#website"},"datePublished":"2024-03-17T20:42:11+00:00","dateModified":"2024-04-01T23:37:26+00:00","breadcrumb":{"@id":"https:\/\/alphaconsulting.com.pa\/consultas\/#breadcrumb"},"inLanguage":"en-US","potentialAction":[{"@type":"ReadAction","target":["https:\/\/alphaconsulting.com.pa\/consultas\/"]}]},{"@type":"BreadcrumbList","@id":"https:\/\/alphaconsulting.com.pa\/consultas\/#breadcrumb","itemListElement":[{"@type":"ListItem","position":1,"name":"Home","item":"https:\/\/alphaconsulting.com.pa\/"},{"@type":"ListItem","position":2,"name":"Consultas"}]},{"@type":"WebSite","@id":"https:\/\/alphaconsulting.com.pa\/#website","url":"https:\/\/alphaconsulting.com.pa\/","name":"::Alpha Consulting::","description":"Entendemos tus finanzas","publisher":{"@id":"https:\/\/alphaconsulting.com.pa\/#organization"},"potentialAction":[{"@type":"SearchAction","target":{"@type":"EntryPoint","urlTemplate":"https:\/\/alphaconsulting.com.pa\/?s={search_term_string}"},"query-input":"required name=search_term_string"}],"inLanguage":"en-US"},{"@type":"Organization","@id":"https:\/\/alphaconsulting.com.pa\/#organization","name":"::Alpha Consulting::","url":"https:\/\/alphaconsulting.com.pa\/","logo":{"@type":"ImageObject","inLanguage":"en-US","@id":"https:\/\/alphaconsulting.com.pa\/#\/schema\/logo\/image\/","url":"https:\/\/alphaconsulting.com.pa\/wp-content\/uploads\/2023\/12\/logo-alpha-1.png","contentUrl":"https:\/\/alphaconsulting.com.pa\/wp-content\/uploads\/2023\/12\/logo-alpha-1.png","width":500,"height":400,"caption":"::Alpha Consulting::"},"image":{"@id":"https:\/\/alphaconsulting.com.pa\/#\/schema\/logo\/image\/"}}]}},"_links":{"self":[{"href":"https:\/\/alphaconsulting.com.pa\/en\/wp-json\/wp\/v2\/pages\/2364","targetHints":{"allow":["GET"]}}],"collection":[{"href":"https:\/\/alphaconsulting.com.pa\/en\/wp-json\/wp\/v2\/pages"}],"about":[{"href":"https:\/\/alphaconsulting.com.pa\/en\/wp-json\/wp\/v2\/types\/page"}],"author":[{"embeddable":true,"href":"https:\/\/alphaconsulting.com.pa\/en\/wp-json\/wp\/v2\/users\/1"}],"replies":[{"embeddable":true,"href":"https:\/\/alphaconsulting.com.pa\/en\/wp-json\/wp\/v2\/comments?post=2364"}],"version-history":[{"count":0,"href":"https:\/\/alphaconsulting.com.pa\/en\/wp-json\/wp\/v2\/pages\/2364\/revisions"}],"wp:attachment":[{"href":"https:\/\/alphaconsulting.com.pa\/en\/wp-json\/wp\/v2\/media?parent=2364"}],"curies":[{"name":"wp","href":"https:\/\/api.w.org\/{rel}","templated":true}]}}