{"id":2124,"date":"2024-02-26T18:59:24","date_gmt":"2024-02-26T17:59:24","guid":{"rendered":"https:\/\/alphaconsulting.com.pa\/?page_id=2124"},"modified":"2024-04-12T09:23:07","modified_gmt":"2024-04-12T14:23:07","slug":"seminarios","status":"publish","type":"page","link":"https:\/\/alphaconsulting.com.pa\/en\/seminarios\/","title":{"rendered":"Seminars"},"content":{"rendered":"<p>[et_pb_section fb_built=\u00bb1&#8243; custom_padding_last_edited=\u00bbon|phone\u00bb _builder_version=\u00bb4.22.0&#8243; _module_preset=\u00bbdefault\u00bb custom_margin=\u00bb-180px||||false|false\u00bb custom_padding=\u00bb150px||100px||false|false\u00bb custom_padding_tablet=\u00bb150px||100px||false|false\u00bb custom_padding_phone=\u00bb10px||50px||false|false\u00bb global_colors_info=\u00bb{}\u00bb][et_pb_row _builder_version=\u00bb4.22.0&#8243; _module_preset=\u00bbdefault\u00bb width=\u00bb100%\u00bb max_width=\u00bb100%\u00bb global_colors_info=\u00bb{}\u00bb][et_pb_column type=\u00bb4_4&#8243; _builder_version=\u00bb4.22.0&#8243; _module_preset=\u00bbdefault\u00bb global_colors_info=\u00bb{}\u00bb][revslider_divi revslider_divi=\u00bb%91rev_slider alias=%22modelos-financieros-1%22 slidertitle=%22Seminarios%22%93%91\/rev_slider%93&#8243; _builder_version=\u00bb4.22.0&#8243; _module_preset=\u00bbdefault\u00bb global_colors_info=\u00bb{}\u00bb][\/revslider_divi][\/et_pb_column][\/et_pb_row][\/et_pb_section][et_pb_section fb_built=\u00bb1&#8243; custom_padding_last_edited=\u00bbon|desktop\u00bb _builder_version=\u00bb4.22.0&#8243; _module_preset=\u00bbdefault\u00bb max_width=\u00bb1600px\u00bb custom_margin=\u00bb100px||||false|false\u00bb custom_margin_tablet=\u00bb100px||||false|false\u00bb custom_margin_phone=\u00bb20px||||false|false\u00bb custom_margin_last_edited=\u00bbon|phone\u00bb custom_padding=\u00bb||40px||false|false\u00bb custom_padding_tablet=\u00bb||0px||false|false\u00bb custom_padding_phone=\u00bb150px||||false|false\u00bb global_colors_info=\u00bb{}\u00bb][et_pb_row _builder_version=\u00bb4.22.0&#8243; _module_preset=\u00bbdefault\u00bb max_width=\u00bb1650px\u00bb global_colors_info=\u00bb{}\u00bb][et_pb_column type=\u00bb4_4&#8243; _builder_version=\u00bb4.22.0&#8243; _module_preset=\u00bbdefault\u00bb global_colors_info=\u00bb{}\u00bb][et_pb_text _builder_version=\u00bb4.22.0&#8243; _module_preset=\u00bbdefault\u00bb header_2_font=\u00bbMontserrat||||||||\u00bb header_2_text_color=\u00bb#3740B0&#8243; custom_margin=\u00bb-210px|||0px|false|false\u00bb custom_padding=\u00bb|30px|||false|false\u00bb global_colors_info=\u00bb{%22gcid-6171fa7a-a6eb-4674-b5c6-adf556ae95b8%22:%91%22header_4_text_color%22,%22header_4_text_color%22%93}\u00bb]<\/p>\n<h2>Seminars<br \/>\n<\/h2>\n<p>[\/et_pb_text][et_pb_text _builder_version=\u00bb4.22.0&#8243; _module_preset=\u00bbdefault\u00bb text_font_size=\u00bb18px\u00bb custom_margin=\u00bb0px|||0px|false|false\u00bb custom_padding=\u00bb|||0px|false|false\u00bb hover_enabled=\u00bb0&#8243; global_colors_info=\u00bb{}\u00bb sticky_enabled=\u00bb0&#8243;]<\/p>\n<p>Nuestra empresa ha desarrollado programas de capacitaci\u00f3n, seminarios y conferencias internacionales que se ajustan a las necesidades espec\u00edficas de nuestros clientes. Estos incluyen una variedad de temas, como inversiones y administraci\u00f3n de carteras, finanzas corporativas, an\u00e1lisis de flujo de efectivo, mercados de capitales, econom\u00eda internacional, cumplimiento y lavado de dinero.<\/p>\n<p><strong>Todo lo que necesitas saber sobre los mercados de capitales.<\/strong><\/p>\n<p>Nuestro programa ha sido dise\u00f1ado espec\u00edficamente para proporcionar una comprensi\u00f3n completa de los instrumentos financieros que componen los mercados de capital locales y globales. El seminario que hemos organizado cubre an\u00e1lisis cualitativos y cuantitativos de empresas, lo que permite a los participantes evaluar datos financieros y tomar decisiones de inversi\u00f3n bien informadas. Durante este seminario, los participantes tendr\u00e1n la oportunidad de obtener una visi\u00f3n completa de los \u00edndices burs\u00e1tiles, lo que les permitir\u00e1 mantenerse al d\u00eda con las \u00faltimas tendencias del mercado.<\/p>\n<p>Adem\u00e1s, el programa brinda a los participantes una comprensi\u00f3n de los riesgos asociados con la inversi\u00f3n en valores. Este aspecto del programa es crucial, ya que los participantes estar\u00e1n equipados con las habilidades necesarias para evaluar y gestionar estos riesgos, lo cual es una parte esencial en la administraci\u00f3n de inversiones. Los riesgos que implica invertir en valores pueden tener un impacto significativo en las carteras de inversi\u00f3n y nuestro programa garantiza que los participantes est\u00e9n bien preparados para enfrentar estos desaf\u00edos.<\/p>\n<p>Por \u00faltimo, el programa tambi\u00e9n se centra en brindar experiencia pr\u00e1ctica en la administraci\u00f3n de carteras de inversi\u00f3n. Los participantes tendr\u00e1n la oportunidad de aprender sobre diversos aspectos como la construcci\u00f3n de carteras, la diversificaci\u00f3n y la gesti\u00f3n de riesgos. Esta parte del programa es particularmente importante ya que permite a los participantes aplicar sus conocimientos y habilidades para crear y mantener carteras de inversi\u00f3n exitosas.<\/p>\n<p><strong>Finanzas para no financieros.<\/strong><\/p>\n<p>Este programa est\u00e1 cuidadosamente dise\u00f1ado para brindar a los participantes una comprensi\u00f3n integral y detallada de c\u00f3mo operan las empresas. Cubre una amplia gama de temas, incluida la din\u00e1mica interdepartamental, la estructura organizacional y c\u00f3mo las diferentes unidades colaboran para lograr los objetivos de la empresa. Los participantes aprender\u00e1n c\u00f3mo navegar por las complejidades del mundo empresarial y obtendr\u00e1n informaci\u00f3n sobre las estrategias m\u00e1s efectivas para lograr la buena administraci\u00f3n de un negocio.<\/p>\n<p>Adem\u00e1s de esto, el programa proporciona una explicaci\u00f3n detallada de los factores que deben considerarse al realizar un an\u00e1lisis financiero. Cubre todo, desde la recopilaci\u00f3n de informaci\u00f3n crucial de m\u00faltiples fuentes, la preparaci\u00f3n de hojas de c\u00e1lculo y la interpretaci\u00f3n de los datos para obtener informaci\u00f3n fiable. Los participantes aprender\u00e1n a analizar el balance general, estado de resultados y estado de flujo de efectivo para evaluar la salud financiera de una empresa.<\/p>\n<p>Al final del programa, los participantes habr\u00e1n adquirido una comprensi\u00f3n de c\u00f3mo operan las empresas y las habilidades y conocimientos necesarios para tener \u00e9xito en el complejo entorno empresarial.<\/p>\n<p>[\/et_pb_text][\/et_pb_column][\/et_pb_row][\/et_pb_section]<\/p>","protected":false},"excerpt":{"rendered":"<p><div class=\"et_pb_module revslider_divi revslider_divi_0\">\n\t\t\t\t\n\t\t\t\t\n\t\t\t\t\n\t\t\t\t\n\t\t\t\t\n\t\t\t\t\n\t\t\t\t<div class=\"et_pb_module_inner\">\n\t\t\t\t\t\n\t\t\t<!-- START Seminarios REVOLUTION SLIDER 6.7.5 --><p class=\"rs-p-wp-fix\"><\/p>\n\t\t\t<rs-module-wrap id=\"rev_slider_19_1_wrapper\" data-source=\"gallery\" style=\"visibility:hidden;background:transparent;padding:0;margin:0px auto;margin-top:0;margin-bottom:0;\">\n\t\t\t\t<rs-module id=\"rev_slider_19_1\" style=\"\" data-version=\"6.7.5\">\n\t\t\t\t\t<rs-slides style=\"overflow: hidden; position: absolute;\">\n\t\t\t\t\t\t<rs-slide style=\"position: absolute;\" data-key=\"rs-27\" data-title=\"Slide\" data-anim=\"ms:600;\" data-in=\"o:0;\" data-out=\"a:false;\">\n\t\t\t\t\t\t\t<img decoding=\"async\" src=\"\/\/alphaconsulting.com.pa\/wp-content\/plugins\/revslider\/sr6\/assets\/assets\/dummy.png\" alt=\"\" title=\"about-team-bg-1024&#215;455\" width=\"1024\" height=\"455\" class=\"rev-slidebg tp-rs-img rs-lazyload\" data-lazyload=\"\/\/alphaconsulting.com.pa\/wp-content\/uploads\/2023\/12\/about-team-bg-1024x455-1.jpg\" data-bg=\"p:center top;\" data-parallax=\"off\" data-panzoom=\"d:10000;ss:100;se:110;\" data-no-retina>\n<!--\n\t\t\t\t\t\t\t--><rs-layer\n\t\t\t\t\t\t\t\tid=\"slider-19-slide-27-layer-1\" \n\t\t\t\t\t\t\t\tdata-type=\"text\"\n\t\t\t\t\t\t\t\tdata-rsp_ch=\"on\"\n\t\t\t\t\t\t\t\tdata-xy=\"x:l,l,l,c;xo:287px,198px,98px,9px;y:m;yo:70px,144px,189px,116px;\"\n\t\t\t\t\t\t\t\tdata-text=\"s:70,70,70,38;l:80,80,80,57;fw:700;a:center;\"\n\t\t\t\t\t\t\t\tdata-dim=\"w:718px;h:10px,10px,10px,59px;\"\n\t\t\t\t\t\t\t\tdata-frame_0=\"x:50px;\"\n\t\t\t\t\t\t\t\tdata-frame_1=\"sR:10;\"\n\t\t\t\t\t\t\t\tdata-frame_999=\"o:0;st:w;sR:8690;\"\n\t\t\t\t\t\t\t\tstyle=\"z-index:5;font-family:'Montserrat';\"\n\t\t\t\t\t\t\t>Seminars \n\t\t\t\t\t\t\t<\/rs-layer><!--\n-->\t\t\t\t\t<\/rs-slide>\n\t\t\t\t\t<\/rs-slides>\n\t\t\t\t<\/rs-module>\n\t\t\t\t<script>\n\t\t\t\t\tsetREVStartSize({c: 'rev_slider_19_1',rl:[1240,1024,778,480],el:[790,768,960,500],gw:[1300,1024,778,480],gh:[790,768,960,500],type:'standard',justify:'',layout:'fullwidth',mh:\"0\"});if (window.RS_MODULES!==undefined && window.RS_MODULES.modules!==undefined && window.RS_MODULES.modules[\"revslider191\"]!==undefined) {window.RS_MODULES.modules[\"revslider191\"].once = false;window.revapi19 = undefined;if (window.RS_MODULES.checkMinimal!==undefined) window.RS_MODULES.checkMinimal()}\n\t\t\t\t<\/script>\n\t\t\t<\/rs-module-wrap>\n\t\t\t<!-- END REVOLUTION SLIDER -->\n\n\t\t\t\t<\/div>\n\t\t\t<\/div>Seminarios Nuestra empresa ha desarrollado programas de capacitaci\u00f3n, seminarios y conferencias internacionales que se ajustan a las necesidades espec\u00edficas de nuestros clientes. Estos incluyen una variedad de temas, como inversiones y administraci\u00f3n de carteras, finanzas corporativas, an\u00e1lisis de flujo de efectivo, mercados de capitales, econom\u00eda internacional, cumplimiento y lavado [&hellip;]<\/p>","protected":false},"author":1,"featured_media":0,"parent":0,"menu_order":0,"comment_status":"closed","ping_status":"closed","template":"","meta":{"_et_pb_use_builder":"on","_et_pb_old_content":"","_et_gb_content_width":"","footnotes":""},"class_list":["post-2124","page","type-page","status-publish","hentry"],"yoast_head":"<!-- This site is optimized with the Yoast SEO plugin v22.5 - https:\/\/yoast.com\/wordpress\/plugins\/seo\/ -->\n<title>Seminarios - ::Alpha Consulting::<\/title>\n<meta name=\"robots\" content=\"index, follow, max-snippet:-1, max-image-preview:large, max-video-preview:-1\" \/>\n<link rel=\"canonical\" href=\"https:\/\/alphaconsulting.com.pa\/en\/seminarios\/\" \/>\n<meta property=\"og:locale\" content=\"en_US\" \/>\n<meta property=\"og:type\" content=\"article\" \/>\n<meta property=\"og:title\" content=\"Seminarios - ::Alpha Consulting::\" \/>\n<meta property=\"og:description\" content=\"Seminarios Nuestra empresa ha desarrollado programas de capacitaci\u00f3n, seminarios y conferencias internacionales que se ajustan a las necesidades espec\u00edficas de nuestros clientes. Estos incluyen una variedad de temas, como inversiones y administraci\u00f3n de carteras, finanzas corporativas, an\u00e1lisis de flujo de efectivo, mercados de capitales, econom\u00eda internacional, cumplimiento y lavado [&hellip;]\" \/>\n<meta property=\"og:url\" content=\"https:\/\/alphaconsulting.com.pa\/en\/seminarios\/\" \/>\n<meta property=\"og:site_name\" content=\"::Alpha Consulting::\" \/>\n<meta property=\"article:modified_time\" content=\"2024-04-12T14:23:07+00:00\" \/>\n<meta name=\"twitter:card\" content=\"summary_large_image\" \/>\n<meta name=\"twitter:label1\" content=\"Est. reading time\" \/>\n\t<meta name=\"twitter:data1\" content=\"4 minutes\" \/>\n<script type=\"application\/ld+json\" class=\"yoast-schema-graph\">{\"@context\":\"https:\/\/schema.org\",\"@graph\":[{\"@type\":\"WebPage\",\"@id\":\"https:\/\/alphaconsulting.com.pa\/seminarios\/\",\"url\":\"https:\/\/alphaconsulting.com.pa\/seminarios\/\",\"name\":\"Seminarios - ::Alpha Consulting::\",\"isPartOf\":{\"@id\":\"https:\/\/alphaconsulting.com.pa\/#website\"},\"datePublished\":\"2024-02-26T17:59:24+00:00\",\"dateModified\":\"2024-04-12T14:23:07+00:00\",\"breadcrumb\":{\"@id\":\"https:\/\/alphaconsulting.com.pa\/seminarios\/#breadcrumb\"},\"inLanguage\":\"en-US\",\"potentialAction\":[{\"@type\":\"ReadAction\",\"target\":[\"https:\/\/alphaconsulting.com.pa\/seminarios\/\"]}]},{\"@type\":\"BreadcrumbList\",\"@id\":\"https:\/\/alphaconsulting.com.pa\/seminarios\/#breadcrumb\",\"itemListElement\":[{\"@type\":\"ListItem\",\"position\":1,\"name\":\"Home\",\"item\":\"https:\/\/alphaconsulting.com.pa\/\"},{\"@type\":\"ListItem\",\"position\":2,\"name\":\"Seminarios\"}]},{\"@type\":\"WebSite\",\"@id\":\"https:\/\/alphaconsulting.com.pa\/#website\",\"url\":\"https:\/\/alphaconsulting.com.pa\/\",\"name\":\"::Alpha Consulting::\",\"description\":\"Entendemos tus finanzas\",\"publisher\":{\"@id\":\"https:\/\/alphaconsulting.com.pa\/#organization\"},\"potentialAction\":[{\"@type\":\"SearchAction\",\"target\":{\"@type\":\"EntryPoint\",\"urlTemplate\":\"https:\/\/alphaconsulting.com.pa\/?s={search_term_string}\"},\"query-input\":\"required name=search_term_string\"}],\"inLanguage\":\"en-US\"},{\"@type\":\"Organization\",\"@id\":\"https:\/\/alphaconsulting.com.pa\/#organization\",\"name\":\"::Alpha Consulting::\",\"url\":\"https:\/\/alphaconsulting.com.pa\/\",\"logo\":{\"@type\":\"ImageObject\",\"inLanguage\":\"en-US\",\"@id\":\"https:\/\/alphaconsulting.com.pa\/#\/schema\/logo\/image\/\",\"url\":\"https:\/\/alphaconsulting.com.pa\/wp-content\/uploads\/2023\/12\/logo-alpha-1.png\",\"contentUrl\":\"https:\/\/alphaconsulting.com.pa\/wp-content\/uploads\/2023\/12\/logo-alpha-1.png\",\"width\":500,\"height\":400,\"caption\":\"::Alpha Consulting::\"},\"image\":{\"@id\":\"https:\/\/alphaconsulting.com.pa\/#\/schema\/logo\/image\/\"}}]}<\/script>\n<!-- \/ Yoast SEO plugin. -->","yoast_head_json":{"title":"Seminarios - ::Alpha Consulting::","robots":{"index":"index","follow":"follow","max-snippet":"max-snippet:-1","max-image-preview":"max-image-preview:large","max-video-preview":"max-video-preview:-1"},"canonical":"https:\/\/alphaconsulting.com.pa\/en\/seminarios\/","og_locale":"en_US","og_type":"article","og_title":"Seminarios - ::Alpha Consulting::","og_description":"Seminarios Nuestra empresa ha desarrollado programas de capacitaci\u00f3n, seminarios y conferencias internacionales que se ajustan a las necesidades espec\u00edficas de nuestros clientes. Estos incluyen una variedad de temas, como inversiones y administraci\u00f3n de carteras, finanzas corporativas, an\u00e1lisis de flujo de efectivo, mercados de capitales, econom\u00eda internacional, cumplimiento y lavado [&hellip;]","og_url":"https:\/\/alphaconsulting.com.pa\/en\/seminarios\/","og_site_name":"::Alpha Consulting::","article_modified_time":"2024-04-12T14:23:07+00:00","twitter_card":"summary_large_image","twitter_misc":{"Est. reading time":"4 minutes"},"schema":{"@context":"https:\/\/schema.org","@graph":[{"@type":"WebPage","@id":"https:\/\/alphaconsulting.com.pa\/seminarios\/","url":"https:\/\/alphaconsulting.com.pa\/seminarios\/","name":"Seminarios - ::Alpha Consulting::","isPartOf":{"@id":"https:\/\/alphaconsulting.com.pa\/#website"},"datePublished":"2024-02-26T17:59:24+00:00","dateModified":"2024-04-12T14:23:07+00:00","breadcrumb":{"@id":"https:\/\/alphaconsulting.com.pa\/seminarios\/#breadcrumb"},"inLanguage":"en-US","potentialAction":[{"@type":"ReadAction","target":["https:\/\/alphaconsulting.com.pa\/seminarios\/"]}]},{"@type":"BreadcrumbList","@id":"https:\/\/alphaconsulting.com.pa\/seminarios\/#breadcrumb","itemListElement":[{"@type":"ListItem","position":1,"name":"Home","item":"https:\/\/alphaconsulting.com.pa\/"},{"@type":"ListItem","position":2,"name":"Seminarios"}]},{"@type":"WebSite","@id":"https:\/\/alphaconsulting.com.pa\/#website","url":"https:\/\/alphaconsulting.com.pa\/","name":"::Alpha Consulting::","description":"Entendemos tus finanzas","publisher":{"@id":"https:\/\/alphaconsulting.com.pa\/#organization"},"potentialAction":[{"@type":"SearchAction","target":{"@type":"EntryPoint","urlTemplate":"https:\/\/alphaconsulting.com.pa\/?s={search_term_string}"},"query-input":"required name=search_term_string"}],"inLanguage":"en-US"},{"@type":"Organization","@id":"https:\/\/alphaconsulting.com.pa\/#organization","name":"::Alpha Consulting::","url":"https:\/\/alphaconsulting.com.pa\/","logo":{"@type":"ImageObject","inLanguage":"en-US","@id":"https:\/\/alphaconsulting.com.pa\/#\/schema\/logo\/image\/","url":"https:\/\/alphaconsulting.com.pa\/wp-content\/uploads\/2023\/12\/logo-alpha-1.png","contentUrl":"https:\/\/alphaconsulting.com.pa\/wp-content\/uploads\/2023\/12\/logo-alpha-1.png","width":500,"height":400,"caption":"::Alpha Consulting::"},"image":{"@id":"https:\/\/alphaconsulting.com.pa\/#\/schema\/logo\/image\/"}}]}},"_links":{"self":[{"href":"https:\/\/alphaconsulting.com.pa\/en\/wp-json\/wp\/v2\/pages\/2124","targetHints":{"allow":["GET"]}}],"collection":[{"href":"https:\/\/alphaconsulting.com.pa\/en\/wp-json\/wp\/v2\/pages"}],"about":[{"href":"https:\/\/alphaconsulting.com.pa\/en\/wp-json\/wp\/v2\/types\/page"}],"author":[{"embeddable":true,"href":"https:\/\/alphaconsulting.com.pa\/en\/wp-json\/wp\/v2\/users\/1"}],"replies":[{"embeddable":true,"href":"https:\/\/alphaconsulting.com.pa\/en\/wp-json\/wp\/v2\/comments?post=2124"}],"version-history":[{"count":0,"href":"https:\/\/alphaconsulting.com.pa\/en\/wp-json\/wp\/v2\/pages\/2124\/revisions"}],"wp:attachment":[{"href":"https:\/\/alphaconsulting.com.pa\/en\/wp-json\/wp\/v2\/media?parent=2124"}],"curies":[{"name":"wp","href":"https:\/\/api.w.org\/{rel}","templated":true}]}}