{"id":2074,"date":"2024-02-26T17:57:37","date_gmt":"2024-02-26T16:57:37","guid":{"rendered":"https:\/\/alphaconsulting.com.pa\/?page_id=2074"},"modified":"2024-03-20T09:43:37","modified_gmt":"2024-03-20T14:43:37","slug":"analisis-financieros","status":"publish","type":"page","link":"https:\/\/alphaconsulting.com.pa\/en\/analisis-financieros\/","title":{"rendered":"Financial Analysis"},"content":{"rendered":"<p>[et_pb_section fb_built=\u00bb1&#8243; custom_padding_last_edited=\u00bbon|phone\u00bb _builder_version=\u00bb4.22.0&#8243; _module_preset=\u00bbdefault\u00bb custom_margin=\u00bb-180px||||false|false\u00bb custom_padding=\u00bb150px||100px||false|false\u00bb custom_padding_tablet=\u00bb150px||100px||false|false\u00bb custom_padding_phone=\u00bb10px||50px||false|false\u00bb global_colors_info=\u00bb{}\u00bb][et_pb_row _builder_version=\u00bb4.22.0&#8243; _module_preset=\u00bbdefault\u00bb width=\u00bb100%\u00bb max_width=\u00bb100%\u00bb global_colors_info=\u00bb{}\u00bb][et_pb_column type=\u00bb4_4&#8243; _builder_version=\u00bb4.22.0&#8243; _module_preset=\u00bbdefault\u00bb global_colors_info=\u00bb{}\u00bb][revslider_divi revslider_divi=\u00bb%91rev_slider alias=%22consultas-1%22 slidertitle=%22An\u00e1lisis Financieros%22%93%91\/rev_slider%93&#8243; _builder_version=\u00bb4.22.0&#8243; _module_preset=\u00bbdefault\u00bb global_colors_info=\u00bb{}\u00bb][\/revslider_divi][\/et_pb_column][\/et_pb_row][\/et_pb_section][et_pb_section fb_built=\u00bb1&#8243; custom_padding_last_edited=\u00bbon|desktop\u00bb _builder_version=\u00bb4.22.0&#8243; _module_preset=\u00bbdefault\u00bb max_width=\u00bb1600px\u00bb custom_margin=\u00bb100px||10px||false|false\u00bb custom_margin_tablet=\u00bb100px||||false|false\u00bb custom_margin_phone=\u00bb20px||||false|false\u00bb custom_margin_last_edited=\u00bbon|phone\u00bb custom_padding=\u00bb||40px||false|false\u00bb custom_padding_tablet=\u00bb||0px||false|false\u00bb custom_padding_phone=\u00bb150px||||false|false\u00bb global_colors_info=\u00bb{}\u00bb][et_pb_row _builder_version=\u00bb4.22.0&#8243; _module_preset=\u00bbdefault\u00bb max_width=\u00bb1650px\u00bb global_colors_info=\u00bb{}\u00bb][et_pb_column type=\u00bb4_4&#8243; _builder_version=\u00bb4.22.0&#8243; _module_preset=\u00bbdefault\u00bb global_colors_info=\u00bb{}\u00bb][et_pb_text _builder_version=\u00bb4.22.0&#8243; _module_preset=\u00bbdefault\u00bb header_2_font=\u00bbMontserrat||||||||\u00bb header_2_text_color=\u00bb#3740B0&#8243; custom_margin=\u00bb-210px|||0px|false|false\u00bb custom_padding=\u00bb|30px|||false|false\u00bb global_colors_info=\u00bb{%22gcid-6171fa7a-a6eb-4674-b5c6-adf556ae95b8%22:%91%22header_4_text_color%22,%22header_4_text_color%22%93}\u00bb]<\/p>\n<h2>Financial Analysis<\/h2>\n<p>[\/et_pb_text][et_pb_text _builder_version=\u00bb4.22.0&#8243; _module_preset=\u00bbdefault\u00bb text_font_size=\u00bb18px\u00bb custom_margin=\u00bb0px|||0px|false|false\u00bb custom_padding=\u00bb|||0px|false|false\u00bb hover_enabled=\u00bb0&#8243; global_colors_info=\u00bb{}\u00bb sticky_enabled=\u00bb0&#8243;]<\/p>\n<p>Our Financial Analysis service is designed to help you make informed decisions about your business finances. With our expert insights, you can better understand your current financial situation and identify areas for improvement. By leveraging our service, you can take control of your finances, increase your cash flow, and transform your enterprise into a more profitable venture.<\/p>\n<p><strong>How do we begin our mandate?<\/strong><\/p>\n<p>Our mandate begins by collecting and analyzing all your financial information. This enables us to understand your company's financial, administrative, and operational activities.  As a result, we can provide you with personalized strategies that will empower you to make informed financial decisions and increase your company's overall profitability.<\/p>\n<p><strong>What does the Financial Analysis service consist of?<\/strong><\/p>\n<p>If you want to enhance your financial management skills, adopting strategies that allow you to understand your company's cash flow is imperative. To achieve this, you can start by closely monitoring your earnings and expenses and analyzing this data to identify recurring patterns and trends. This will give you valuable insights to help you make informed decisions about your company\u2019s spending and set achievable financial goals that align with your business objectives.<\/p>\n<p><strong>What situations affect your company?<\/strong><\/p>\n<ol>\n<li>When making financial decisions, you do not possess all the relevant information and knowledge to measure the potential impact on your company.<\/li>\n<li>While sales have grown, this has not yet translated into higher profits and positive cash flow.<\/li>\n<li>Sometimes, the available cash may not be sufficient to cover all your financial or commercial obligations.<\/li>\n<li>You are interested in applying for a bank loan but are unsure about your credit eligibility.<\/li>\n<li>You are unsure if you can make capital expenditures.<\/li>\n<\/ol>\n<p><strong>What benefits can you expect from our Financial Analysis service?<\/strong><\/p>\n<ol>\n<li>Ensure your business plan and strategy align with your financial objectives.<\/li>\n<li>Identify the obstacles slowing your growth and preventing you from achieving your financial goals.<\/li>\n<li>The ability to evaluate your cash flow, debt level, and capacity to meet financial obligations to third parties.<\/li>\n<li>Implement financial measures that can help you better understand your income and expenses.<\/li>\n<\/ol>\n<p>[\/et_pb_text][\/et_pb_column][\/et_pb_row][\/et_pb_section]<\/p>","protected":false},"excerpt":{"rendered":"<p><div class=\"et_pb_module revslider_divi revslider_divi_0\">\n\t\t\t\t\n\t\t\t\t\n\t\t\t\t\n\t\t\t\t\n\t\t\t\t\n\t\t\t\t\n\t\t\t\t<div class=\"et_pb_module_inner\">\n\t\t\t\t\t\n\t\t\t<!-- START An\u00e1lisis Financieros REVOLUTION SLIDER 6.7.5 --><p class=\"rs-p-wp-fix\"><\/p>\n\t\t\t<rs-module-wrap id=\"rev_slider_23_1_wrapper\" data-source=\"gallery\" style=\"visibility:hidden;background:transparent;padding:0;margin:0px auto;margin-top:0;margin-bottom:0;\">\n\t\t\t\t<rs-module id=\"rev_slider_23_1\" style=\"\" data-version=\"6.7.5\">\n\t\t\t\t\t<rs-slides style=\"overflow: hidden; position: absolute;\">\n\t\t\t\t\t\t<rs-slide style=\"position: absolute;\" data-key=\"rs-31\" data-title=\"Slide\" data-anim=\"ms:600;\" data-in=\"o:0;\" data-out=\"a:false;\">\n\t\t\t\t\t\t\t<img decoding=\"async\" src=\"\/\/alphaconsulting.com.pa\/wp-content\/plugins\/revslider\/sr6\/assets\/assets\/dummy.png\" alt=\"\" title=\"about-team-bg-1024&#215;455\" width=\"1024\" height=\"455\" class=\"rev-slidebg tp-rs-img rs-lazyload\" data-lazyload=\"\/\/alphaconsulting.com.pa\/wp-content\/uploads\/2023\/12\/about-team-bg-1024x455-1.jpg\" data-bg=\"p:center top;\" data-parallax=\"off\" data-panzoom=\"d:10000;ss:100;se:110;\" data-no-retina>\n<!--\n\t\t\t\t\t\t\t--><rs-layer\n\t\t\t\t\t\t\t\tid=\"slider-23-slide-31-layer-1\" \n\t\t\t\t\t\t\t\tdata-type=\"text\"\n\t\t\t\t\t\t\t\tdata-rsp_ch=\"on\"\n\t\t\t\t\t\t\t\tdata-xy=\"x:l,l,l,c;xo:287px,287px,287px,-6px;y:m;yo:70px,70px,70px,92px;\"\n\t\t\t\t\t\t\t\tdata-text=\"s:70,70,70,38;l:80,80,80,57;fw:700;a:center;\"\n\t\t\t\t\t\t\t\tdata-dim=\"w:718px;h:10px,10px,10px,59px;\"\n\t\t\t\t\t\t\t\tdata-frame_0=\"x:50px;\"\n\t\t\t\t\t\t\t\tdata-frame_1=\"sR:10;\"\n\t\t\t\t\t\t\t\tdata-frame_999=\"o:0;st:w;sR:8690;\"\n\t\t\t\t\t\t\t\tstyle=\"z-index:5;font-family:'Montserrat';\"\n\t\t\t\t\t\t\t>Financial Analysis \n\t\t\t\t\t\t\t<\/rs-layer><!--\n-->\t\t\t\t\t<\/rs-slide>\n\t\t\t\t\t<\/rs-slides>\n\t\t\t\t<\/rs-module>\n\t\t\t\t<script>\n\t\t\t\t\tsetREVStartSize({c: 'rev_slider_23_1',rl:[1240,1024,778,480],el:[790,768,960,500],gw:[1300,1024,778,480],gh:[790,768,960,500],type:'standard',justify:'',layout:'fullwidth',mh:\"0\"});if (window.RS_MODULES!==undefined && window.RS_MODULES.modules!==undefined && window.RS_MODULES.modules[\"revslider231\"]!==undefined) {window.RS_MODULES.modules[\"revslider231\"].once = false;window.revapi23 = undefined;if (window.RS_MODULES.checkMinimal!==undefined) window.RS_MODULES.checkMinimal()}\n\t\t\t\t<\/script>\n\t\t\t<\/rs-module-wrap>\n\t\t\t<!-- END REVOLUTION SLIDER -->\n\n\t\t\t\t<\/div>\n\t\t\t<\/div>An\u00e1lisis financierosNuestro servicio de An\u00e1lisis Financiero est\u00e1 dise\u00f1ado para ayudarle a tomar decisiones informadas sobre las finanzas de su empresa. Con los conocimientos de nuestros expertos, podr\u00e1 comprender mejor su situaci\u00f3n financiera e identificar \u00e1reas de mejora. Al aprovechar nuestro servicio, puede tomar el control de sus finanzas, [&hellip;]<\/p>","protected":false},"author":1,"featured_media":0,"parent":0,"menu_order":0,"comment_status":"closed","ping_status":"closed","template":"","meta":{"_et_pb_use_builder":"on","_et_pb_old_content":"","_et_gb_content_width":"","footnotes":""},"class_list":["post-2074","page","type-page","status-publish","hentry"],"yoast_head":"<!-- This site is optimized with the Yoast SEO plugin v22.5 - https:\/\/yoast.com\/wordpress\/plugins\/seo\/ -->\n<title>An\u00e1lisis financieros - ::Alpha Consulting::<\/title>\n<meta name=\"robots\" content=\"index, follow, max-snippet:-1, max-image-preview:large, max-video-preview:-1\" \/>\n<link rel=\"canonical\" href=\"https:\/\/alphaconsulting.com.pa\/en\/analisis-financieros\/\" \/>\n<meta property=\"og:locale\" content=\"en_US\" \/>\n<meta property=\"og:type\" content=\"article\" \/>\n<meta property=\"og:title\" content=\"An\u00e1lisis financieros - ::Alpha Consulting::\" \/>\n<meta property=\"og:description\" content=\"An\u00e1lisis financierosNuestro servicio de An\u00e1lisis Financiero est\u00e1 dise\u00f1ado para ayudarle a tomar decisiones informadas sobre las finanzas de su empresa. Con los conocimientos de nuestros expertos, podr\u00e1 comprender mejor su situaci\u00f3n financiera e identificar \u00e1reas de mejora. Al aprovechar nuestro servicio, puede tomar el control de sus finanzas, [&hellip;]\" \/>\n<meta property=\"og:url\" content=\"https:\/\/alphaconsulting.com.pa\/en\/analisis-financieros\/\" \/>\n<meta property=\"og:site_name\" content=\"::Alpha Consulting::\" \/>\n<meta property=\"article:modified_time\" content=\"2024-03-20T14:43:37+00:00\" \/>\n<meta name=\"twitter:card\" content=\"summary_large_image\" \/>\n<meta name=\"twitter:label1\" content=\"Est. reading time\" \/>\n\t<meta name=\"twitter:data1\" content=\"3 minutes\" \/>\n<script type=\"application\/ld+json\" class=\"yoast-schema-graph\">{\"@context\":\"https:\/\/schema.org\",\"@graph\":[{\"@type\":\"WebPage\",\"@id\":\"https:\/\/alphaconsulting.com.pa\/analisis-financieros\/\",\"url\":\"https:\/\/alphaconsulting.com.pa\/analisis-financieros\/\",\"name\":\"An\u00e1lisis financieros - ::Alpha Consulting::\",\"isPartOf\":{\"@id\":\"https:\/\/alphaconsulting.com.pa\/#website\"},\"datePublished\":\"2024-02-26T16:57:37+00:00\",\"dateModified\":\"2024-03-20T14:43:37+00:00\",\"breadcrumb\":{\"@id\":\"https:\/\/alphaconsulting.com.pa\/analisis-financieros\/#breadcrumb\"},\"inLanguage\":\"en-US\",\"potentialAction\":[{\"@type\":\"ReadAction\",\"target\":[\"https:\/\/alphaconsulting.com.pa\/analisis-financieros\/\"]}]},{\"@type\":\"BreadcrumbList\",\"@id\":\"https:\/\/alphaconsulting.com.pa\/analisis-financieros\/#breadcrumb\",\"itemListElement\":[{\"@type\":\"ListItem\",\"position\":1,\"name\":\"Home\",\"item\":\"https:\/\/alphaconsulting.com.pa\/\"},{\"@type\":\"ListItem\",\"position\":2,\"name\":\"An\u00e1lisis financieros\"}]},{\"@type\":\"WebSite\",\"@id\":\"https:\/\/alphaconsulting.com.pa\/#website\",\"url\":\"https:\/\/alphaconsulting.com.pa\/\",\"name\":\"::Alpha Consulting::\",\"description\":\"Entendemos tus finanzas\",\"publisher\":{\"@id\":\"https:\/\/alphaconsulting.com.pa\/#organization\"},\"potentialAction\":[{\"@type\":\"SearchAction\",\"target\":{\"@type\":\"EntryPoint\",\"urlTemplate\":\"https:\/\/alphaconsulting.com.pa\/?s={search_term_string}\"},\"query-input\":\"required name=search_term_string\"}],\"inLanguage\":\"en-US\"},{\"@type\":\"Organization\",\"@id\":\"https:\/\/alphaconsulting.com.pa\/#organization\",\"name\":\"::Alpha Consulting::\",\"url\":\"https:\/\/alphaconsulting.com.pa\/\",\"logo\":{\"@type\":\"ImageObject\",\"inLanguage\":\"en-US\",\"@id\":\"https:\/\/alphaconsulting.com.pa\/#\/schema\/logo\/image\/\",\"url\":\"https:\/\/alphaconsulting.com.pa\/wp-content\/uploads\/2023\/12\/logo-alpha-1.png\",\"contentUrl\":\"https:\/\/alphaconsulting.com.pa\/wp-content\/uploads\/2023\/12\/logo-alpha-1.png\",\"width\":500,\"height\":400,\"caption\":\"::Alpha Consulting::\"},\"image\":{\"@id\":\"https:\/\/alphaconsulting.com.pa\/#\/schema\/logo\/image\/\"}}]}<\/script>\n<!-- \/ Yoast SEO plugin. -->","yoast_head_json":{"title":"An\u00e1lisis financieros - ::Alpha Consulting::","robots":{"index":"index","follow":"follow","max-snippet":"max-snippet:-1","max-image-preview":"max-image-preview:large","max-video-preview":"max-video-preview:-1"},"canonical":"https:\/\/alphaconsulting.com.pa\/en\/analisis-financieros\/","og_locale":"en_US","og_type":"article","og_title":"An\u00e1lisis financieros - ::Alpha Consulting::","og_description":"An\u00e1lisis financierosNuestro servicio de An\u00e1lisis Financiero est\u00e1 dise\u00f1ado para ayudarle a tomar decisiones informadas sobre las finanzas de su empresa. Con los conocimientos de nuestros expertos, podr\u00e1 comprender mejor su situaci\u00f3n financiera e identificar \u00e1reas de mejora. Al aprovechar nuestro servicio, puede tomar el control de sus finanzas, [&hellip;]","og_url":"https:\/\/alphaconsulting.com.pa\/en\/analisis-financieros\/","og_site_name":"::Alpha Consulting::","article_modified_time":"2024-03-20T14:43:37+00:00","twitter_card":"summary_large_image","twitter_misc":{"Est. reading time":"3 minutes"},"schema":{"@context":"https:\/\/schema.org","@graph":[{"@type":"WebPage","@id":"https:\/\/alphaconsulting.com.pa\/analisis-financieros\/","url":"https:\/\/alphaconsulting.com.pa\/analisis-financieros\/","name":"An\u00e1lisis financieros - ::Alpha Consulting::","isPartOf":{"@id":"https:\/\/alphaconsulting.com.pa\/#website"},"datePublished":"2024-02-26T16:57:37+00:00","dateModified":"2024-03-20T14:43:37+00:00","breadcrumb":{"@id":"https:\/\/alphaconsulting.com.pa\/analisis-financieros\/#breadcrumb"},"inLanguage":"en-US","potentialAction":[{"@type":"ReadAction","target":["https:\/\/alphaconsulting.com.pa\/analisis-financieros\/"]}]},{"@type":"BreadcrumbList","@id":"https:\/\/alphaconsulting.com.pa\/analisis-financieros\/#breadcrumb","itemListElement":[{"@type":"ListItem","position":1,"name":"Home","item":"https:\/\/alphaconsulting.com.pa\/"},{"@type":"ListItem","position":2,"name":"An\u00e1lisis financieros"}]},{"@type":"WebSite","@id":"https:\/\/alphaconsulting.com.pa\/#website","url":"https:\/\/alphaconsulting.com.pa\/","name":"::Alpha Consulting::","description":"Entendemos tus finanzas","publisher":{"@id":"https:\/\/alphaconsulting.com.pa\/#organization"},"potentialAction":[{"@type":"SearchAction","target":{"@type":"EntryPoint","urlTemplate":"https:\/\/alphaconsulting.com.pa\/?s={search_term_string}"},"query-input":"required name=search_term_string"}],"inLanguage":"en-US"},{"@type":"Organization","@id":"https:\/\/alphaconsulting.com.pa\/#organization","name":"::Alpha Consulting::","url":"https:\/\/alphaconsulting.com.pa\/","logo":{"@type":"ImageObject","inLanguage":"en-US","@id":"https:\/\/alphaconsulting.com.pa\/#\/schema\/logo\/image\/","url":"https:\/\/alphaconsulting.com.pa\/wp-content\/uploads\/2023\/12\/logo-alpha-1.png","contentUrl":"https:\/\/alphaconsulting.com.pa\/wp-content\/uploads\/2023\/12\/logo-alpha-1.png","width":500,"height":400,"caption":"::Alpha Consulting::"},"image":{"@id":"https:\/\/alphaconsulting.com.pa\/#\/schema\/logo\/image\/"}}]}},"_links":{"self":[{"href":"https:\/\/alphaconsulting.com.pa\/en\/wp-json\/wp\/v2\/pages\/2074","targetHints":{"allow":["GET"]}}],"collection":[{"href":"https:\/\/alphaconsulting.com.pa\/en\/wp-json\/wp\/v2\/pages"}],"about":[{"href":"https:\/\/alphaconsulting.com.pa\/en\/wp-json\/wp\/v2\/types\/page"}],"author":[{"embeddable":true,"href":"https:\/\/alphaconsulting.com.pa\/en\/wp-json\/wp\/v2\/users\/1"}],"replies":[{"embeddable":true,"href":"https:\/\/alphaconsulting.com.pa\/en\/wp-json\/wp\/v2\/comments?post=2074"}],"version-history":[{"count":0,"href":"https:\/\/alphaconsulting.com.pa\/en\/wp-json\/wp\/v2\/pages\/2074\/revisions"}],"wp:attachment":[{"href":"https:\/\/alphaconsulting.com.pa\/en\/wp-json\/wp\/v2\/media?parent=2074"}],"curies":[{"name":"wp","href":"https:\/\/api.w.org\/{rel}","templated":true}]}}