{"id":2058,"date":"2024-02-26T17:46:03","date_gmt":"2024-02-26T16:46:03","guid":{"rendered":"https:\/\/alphaconsulting.com.pa\/?page_id=2058"},"modified":"2024-03-20T09:53:15","modified_gmt":"2024-03-20T14:53:15","slug":"valoracion-de-empresas","status":"publish","type":"page","link":"https:\/\/alphaconsulting.com.pa\/en\/valoracion-de-empresas\/","title":{"rendered":"Business Valuations"},"content":{"rendered":"<p>[et_pb_section fb_built=\u00bb1&#8243; custom_padding_last_edited=\u00bbon|phone\u00bb _builder_version=\u00bb4.22.0&#8243; _module_preset=\u00bbdefault\u00bb custom_margin=\u00bb-180px||||false|false\u00bb custom_padding=\u00bb150px||100px||false|false\u00bb custom_padding_tablet=\u00bb150px||100px||false|false\u00bb custom_padding_phone=\u00bb10px||50px||false|false\u00bb global_colors_info=\u00bb{}\u00bb][et_pb_row _builder_version=\u00bb4.22.0&#8243; _module_preset=\u00bbdefault\u00bb width=\u00bb100%\u00bb max_width=\u00bb100%\u00bb global_colors_info=\u00bb{}\u00bb][et_pb_column type=\u00bb4_4&#8243; _builder_version=\u00bb4.22.0&#8243; _module_preset=\u00bbdefault\u00bb global_colors_info=\u00bb{}\u00bb][revslider_divi revslider_divi=\u00bb%91rev_slider alias=%22director-financiero-externo-cfo-1%22 slidertitle=%22Valoraci\u00f3n de Empresas%22%93%91\/rev_slider%93&#8243; _builder_version=\u00bb4.22.0&#8243; _module_preset=\u00bbdefault\u00bb global_colors_info=\u00bb{}\u00bb][\/revslider_divi][\/et_pb_column][\/et_pb_row][\/et_pb_section][et_pb_section fb_built=\u00bb1&#8243; custom_padding_last_edited=\u00bbon|desktop\u00bb _builder_version=\u00bb4.22.0&#8243; _module_preset=\u00bbdefault\u00bb max_width=\u00bb1600px\u00bb custom_margin=\u00bb100px||10px||false|false\u00bb custom_margin_tablet=\u00bb100px||||false|false\u00bb custom_margin_phone=\u00bb20px||||false|false\u00bb custom_margin_last_edited=\u00bbon|phone\u00bb custom_padding=\u00bb||40px||false|false\u00bb custom_padding_tablet=\u00bb||0px||false|false\u00bb custom_padding_phone=\u00bb150px||||false|false\u00bb hover_enabled=\u00bb0&#8243; global_colors_info=\u00bb{}\u00bb sticky_enabled=\u00bb0&#8243;][et_pb_row _builder_version=\u00bb4.22.0&#8243; _module_preset=\u00bbdefault\u00bb max_width=\u00bb1650px\u00bb global_colors_info=\u00bb{}\u00bb][et_pb_column type=\u00bb4_4&#8243; _builder_version=\u00bb4.22.0&#8243; _module_preset=\u00bbdefault\u00bb global_colors_info=\u00bb{}\u00bb][et_pb_text _builder_version=\u00bb4.22.0&#8243; _module_preset=\u00bbdefault\u00bb header_2_font=\u00bbMontserrat||||||||\u00bb header_2_text_color=\u00bb#3740B0&#8243; custom_margin=\u00bb-210px|||0px|false|false\u00bb custom_padding=\u00bb|30px|||false|false\u00bb global_colors_info=\u00bb{%22gcid-6171fa7a-a6eb-4674-b5c6-adf556ae95b8%22:%91%22header_4_text_color%22,%22header_4_text_color%22%93}\u00bb]<\/p>\n<h2>Business Valuations<\/h2>\n<p>[\/et_pb_text][et_pb_text _builder_version=\u00bb4.22.0&#8243; _module_preset=\u00bbdefault\u00bb text_font_size=\u00bb18px\u00bb custom_margin=\u00bb0px|||0px|false|false\u00bb custom_padding=\u00bb|||0px|false|false\u00bb hover_enabled=\u00bb0&#8243; global_colors_info=\u00bb{}\u00bb sticky_enabled=\u00bb0&#8243;]<\/p>\n<p>Our Business Valuation service offers a detailed and comprehensive approach to accurately determining your company's economic value. We consider several key factors that can affect the company's overall value. First, we analyze the company's commercial activities, including sales, marketing, and other revenue-generating activities. Second, we consider the company's growth rate, which can provide insight into its future earning potential. We also evaluate the company's productivity, efficiency, effectiveness, and other operational metrics that can impact its bottom line.<\/p>\n<p>Moreover, we closely examine the company's ongoing projects to determine their potential profits and risks. We also assess the value of any patents or intellectual property held by the company, which can significantly impact its overall value. Finally, we evaluate the company's equity level to determine how much ownership is held by shareholders.<\/p>\n<p><b>How do we begin our mandate?<\/b><\/p>\n<p>The valuation process starts with thoroughly examining the company's accounting information. You must provide us with significant historical financial data on your business to ensure an accurate result. This helps us understand your company's financial history and performance, which gives us a better perspective of its current state. By doing so, we can provide you with a present value that accurately reflects your company's economic and market value and the environment in which it operates.<\/p>\n<p><b>Methods of Business Valuation<\/b><\/p>\n<p><b>Asset-Based Valuation<\/b><\/p>\n<p>Asset-based valuation methods are a type of financial analysis that helps determine a company's value. These methods consider the company's net assets, which include all its tangible and intangible assets (such as real estate, investments, patents, and trademarks) minus its liabilities (such as debt and other financial obligations). These methods are instrumental when a company's intrinsic value is closely tied to its physical or intellectual assets, providing a more accurate picture of its overall worth.<\/p>\n<p>Most used methods \u2013 Asset-based valuation.<\/p>\n<ol>\n<li>Book Value Method.<\/li>\n<li>Liquidation Value Method.<\/li>\n<li>Replacement Cost Method.<\/li>\n<\/ol>\n<p><b>Income-Based Valuation<\/b><\/p>\n<p>Income-based valuation methods are a type of financial analysis used to determine the value of a company based on its expected future income-generating potential. These methods consider various factors, such as the company's historical financial performance, growth prospects, and industry trends, to arrive at a realistic estimate of its future income.<\/p>\n<p>Once the expected future income is determined, it is discounted back to its present value using a discount rate that reflects the time value of money, inflation, and risk. This process lets us determine the company's current valuation and make informed decisions about its financial health and growth prospects.<\/p>\n<p>Most used methods \u2013 Income-based valuation.<\/p>\n<ol>\n<li>Discounted Cash Flow (DCF) Analysis.<\/li>\n<li>Earnings-based Valuation.<\/li>\n<li>Capitalization of Earnings.<\/li>\n<li>Income Multiplier Method.<\/li>\n<li>Dividend Discount Model (DDM).<\/li>\n<\/ol>\n<p><strong>Market-Based Valuation<\/strong><\/p>\n<p>The market-based approach is a popular method of business valuation that involves comparing the company being valued to similar businesses in the market. This approach analyzes comparable companies or transactions to determine valuation multiples such as price-to-earnings or price-to-sales ratios, which are then applied to the valued company.<\/p>\n<p>The market-based approach is particularly useful for valuing companies operating in well-established industries with comparable businesses or transactions. By comparing a company to its peers, investors can gain insight into its relative performance and prospects for growth.<\/p>\n<p>Most used methods \u2013 Market-based valuation.<\/p>\n<ol>\n<li>Comparable Company Analysis (CCA).<\/li>\n<li>Market Capitalization.<\/li>\n<li>Precedent Transactions Analysis (PTA).<\/li>\n<\/ol>\n<p><strong>What are the benefits of Business Valuation?<\/strong><\/p>\n<p>By conducting an in-depth business valuation, we can help you better understand your company\u2019s financial performance and position in the market. Whether you want to make informed investment decisions, sell your business, or know your company's worth, our business valuation service can provide valuable insights.<\/p>\n<p>[\/et_pb_text][\/et_pb_column][\/et_pb_row][\/et_pb_section]<\/p>","protected":false},"excerpt":{"rendered":"<p><div class=\"et_pb_module revslider_divi revslider_divi_0\">\n\t\t\t\t\n\t\t\t\t\n\t\t\t\t\n\t\t\t\t\n\t\t\t\t\n\t\t\t\t\n\t\t\t\t<div class=\"et_pb_module_inner\">\n\t\t\t\t\t\n\t\t\t<!-- START Valoraci\u00f3n de Empresas REVOLUTION SLIDER 6.7.5 --><p class=\"rs-p-wp-fix\"><\/p>\n\t\t\t<rs-module-wrap id=\"rev_slider_13_1_wrapper\" data-source=\"gallery\" style=\"visibility:hidden;background:transparent;padding:0;margin:0px auto;margin-top:0;margin-bottom:0;\">\n\t\t\t\t<rs-module id=\"rev_slider_13_1\" style=\"\" data-version=\"6.7.5\">\n\t\t\t\t\t<rs-slides style=\"overflow: hidden; position: absolute;\">\n\t\t\t\t\t\t<rs-slide style=\"position: absolute;\" data-key=\"rs-21\" data-title=\"Slide\" data-anim=\"ms:600;\" data-in=\"o:0;\" data-out=\"a:false;\">\n\t\t\t\t\t\t\t<img decoding=\"async\" src=\"\/\/alphaconsulting.com.pa\/wp-content\/plugins\/revslider\/sr6\/assets\/assets\/dummy.png\" alt=\"\" title=\"about-team-bg-1024&#215;455\" width=\"1024\" height=\"455\" class=\"rev-slidebg tp-rs-img rs-lazyload\" data-lazyload=\"\/\/alphaconsulting.com.pa\/wp-content\/uploads\/2023\/12\/about-team-bg-1024x455-1.jpg\" data-bg=\"p:center top;\" data-parallax=\"off\" data-panzoom=\"d:10000;ss:100;se:110;\" data-no-retina>\n<!--\n\t\t\t\t\t\t\t--><rs-layer\n\t\t\t\t\t\t\t\tid=\"slider-13-slide-21-layer-1\" \n\t\t\t\t\t\t\t\tdata-type=\"text\"\n\t\t\t\t\t\t\t\tdata-rsp_ch=\"on\"\n\t\t\t\t\t\t\t\tdata-xy=\"x:l,l,l,c;xo:212px,212px,72px,-4px;y:m;yo:97px,97px,52px,100px;\"\n\t\t\t\t\t\t\t\tdata-text=\"s:70,70,50,38;l:auto,auto,auto,57;fw:700;a:center;\"\n\t\t\t\t\t\t\t\tdata-dim=\"h:auto,auto,auto,59px;\"\n\t\t\t\t\t\t\t\tdata-frame_0=\"x:50px;\"\n\t\t\t\t\t\t\t\tdata-frame_1=\"sR:10;\"\n\t\t\t\t\t\t\t\tdata-frame_999=\"o:0;st:w;sR:8690;\"\n\t\t\t\t\t\t\t\tstyle=\"z-index:5;font-family:'Montserrat';\"\n\t\t\t\t\t\t\t>Business Valuations \n\t\t\t\t\t\t\t<\/rs-layer><!--\n-->\t\t\t\t\t<\/rs-slide>\n\t\t\t\t\t<\/rs-slides>\n\t\t\t\t<\/rs-module>\n\t\t\t\t<script>\n\t\t\t\t\tsetREVStartSize({c: 'rev_slider_13_1',rl:[1240,1024,778,480],el:[790,768,960,500],gw:[1300,1024,778,480],gh:[790,768,960,500],type:'standard',justify:'',layout:'fullwidth',mh:\"0\"});if (window.RS_MODULES!==undefined && window.RS_MODULES.modules!==undefined && window.RS_MODULES.modules[\"revslider131\"]!==undefined) {window.RS_MODULES.modules[\"revslider131\"].once = false;window.revapi13 = undefined;if (window.RS_MODULES.checkMinimal!==undefined) window.RS_MODULES.checkMinimal()}\n\t\t\t\t<\/script>\n\t\t\t<\/rs-module-wrap>\n\t\t\t<!-- END REVOLUTION SLIDER -->\n\n\t\t\t\t<\/div>\n\t\t\t<\/div>Valoraci\u00f3n de EmpresasNuestro servicio de Valoraci\u00f3n de Empresas ofrece un enfoque detallado e integral para determinar con precisi\u00f3n el valor econ\u00f3mico de su empresa. Consideramos varios factores clave que pueden afectar el valor de su empresa. Primero, analizamos sus actividades comerciales, incluidas las ventas, mercadeo y otras [&hellip;]<\/p>","protected":false},"author":1,"featured_media":0,"parent":0,"menu_order":0,"comment_status":"closed","ping_status":"closed","template":"","meta":{"_et_pb_use_builder":"on","_et_pb_old_content":"","_et_gb_content_width":"","footnotes":""},"class_list":["post-2058","page","type-page","status-publish","hentry"],"yoast_head":"<!-- This site is optimized with the Yoast SEO plugin v22.5 - https:\/\/yoast.com\/wordpress\/plugins\/seo\/ -->\n<title>Valoraci\u00f3n de Empresas - ::Alpha Consulting::<\/title>\n<meta name=\"robots\" content=\"index, follow, max-snippet:-1, max-image-preview:large, max-video-preview:-1\" \/>\n<link rel=\"canonical\" href=\"https:\/\/alphaconsulting.com.pa\/en\/valoracion-de-empresas\/\" \/>\n<meta property=\"og:locale\" content=\"en_US\" \/>\n<meta property=\"og:type\" content=\"article\" \/>\n<meta property=\"og:title\" content=\"Valoraci\u00f3n de Empresas - ::Alpha Consulting::\" \/>\n<meta property=\"og:description\" content=\"Valoraci\u00f3n de EmpresasNuestro servicio de Valoraci\u00f3n de Empresas ofrece un enfoque detallado e integral para determinar con precisi\u00f3n el valor econ\u00f3mico de su empresa. Consideramos varios factores clave que pueden afectar el valor de su empresa. Primero, analizamos sus actividades comerciales, incluidas las ventas, mercadeo y otras [&hellip;]\" \/>\n<meta property=\"og:url\" content=\"https:\/\/alphaconsulting.com.pa\/en\/valoracion-de-empresas\/\" \/>\n<meta property=\"og:site_name\" content=\"::Alpha Consulting::\" \/>\n<meta property=\"article:modified_time\" content=\"2024-03-20T14:53:15+00:00\" \/>\n<meta name=\"twitter:card\" content=\"summary_large_image\" \/>\n<meta name=\"twitter:label1\" content=\"Est. reading time\" \/>\n\t<meta name=\"twitter:data1\" content=\"5 minutes\" \/>\n<script type=\"application\/ld+json\" class=\"yoast-schema-graph\">{\"@context\":\"https:\/\/schema.org\",\"@graph\":[{\"@type\":\"WebPage\",\"@id\":\"https:\/\/alphaconsulting.com.pa\/valoracion-de-empresas\/\",\"url\":\"https:\/\/alphaconsulting.com.pa\/valoracion-de-empresas\/\",\"name\":\"Valoraci\u00f3n de Empresas - ::Alpha Consulting::\",\"isPartOf\":{\"@id\":\"https:\/\/alphaconsulting.com.pa\/#website\"},\"datePublished\":\"2024-02-26T16:46:03+00:00\",\"dateModified\":\"2024-03-20T14:53:15+00:00\",\"breadcrumb\":{\"@id\":\"https:\/\/alphaconsulting.com.pa\/valoracion-de-empresas\/#breadcrumb\"},\"inLanguage\":\"en-US\",\"potentialAction\":[{\"@type\":\"ReadAction\",\"target\":[\"https:\/\/alphaconsulting.com.pa\/valoracion-de-empresas\/\"]}]},{\"@type\":\"BreadcrumbList\",\"@id\":\"https:\/\/alphaconsulting.com.pa\/valoracion-de-empresas\/#breadcrumb\",\"itemListElement\":[{\"@type\":\"ListItem\",\"position\":1,\"name\":\"Home\",\"item\":\"https:\/\/alphaconsulting.com.pa\/\"},{\"@type\":\"ListItem\",\"position\":2,\"name\":\"Valoraci\u00f3n de Empresas\"}]},{\"@type\":\"WebSite\",\"@id\":\"https:\/\/alphaconsulting.com.pa\/#website\",\"url\":\"https:\/\/alphaconsulting.com.pa\/\",\"name\":\"::Alpha Consulting::\",\"description\":\"Entendemos tus finanzas\",\"publisher\":{\"@id\":\"https:\/\/alphaconsulting.com.pa\/#organization\"},\"potentialAction\":[{\"@type\":\"SearchAction\",\"target\":{\"@type\":\"EntryPoint\",\"urlTemplate\":\"https:\/\/alphaconsulting.com.pa\/?s={search_term_string}\"},\"query-input\":\"required name=search_term_string\"}],\"inLanguage\":\"en-US\"},{\"@type\":\"Organization\",\"@id\":\"https:\/\/alphaconsulting.com.pa\/#organization\",\"name\":\"::Alpha Consulting::\",\"url\":\"https:\/\/alphaconsulting.com.pa\/\",\"logo\":{\"@type\":\"ImageObject\",\"inLanguage\":\"en-US\",\"@id\":\"https:\/\/alphaconsulting.com.pa\/#\/schema\/logo\/image\/\",\"url\":\"https:\/\/alphaconsulting.com.pa\/wp-content\/uploads\/2023\/12\/logo-alpha-1.png\",\"contentUrl\":\"https:\/\/alphaconsulting.com.pa\/wp-content\/uploads\/2023\/12\/logo-alpha-1.png\",\"width\":500,\"height\":400,\"caption\":\"::Alpha Consulting::\"},\"image\":{\"@id\":\"https:\/\/alphaconsulting.com.pa\/#\/schema\/logo\/image\/\"}}]}<\/script>\n<!-- \/ Yoast SEO plugin. -->","yoast_head_json":{"title":"Valoraci\u00f3n de Empresas - ::Alpha Consulting::","robots":{"index":"index","follow":"follow","max-snippet":"max-snippet:-1","max-image-preview":"max-image-preview:large","max-video-preview":"max-video-preview:-1"},"canonical":"https:\/\/alphaconsulting.com.pa\/en\/valoracion-de-empresas\/","og_locale":"en_US","og_type":"article","og_title":"Valoraci\u00f3n de Empresas - ::Alpha Consulting::","og_description":"Valoraci\u00f3n de EmpresasNuestro servicio de Valoraci\u00f3n de Empresas ofrece un enfoque detallado e integral para determinar con precisi\u00f3n el valor econ\u00f3mico de su empresa. Consideramos varios factores clave que pueden afectar el valor de su empresa. Primero, analizamos sus actividades comerciales, incluidas las ventas, mercadeo y otras [&hellip;]","og_url":"https:\/\/alphaconsulting.com.pa\/en\/valoracion-de-empresas\/","og_site_name":"::Alpha Consulting::","article_modified_time":"2024-03-20T14:53:15+00:00","twitter_card":"summary_large_image","twitter_misc":{"Est. reading time":"5 minutes"},"schema":{"@context":"https:\/\/schema.org","@graph":[{"@type":"WebPage","@id":"https:\/\/alphaconsulting.com.pa\/valoracion-de-empresas\/","url":"https:\/\/alphaconsulting.com.pa\/valoracion-de-empresas\/","name":"Valoraci\u00f3n de Empresas - ::Alpha Consulting::","isPartOf":{"@id":"https:\/\/alphaconsulting.com.pa\/#website"},"datePublished":"2024-02-26T16:46:03+00:00","dateModified":"2024-03-20T14:53:15+00:00","breadcrumb":{"@id":"https:\/\/alphaconsulting.com.pa\/valoracion-de-empresas\/#breadcrumb"},"inLanguage":"en-US","potentialAction":[{"@type":"ReadAction","target":["https:\/\/alphaconsulting.com.pa\/valoracion-de-empresas\/"]}]},{"@type":"BreadcrumbList","@id":"https:\/\/alphaconsulting.com.pa\/valoracion-de-empresas\/#breadcrumb","itemListElement":[{"@type":"ListItem","position":1,"name":"Home","item":"https:\/\/alphaconsulting.com.pa\/"},{"@type":"ListItem","position":2,"name":"Valoraci\u00f3n de Empresas"}]},{"@type":"WebSite","@id":"https:\/\/alphaconsulting.com.pa\/#website","url":"https:\/\/alphaconsulting.com.pa\/","name":"::Alpha Consulting::","description":"Entendemos tus finanzas","publisher":{"@id":"https:\/\/alphaconsulting.com.pa\/#organization"},"potentialAction":[{"@type":"SearchAction","target":{"@type":"EntryPoint","urlTemplate":"https:\/\/alphaconsulting.com.pa\/?s={search_term_string}"},"query-input":"required name=search_term_string"}],"inLanguage":"en-US"},{"@type":"Organization","@id":"https:\/\/alphaconsulting.com.pa\/#organization","name":"::Alpha Consulting::","url":"https:\/\/alphaconsulting.com.pa\/","logo":{"@type":"ImageObject","inLanguage":"en-US","@id":"https:\/\/alphaconsulting.com.pa\/#\/schema\/logo\/image\/","url":"https:\/\/alphaconsulting.com.pa\/wp-content\/uploads\/2023\/12\/logo-alpha-1.png","contentUrl":"https:\/\/alphaconsulting.com.pa\/wp-content\/uploads\/2023\/12\/logo-alpha-1.png","width":500,"height":400,"caption":"::Alpha Consulting::"},"image":{"@id":"https:\/\/alphaconsulting.com.pa\/#\/schema\/logo\/image\/"}}]}},"_links":{"self":[{"href":"https:\/\/alphaconsulting.com.pa\/en\/wp-json\/wp\/v2\/pages\/2058","targetHints":{"allow":["GET"]}}],"collection":[{"href":"https:\/\/alphaconsulting.com.pa\/en\/wp-json\/wp\/v2\/pages"}],"about":[{"href":"https:\/\/alphaconsulting.com.pa\/en\/wp-json\/wp\/v2\/types\/page"}],"author":[{"embeddable":true,"href":"https:\/\/alphaconsulting.com.pa\/en\/wp-json\/wp\/v2\/users\/1"}],"replies":[{"embeddable":true,"href":"https:\/\/alphaconsulting.com.pa\/en\/wp-json\/wp\/v2\/comments?post=2058"}],"version-history":[{"count":0,"href":"https:\/\/alphaconsulting.com.pa\/en\/wp-json\/wp\/v2\/pages\/2058\/revisions"}],"wp:attachment":[{"href":"https:\/\/alphaconsulting.com.pa\/en\/wp-json\/wp\/v2\/media?parent=2058"}],"curies":[{"name":"wp","href":"https:\/\/api.w.org\/{rel}","templated":true}]}}