{"id":2051,"date":"2024-02-26T17:32:20","date_gmt":"2024-02-26T16:32:20","guid":{"rendered":"https:\/\/alphaconsulting.com.pa\/?page_id=2051"},"modified":"2024-03-20T09:12:21","modified_gmt":"2024-03-20T14:12:21","slug":"director-financiero-externo-cfo","status":"publish","type":"page","link":"https:\/\/alphaconsulting.com.pa\/en\/director-financiero-externo-cfo\/","title":{"rendered":"Chief Financial Officer (CFO) Outsourcing"},"content":{"rendered":"<p>[et_pb_section fb_built=\u00bb1&#8243; custom_padding_last_edited=\u00bbon|phone\u00bb _builder_version=\u00bb4.22.0&#8243; _module_preset=\u00bbdefault\u00bb custom_margin=\u00bb-180px||||false|false\u00bb custom_padding=\u00bb150px||100px||false|false\u00bb custom_padding_tablet=\u00bb150px||100px||false|false\u00bb custom_padding_phone=\u00bb10px||50px||false|false\u00bb global_colors_info=\u00bb{}\u00bb][et_pb_row _builder_version=\u00bb4.22.0&#8243; _module_preset=\u00bbdefault\u00bb width=\u00bb100%\u00bb max_width=\u00bb100%\u00bb global_colors_info=\u00bb{}\u00bb][et_pb_column type=\u00bb4_4&#8243; _builder_version=\u00bb4.22.0&#8243; _module_preset=\u00bbdefault\u00bb global_colors_info=\u00bb{}\u00bb][revslider_divi revslider_divi=\u00bb%91rev_slider alias=%22analisis-financieros-1%22 slidertitle=%22Director Financiero Externo (CFO)%22%93%91\/rev_slider%93&#8243; _builder_version=\u00bb4.22.0&#8243; _module_preset=\u00bbdefault\u00bb global_colors_info=\u00bb{}\u00bb][\/revslider_divi][\/et_pb_column][\/et_pb_row][\/et_pb_section][et_pb_section fb_built=\u00bb1&#8243; custom_padding_last_edited=\u00bbon|desktop\u00bb _builder_version=\u00bb4.22.0&#8243; _module_preset=\u00bbdefault\u00bb max_width=\u00bb1600px\u00bb custom_margin=\u00bb100px||10px||false|false\u00bb custom_margin_tablet=\u00bb100px||||false|false\u00bb custom_margin_phone=\u00bb20px||||false|false\u00bb custom_margin_last_edited=\u00bbon|phone\u00bb custom_padding=\u00bb||40px||false|false\u00bb custom_padding_tablet=\u00bb||0px||false|false\u00bb custom_padding_phone=\u00bb150px||||false|false\u00bb hover_enabled=\u00bb0&#8243; global_colors_info=\u00bb{}\u00bb sticky_enabled=\u00bb0&#8243;][et_pb_row _builder_version=\u00bb4.22.0&#8243; _module_preset=\u00bbdefault\u00bb max_width=\u00bb1650px\u00bb global_colors_info=\u00bb{}\u00bb][et_pb_column type=\u00bb4_4&#8243; _builder_version=\u00bb4.22.0&#8243; _module_preset=\u00bbdefault\u00bb global_colors_info=\u00bb{}\u00bb][et_pb_text _builder_version=\u00bb4.22.0&#8243; _module_preset=\u00bbdefault\u00bb header_2_font=\u00bbMontserrat||||||||\u00bb header_2_text_color=\u00bb#3740B0&#8243; custom_margin=\u00bb-210px|||0px|false|false\u00bb custom_padding=\u00bb|30px|||false|false\u00bb global_colors_info=\u00bb{%22gcid-6171fa7a-a6eb-4674-b5c6-adf556ae95b8%22:%91%22header_4_text_color%22,%22header_4_text_color%22%93}\u00bb]<\/p>\n<h2>Chief Financial Officer (CFO) Outsourcing<\/h2>\n<p>[\/et_pb_text][et_pb_text _builder_version=\u00bb4.22.0&#8243; _module_preset=\u00bbdefault\u00bb text_font_size=\u00bb18px\u00bb custom_margin=\u00bb0px|||0px|false|false\u00bb custom_padding=\u00bb|||0px|false|false\u00bb global_colors_info=\u00bb{}\u00bb]Nuestro servicio ofrece una oportunidad \u00fanica de subcontratar un director financiero externo altamente capacitado que le brindar\u00e1 orientaci\u00f3n y apoyo a su empresa.  Nuestros directores financieros poseen un profundo conocimiento y experiencia en finanzas, estrategias de negocios, contabilidad y administraci\u00f3n de empresas para ayudar a que su negocio prospere.<\/p>\n<p>With our service, you will have access to a dedicated CFO who will work with you to understand your company's unique needs and goals. They will provide tailored advice specifically designed to help your business succeed. Our CFOs will help you identify areas for improvement, develop strategies to increase profitability, and provide support and guidance in all areas of finance and operations.<\/p>\n<p>Our CFOs are well-versed in all aspects of financial management, including budgeting, forecasting, risk management, and financial analysis. They have a proven track record of success in helping businesses of all sizes and industries achieve their financial goals.<\/p>\n<p>By outsourcing your CFO, you can focus on other essential aspects of your business while still receiving the expert financial guidance and support you need. Our service is designed to help your business succeed, and our CFOs are committed to providing each client with the highest level of service and support.<\/p>\n<p><strong>How do we begin our mandate?<\/strong><\/p>\n<p>Our company reviews your firm's accounting and financial systems, compiling all financial information, including audited and unaudited financial statements, financial budgets, and annual projections.<br><br>\n\nWe gather all the necessary financial information and create a robust Executive Report that analyzes and interprets your company's financial statements and operational data. Our expert team evaluates percentage variations and changes in growth rates and conducts a comprehensive trend analysis on the accounts that show the highest variation. <br><br>\n\nWe also scrutinize financial ratios such as liquidity, financial debt, profitability, administrative efficiency, operational efficiency, and the DuPont Analysis to identify your business's strengths and weaknesses. Our Executive Report will provide a clear and concise picture of your business's financial position and give you actionable insights.  <\/p>\n<p><strong>Professional Advice: The Role of an External CFO<\/strong><\/p>\n<p>After conducting a thorough financial analysis of your company, the Chief Financial Officer (CFO) is prepared to implement the recommendations in the Executive Report. The CFO\u2019s primary role is to execute operational strategies and make sound financial decisions to ensure the smooth functioning of the business.<\/p>\n<p>The CFO analyzes essential financial information affecting your company's budget and cash flow. This helps mitigate potential risks associated with your industry while identifying market opportunities. Additionally, the CFO gains accurate knowledge of the company's financial situation and can take prompt corrective action if needed.<\/p>\n<p>The CFO provides a Monthly Executive Report detailing your financial situation and overall performance. This report analyzes your current liquidity, debt, profitability, management effectiveness, and operational efficiency and highlights growth opportunities. It also includes an examination of the economy and industry and any operational adjustments or changes that may have affected the company during that period. The report is prepared concisely to ensure that you have a clear understanding of your business's performance.<\/p>\n<p><strong>What are the responsibilities of an External CFO?<\/strong><\/p>\n<ol>\n<li>Monitor Key Performance Indicators (KPIs) closely every month to determine the financial performance of the company and each business unit.<\/li>\n<li>Review and analyze the financial statements prepared by the accountant.<\/li>\n<li>Prepare the company's operating expense budget.<\/li>\n<li>Manage the company\u2019s resources effectively and keep expenses under control.<\/li>\n<li>Design the leading financial indicators for the Board of Directors to facilitate better decision-making.<\/li>\n<li>Prepare a monthly report highlighting the company\u2019s financial budget and cash flow movements.<\/li>\n<li>Evaluate and assess the financial viability and potential risks of any investment project after thoroughly examining the project's scope, objectives, and expected outcomes.<\/li>\n<li>Establish and maintain strong relationships with various financial institutions to secure the resources you need to fund your business growth and achieve your financial objectives.<\/li>\n<li>Create financial models that accurately predict the company's cash inflow and outflow and prepare detailed projections of its operational (OpEx) and investment (CapEx) - related expenses.<\/li>\n<\/ol>\n<p><strong>What are the benefits of hiring an External CFO?<\/strong><\/p>\n<p><strong><\/strong><\/p>\n<ol>\n<li>An external CFO can assist in optimizing your financial management and control strategies to ensure the company\u2019s efficient resource utilization.<\/li>\n<li>It can help you monitor and track the company\u2019s expenses, investments, and income streams and identify areas where it can reduce costs and increase savings.<\/li>\n<li>Make informed and well-planned financial decisions to help your company achieve financial stability.<\/li>\n<li>Help you develop and implement effective business and strategic plans, identify areas where your business can improve and grow, and the necessary tools and resources to achieve your goals.<\/li>\n<li>Ensure your business and strategic plans are successfully implemented by regularly monitoring and evaluating their progress. This will help you identify any issues or challenges and keep your plans on track.<\/li>\n<li>Help you create a business budget with a detailed plan for the expected cash inflows and outflows over a specific period, including estimating all expected income and expenses.<\/li>\n<li>The CFO will periodically review the business budget to ensure it remains accurate and relevant. This includes regularly tracking your actual income and expenses against your budgeted amounts and making the necessary adjustments to account for any unexpected fluctuations or changes in your financial situation.<\/li>\n<li>The CFO will provide the necessary information and insights to assist you in negotiating with suppliers, financial institutions, and government entities.<\/li>\n<li>When you hire an external CFO, you can significantly reduce your labor-related expenses.<\/li>\n<\/ol>\n<p>[\/et_pb_text][\/et_pb_column][\/et_pb_row][\/et_pb_section]<\/p>","protected":false},"excerpt":{"rendered":"<p><div class=\"et_pb_module revslider_divi revslider_divi_0\">\n\t\t\t\t\n\t\t\t\t\n\t\t\t\t\n\t\t\t\t\n\t\t\t\t\n\t\t\t\t\n\t\t\t\t<div class=\"et_pb_module_inner\">\n\t\t\t\t\t\n\t\t\t<!-- START Director Financiero Externo (CFO) REVOLUTION SLIDER 6.7.5 --><p class=\"rs-p-wp-fix\"><\/p>\n\t\t\t<rs-module-wrap id=\"rev_slider_12_1_wrapper\" data-source=\"gallery\" style=\"visibility:hidden;background:transparent;padding:0;margin:0px auto;margin-top:0;margin-bottom:0;\">\n\t\t\t\t<rs-module id=\"rev_slider_12_1\" style=\"\" data-version=\"6.7.5\">\n\t\t\t\t\t<rs-slides style=\"overflow: hidden; position: absolute;\">\n\t\t\t\t\t\t<rs-slide style=\"position: absolute;\" data-key=\"rs-20\" data-title=\"Slide\" data-anim=\"ms:600;\" data-in=\"o:0;\" data-out=\"a:false;\">\n\t\t\t\t\t\t\t<img decoding=\"async\" src=\"\/\/alphaconsulting.com.pa\/wp-content\/plugins\/revslider\/sr6\/assets\/assets\/dummy.png\" alt=\"\" title=\"about-team-bg-1024&#215;455\" width=\"1024\" height=\"455\" class=\"rev-slidebg tp-rs-img rs-lazyload\" data-lazyload=\"\/\/alphaconsulting.com.pa\/wp-content\/uploads\/2023\/12\/about-team-bg-1024x455-1.jpg\" data-bg=\"p:center top;\" data-parallax=\"off\" data-panzoom=\"d:10000;ss:100;se:110;\" data-no-retina>\n<!--\n\t\t\t\t\t\t\t--><rs-layer\n\t\t\t\t\t\t\t\tid=\"slider-12-slide-20-layer-1\" \n\t\t\t\t\t\t\t\tdata-type=\"text\"\n\t\t\t\t\t\t\t\tdata-rsp_ch=\"on\"\n\t\t\t\t\t\t\t\tdata-xy=\"x:l,l,l,c;xo:276px,276px,56px,-14px;y:m;yo:153px,153px,104px,115px;\"\n\t\t\t\t\t\t\t\tdata-text=\"s:70,70,70,38;l:80,80,60,40;fw:700;a:center;\"\n\t\t\t\t\t\t\t\tdata-dim=\"h:auto,auto,auto,59px;\"\n\t\t\t\t\t\t\t\tdata-frame_0=\"x:50px;\"\n\t\t\t\t\t\t\t\tdata-frame_1=\"sR:10;\"\n\t\t\t\t\t\t\t\tdata-frame_999=\"o:0;st:w;sR:8690;\"\n\t\t\t\t\t\t\t\tstyle=\"z-index:5;font-family:'Montserrat';\"\n\t\t\t\t\t\t\t>Chief Financial Officer <br>Outsourcing (CFO) \n\t\t\t\t\t\t\t<\/rs-layer><!--\n-->\t\t\t\t\t<\/rs-slide>\n\t\t\t\t\t<\/rs-slides>\n\t\t\t\t<\/rs-module>\n\t\t\t\t<script>\n\t\t\t\t\tsetREVStartSize({c: 'rev_slider_12_1',rl:[1240,1024,778,480],el:[790,768,960,500],gw:[1300,1024,778,480],gh:[790,768,960,500],type:'standard',justify:'',layout:'fullwidth',mh:\"0\"});if (window.RS_MODULES!==undefined && window.RS_MODULES.modules!==undefined && window.RS_MODULES.modules[\"revslider121\"]!==undefined) {window.RS_MODULES.modules[\"revslider121\"].once = false;window.revapi12 = undefined;if (window.RS_MODULES.checkMinimal!==undefined) window.RS_MODULES.checkMinimal()}\n\t\t\t\t<\/script>\n\t\t\t<\/rs-module-wrap>\n\t\t\t<!-- END REVOLUTION SLIDER -->\n\n\t\t\t\t<\/div>\n\t\t\t<\/div>Director Financiero Externo (CFO)Nuestro servicio ofrece una oportunidad \u00fanica de subcontratar un director financiero externo altamente capacitado que le brindar\u00e1 orientaci\u00f3n y apoyo a su empresa. Nuestros directores financieros poseen un profundo conocimiento y experiencia en finanzas, estrategias de negocios, contabilidad y administraci\u00f3n de empresas para [&hellip;]<\/p>","protected":false},"author":1,"featured_media":0,"parent":0,"menu_order":0,"comment_status":"closed","ping_status":"closed","template":"","meta":{"_et_pb_use_builder":"on","_et_pb_old_content":"","_et_gb_content_width":"","footnotes":""},"class_list":["post-2051","page","type-page","status-publish","hentry"],"yoast_head":"<!-- This site is optimized with the Yoast SEO plugin v22.5 - https:\/\/yoast.com\/wordpress\/plugins\/seo\/ -->\n<title>Director Financiero Externo (CFO) - ::Alpha Consulting::<\/title>\n<meta name=\"robots\" content=\"index, follow, max-snippet:-1, max-image-preview:large, max-video-preview:-1\" \/>\n<link rel=\"canonical\" href=\"https:\/\/alphaconsulting.com.pa\/en\/director-financiero-externo-cfo\/\" \/>\n<meta property=\"og:locale\" content=\"en_US\" \/>\n<meta property=\"og:type\" content=\"article\" \/>\n<meta property=\"og:title\" content=\"Director Financiero Externo (CFO) - ::Alpha Consulting::\" \/>\n<meta property=\"og:description\" content=\"Director Financiero Externo (CFO)Nuestro servicio ofrece una oportunidad \u00fanica de subcontratar un director financiero externo altamente capacitado que le brindar\u00e1 orientaci\u00f3n y apoyo a su empresa. Nuestros directores financieros poseen un profundo conocimiento y experiencia en finanzas, estrategias de negocios, contabilidad y administraci\u00f3n de empresas para [&hellip;]\" \/>\n<meta property=\"og:url\" content=\"https:\/\/alphaconsulting.com.pa\/en\/director-financiero-externo-cfo\/\" \/>\n<meta property=\"og:site_name\" content=\"::Alpha Consulting::\" \/>\n<meta property=\"article:modified_time\" content=\"2024-03-20T14:12:21+00:00\" \/>\n<meta name=\"twitter:card\" content=\"summary_large_image\" \/>\n<meta name=\"twitter:label1\" content=\"Est. reading time\" \/>\n\t<meta name=\"twitter:data1\" content=\"6 minutes\" \/>\n<script type=\"application\/ld+json\" class=\"yoast-schema-graph\">{\"@context\":\"https:\/\/schema.org\",\"@graph\":[{\"@type\":\"WebPage\",\"@id\":\"https:\/\/alphaconsulting.com.pa\/director-financiero-externo-cfo\/\",\"url\":\"https:\/\/alphaconsulting.com.pa\/director-financiero-externo-cfo\/\",\"name\":\"Director Financiero Externo (CFO) - ::Alpha Consulting::\",\"isPartOf\":{\"@id\":\"https:\/\/alphaconsulting.com.pa\/#website\"},\"datePublished\":\"2024-02-26T16:32:20+00:00\",\"dateModified\":\"2024-03-20T14:12:21+00:00\",\"breadcrumb\":{\"@id\":\"https:\/\/alphaconsulting.com.pa\/director-financiero-externo-cfo\/#breadcrumb\"},\"inLanguage\":\"en-US\",\"potentialAction\":[{\"@type\":\"ReadAction\",\"target\":[\"https:\/\/alphaconsulting.com.pa\/director-financiero-externo-cfo\/\"]}]},{\"@type\":\"BreadcrumbList\",\"@id\":\"https:\/\/alphaconsulting.com.pa\/director-financiero-externo-cfo\/#breadcrumb\",\"itemListElement\":[{\"@type\":\"ListItem\",\"position\":1,\"name\":\"Home\",\"item\":\"https:\/\/alphaconsulting.com.pa\/\"},{\"@type\":\"ListItem\",\"position\":2,\"name\":\"Director Financiero Externo (CFO)\"}]},{\"@type\":\"WebSite\",\"@id\":\"https:\/\/alphaconsulting.com.pa\/#website\",\"url\":\"https:\/\/alphaconsulting.com.pa\/\",\"name\":\"::Alpha Consulting::\",\"description\":\"Entendemos tus finanzas\",\"publisher\":{\"@id\":\"https:\/\/alphaconsulting.com.pa\/#organization\"},\"potentialAction\":[{\"@type\":\"SearchAction\",\"target\":{\"@type\":\"EntryPoint\",\"urlTemplate\":\"https:\/\/alphaconsulting.com.pa\/?s={search_term_string}\"},\"query-input\":\"required name=search_term_string\"}],\"inLanguage\":\"en-US\"},{\"@type\":\"Organization\",\"@id\":\"https:\/\/alphaconsulting.com.pa\/#organization\",\"name\":\"::Alpha Consulting::\",\"url\":\"https:\/\/alphaconsulting.com.pa\/\",\"logo\":{\"@type\":\"ImageObject\",\"inLanguage\":\"en-US\",\"@id\":\"https:\/\/alphaconsulting.com.pa\/#\/schema\/logo\/image\/\",\"url\":\"https:\/\/alphaconsulting.com.pa\/wp-content\/uploads\/2023\/12\/logo-alpha-1.png\",\"contentUrl\":\"https:\/\/alphaconsulting.com.pa\/wp-content\/uploads\/2023\/12\/logo-alpha-1.png\",\"width\":500,\"height\":400,\"caption\":\"::Alpha Consulting::\"},\"image\":{\"@id\":\"https:\/\/alphaconsulting.com.pa\/#\/schema\/logo\/image\/\"}}]}<\/script>\n<!-- \/ Yoast SEO plugin. -->","yoast_head_json":{"title":"Director Financiero Externo (CFO) - ::Alpha Consulting::","robots":{"index":"index","follow":"follow","max-snippet":"max-snippet:-1","max-image-preview":"max-image-preview:large","max-video-preview":"max-video-preview:-1"},"canonical":"https:\/\/alphaconsulting.com.pa\/en\/director-financiero-externo-cfo\/","og_locale":"en_US","og_type":"article","og_title":"Director Financiero Externo (CFO) - ::Alpha Consulting::","og_description":"Director Financiero Externo (CFO)Nuestro servicio ofrece una oportunidad \u00fanica de subcontratar un director financiero externo altamente capacitado que le brindar\u00e1 orientaci\u00f3n y apoyo a su empresa. Nuestros directores financieros poseen un profundo conocimiento y experiencia en finanzas, estrategias de negocios, contabilidad y administraci\u00f3n de empresas para [&hellip;]","og_url":"https:\/\/alphaconsulting.com.pa\/en\/director-financiero-externo-cfo\/","og_site_name":"::Alpha Consulting::","article_modified_time":"2024-03-20T14:12:21+00:00","twitter_card":"summary_large_image","twitter_misc":{"Est. reading time":"6 minutes"},"schema":{"@context":"https:\/\/schema.org","@graph":[{"@type":"WebPage","@id":"https:\/\/alphaconsulting.com.pa\/director-financiero-externo-cfo\/","url":"https:\/\/alphaconsulting.com.pa\/director-financiero-externo-cfo\/","name":"Director Financiero Externo (CFO) - ::Alpha Consulting::","isPartOf":{"@id":"https:\/\/alphaconsulting.com.pa\/#website"},"datePublished":"2024-02-26T16:32:20+00:00","dateModified":"2024-03-20T14:12:21+00:00","breadcrumb":{"@id":"https:\/\/alphaconsulting.com.pa\/director-financiero-externo-cfo\/#breadcrumb"},"inLanguage":"en-US","potentialAction":[{"@type":"ReadAction","target":["https:\/\/alphaconsulting.com.pa\/director-financiero-externo-cfo\/"]}]},{"@type":"BreadcrumbList","@id":"https:\/\/alphaconsulting.com.pa\/director-financiero-externo-cfo\/#breadcrumb","itemListElement":[{"@type":"ListItem","position":1,"name":"Home","item":"https:\/\/alphaconsulting.com.pa\/"},{"@type":"ListItem","position":2,"name":"Director Financiero Externo (CFO)"}]},{"@type":"WebSite","@id":"https:\/\/alphaconsulting.com.pa\/#website","url":"https:\/\/alphaconsulting.com.pa\/","name":"::Alpha Consulting::","description":"Entendemos tus finanzas","publisher":{"@id":"https:\/\/alphaconsulting.com.pa\/#organization"},"potentialAction":[{"@type":"SearchAction","target":{"@type":"EntryPoint","urlTemplate":"https:\/\/alphaconsulting.com.pa\/?s={search_term_string}"},"query-input":"required name=search_term_string"}],"inLanguage":"en-US"},{"@type":"Organization","@id":"https:\/\/alphaconsulting.com.pa\/#organization","name":"::Alpha Consulting::","url":"https:\/\/alphaconsulting.com.pa\/","logo":{"@type":"ImageObject","inLanguage":"en-US","@id":"https:\/\/alphaconsulting.com.pa\/#\/schema\/logo\/image\/","url":"https:\/\/alphaconsulting.com.pa\/wp-content\/uploads\/2023\/12\/logo-alpha-1.png","contentUrl":"https:\/\/alphaconsulting.com.pa\/wp-content\/uploads\/2023\/12\/logo-alpha-1.png","width":500,"height":400,"caption":"::Alpha Consulting::"},"image":{"@id":"https:\/\/alphaconsulting.com.pa\/#\/schema\/logo\/image\/"}}]}},"_links":{"self":[{"href":"https:\/\/alphaconsulting.com.pa\/en\/wp-json\/wp\/v2\/pages\/2051","targetHints":{"allow":["GET"]}}],"collection":[{"href":"https:\/\/alphaconsulting.com.pa\/en\/wp-json\/wp\/v2\/pages"}],"about":[{"href":"https:\/\/alphaconsulting.com.pa\/en\/wp-json\/wp\/v2\/types\/page"}],"author":[{"embeddable":true,"href":"https:\/\/alphaconsulting.com.pa\/en\/wp-json\/wp\/v2\/users\/1"}],"replies":[{"embeddable":true,"href":"https:\/\/alphaconsulting.com.pa\/en\/wp-json\/wp\/v2\/comments?post=2051"}],"version-history":[{"count":0,"href":"https:\/\/alphaconsulting.com.pa\/en\/wp-json\/wp\/v2\/pages\/2051\/revisions"}],"wp:attachment":[{"href":"https:\/\/alphaconsulting.com.pa\/en\/wp-json\/wp\/v2\/media?parent=2051"}],"curies":[{"name":"wp","href":"https:\/\/api.w.org\/{rel}","templated":true}]}}