{"id":1998,"date":"2024-02-26T15:39:20","date_gmt":"2024-02-26T14:39:20","guid":{"rendered":"https:\/\/alphaconsulting.com.pa\/?page_id=1998"},"modified":"2024-04-12T09:14:38","modified_gmt":"2024-04-12T14:14:38","slug":"jorge-ventre","status":"publish","type":"page","link":"https:\/\/alphaconsulting.com.pa\/en\/jorge-ventre\/","title":{"rendered":"Jorge Ventre"},"content":{"rendered":"<p>[et_pb_section fb_built=\u00bb1&#8243; _builder_version=\u00bb4.22.0&#8243; _module_preset=\u00bbdefault\u00bb min_height=\u00bb460px\u00bb custom_margin=\u00bb-180px||||false|false\u00bb custom_padding=\u00bb10px||50px||false|false\u00bb global_colors_info=\u00bb{}\u00bb][et_pb_row _builder_version=\u00bb4.22.0&#8243; _module_preset=\u00bbdefault\u00bb width=\u00bb100%\u00bb max_width=\u00bb100%\u00bb height=\u00bb487px\u00bb max_height=\u00bb501px\u00bb global_colors_info=\u00bb{}\u00bb][et_pb_column type=\u00bb4_4&#8243; _builder_version=\u00bb4.22.0&#8243; _module_preset=\u00bbdefault\u00bb global_colors_info=\u00bb{}\u00bb][revslider_divi revslider_divi=\u00bb%91rev_slider alias=%22cristina-saiz-1%22 slidertitle=%22Jorge Ventre%22%93%91\/rev_slider%93&#8243; _builder_version=\u00bb4.22.0&#8243; _module_preset=\u00bbdefault\u00bb global_colors_info=\u00bb{}\u00bb][\/revslider_divi][\/et_pb_column][\/et_pb_row][\/et_pb_section][et_pb_section fb_built=\u00bb1&#8243; disabled_on=\u00bboff|off|off\u00bb _builder_version=\u00bb4.22.0&#8243; _module_preset=\u00bbdefault\u00bb background_color=\u00bbRGBA(255,255,255,0)\u00bb custom_margin=\u00bb250px||||false|false\u00bb custom_margin_tablet=\u00bb200px||||false|false\u00bb custom_margin_phone=\u00bb-456px||||false|false\u00bb custom_margin_last_edited=\u00bbon|phone\u00bb custom_padding=\u00bb250px||||false|false\u00bb global_colors_info=\u00bb{}\u00bb][et_pb_row _builder_version=\u00bb4.22.0&#8243; _module_preset=\u00bbdefault\u00bb width=\u00bb82%\u00bb max_width=\u00bb1650px\u00bb custom_margin=\u00bb||||false|false\u00bb custom_margin_tablet=\u00bb150px||||false|false\u00bb custom_margin_phone=\u00bb150px||||false|false\u00bb custom_margin_last_edited=\u00bbon|phone\u00bb custom_padding=\u00bb||||false|false\u00bb global_colors_info=\u00bb{}\u00bb][et_pb_column type=\u00bb4_4&#8243; _builder_version=\u00bb4.22.0&#8243; _module_preset=\u00bbdefault\u00bb global_colors_info=\u00bb{}\u00bb][et_pb_text _builder_version=\u00bb4.22.0&#8243; _module_preset=\u00bbdefault\u00bb header_text_align=\u00bbleft\u00bb header_2_text_color=\u00bb#3740B0&#8243; positioning=\u00bbabsolute\u00bb z_index=\u00bb1&#8243; width=\u00bb100%\u00bb custom_margin=\u00bb50px|||0px|false|false\u00bb custom_margin_tablet=\u00bb0px|||0px|false|false\u00bb custom_margin_phone=\u00bb12px|||0px|false|false\u00bb custom_margin_last_edited=\u00bbon|phone\u00bb custom_padding=\u00bb0px||||false|false\u00bb global_colors_info=\u00bb{%22gcid-6171fa7a-a6eb-4674-b5c6-adf556ae95b8%22:%91%22header_4_text_color%22%93}\u00bb]<\/p>\n<h2 style=\"text-align: center;\"><span>Jorge Ventre<\/span><\/h2>\n<h5 style=\"text-align: center;\"><span>Legal Counsel<\/span><\/h5>\n<p>[\/et_pb_text][et_pb_text disabled_on=\u00bbon|on|off\u00bb _builder_version=\u00bb4.22.0&#8243; _module_preset=\u00bbdefault\u00bb header_font=\u00bbArial|800||on|||||\u00bb header_text_color=\u00bb#f2f2f2&#8243; header_font_size=\u00bb200px\u00bb header_2_text_color=\u00bb#C9C9C9&#8243; positioning=\u00bbabsolute\u00bb width=\u00bb100%\u00bb custom_margin=\u00bb-10px|||0px|false|false\u00bb global_colors_info=\u00bb{%22gcid-6171fa7a-a6eb-4674-b5c6-adf556ae95b8%22:%91%22header_4_text_color%22,%22header_4_text_color%22,%22header_4_text_color%22,%22header_4_text_color%22%93}\u00bb]<\/p>\n<h1 style=\"text-align: center;\"><span>TEAM<\/span><\/h1>\n<p>[\/et_pb_text][\/et_pb_column][\/et_pb_row][et_pb_row column_structure=\u00bb3_5,2_5&#8243; _builder_version=\u00bb4.22.0&#8243; _module_preset=\u00bbdefault\u00bb width=\u00bb82%\u00bb max_width=\u00bb1650px\u00bb custom_margin=\u00bb-300px||||false|false\u00bb custom_margin_tablet=\u00bb-300px||||false|false\u00bb custom_margin_phone=\u00bb0px||||false|false\u00bb custom_margin_last_edited=\u00bbon|phone\u00bb custom_padding=\u00bb0px||0px||false|false\u00bb global_colors_info=\u00bb{}\u00bb][et_pb_column type=\u00bb3_5&#8243; _builder_version=\u00bb4.22.0&#8243; _module_preset=\u00bbdefault\u00bb global_colors_info=\u00bb{}\u00bb][et_pb_text _builder_version=\u00bb4.22.0&#8243; _module_preset=\u00bbdefault\u00bb custom_padding=\u00bb400px|50px||120px|false|false\u00bb custom_padding_tablet=\u00bb400px|50px||120px|false|false\u00bb custom_padding_phone=\u00bb310px|0px||140px|false|false\u00bb custom_padding_last_edited=\u00bbon|phone\u00bb hover_enabled=\u00bb0&#8243; global_colors_info=\u00bb{}\u00bb sticky_enabled=\u00bb0&#8243;]Jorge Ventre es experto en derecho corporativo y comercial, procedimientos administrativos, derecho migratorio y fusiones y adquisiciones, con especializaci\u00f3n en Derecho Corporativo e Inmobiliario.  Su experiencia profesional y conocimientos en estas \u00e1reas lo convierten en un recurso valioso para las empresas que buscan asesoramiento legal.  La competencia del Lic. Ventre en derecho corporativo le permite brindar a sus clientes orientaci\u00f3n legal integral sobre transacciones comerciales, gobierno corporativo y cuestiones de resoluci\u00f3n de disputas.  Adem\u00e1s, su conocimiento de la ley de inmigraci\u00f3n le permite ayudar a las empresas a navegar por regulaciones y procedimientos de inmigraci\u00f3n complejos. <\/p>\n<p>La experiencia del Lic. Ventre en fusiones y adquisiciones le permite asesorar a los clientes sobre todos los aspectos de estas transacciones, desde la debida diligencia hasta la integraci\u00f3n posterior a la fusi\u00f3n. Las amplias habilidades jur\u00eddicas y la experiencia del Lic. Ventre lo convierten en un abogado excepcional que puede ayudar a las empresas a alcanzar sus objetivos legales.<\/p>\n<p>Particip\u00f3 activamente en varias transacciones complejas en una prestigiosa firma en Panam\u00e1.  Estas inclu\u00edan fusiones y adquisiciones, casos de inmigraci\u00f3n de alto perfil, nuevos proyectos comerciales, planificaci\u00f3n patrimonial y transacciones en bienes ra\u00edces.  Sus contribuciones fueron fundamentales para garantizar la ejecuci\u00f3n exitosa de estas transacciones.  A trav\u00e9s de su inquebrantable compromiso con la excelencia, demostr\u00f3 habilidades excepcionales para navegar marcos legales y regulaciones complejas.  Su atenci\u00f3n al detalle fue una ventaja para su equipo y constantemente entreg\u00f3 resultados que superaron las expectativas de sus clientes.  Su experiencia y conocimientos en estas \u00e1reas lo convierten en un activo para nuestra organizaci\u00f3n, que busca lograr el \u00e9xito en esfuerzos similares.<\/p>\n<p>Las siguientes categor\u00edas representan una selecci\u00f3n de los clientes m\u00e1s importantes atendidos por la persona en cuesti\u00f3n: promotores inmobiliarios, inversionistas de altos ingresos, oficinas familiares, instituciones financieras y empresas minoristas.[\/et_pb_text][\/et_pb_column][et_pb_column type=\u00bb2_5&#8243; _builder_version=\u00bb4.22.0&#8243; _module_preset=\u00bbdefault\u00bb global_colors_info=\u00bb{}\u00bb][et_pb_text _builder_version=\u00bb4.22.0&#8243; _module_preset=\u00bbdefault\u00bb custom_margin_tablet=\u00bb\u00bb custom_margin_phone=\u00bb\u00bb custom_margin_last_edited=\u00bbon|desktop\u00bb custom_padding=\u00bb400px|50px||120px|false|false\u00bb custom_padding_tablet=\u00bb400px|50px||120px|false|false\u00bb custom_padding_phone=\u00bb218px|0px|0px|140px|false|false\u00bb custom_padding_last_edited=\u00bbon|phone\u00bb global_colors_info=\u00bb{}\u00bb]<\/p>\n<p><strong>Chronology<\/strong><\/p>\n<p>Partner Autonomous \u2013 Garc\u00eda de Paredes Law<br \/>Associate Lawyer \u2013 Patton, Moreno y Asvat<br \/>Legal Assistant \u2013 Alfaro, Ferrer &amp; Ram\u00edrez<br \/>Legal Assistant \u2013 Castro &amp; Berguido<\/p>\n<p><strong>Education<\/strong><\/p>\n<p>Boston University School of Law, LL.M in Banking and Finance Law, 2015<br \/>University of Louisville, Panama Creativity and Business Innovations, 2015<br \/>Dickinson Law School, Pennsylvania, Certificate in Introduction to Language Analysis in Common Law, 2014<br \/>Specialized University of Certified Public Accountant, Financial Diploma, 2012<br \/>Universidad Santa Mar\u00eda La Antigua, Panama, Magna Cum Laude Distinction, LL.B, 2012<\/p>\n<p><strong>Skills<\/strong><\/p>\n<p>Corporate Law.<br \/>Administrative Law.<br \/>Tax Law.<\/p>\n<p>[\/et_pb_text][\/et_pb_column][\/et_pb_row][\/et_pb_section]<\/p>","protected":false},"excerpt":{"rendered":"<p><div class=\"et_pb_module revslider_divi revslider_divi_0\">\n\t\t\t\t\n\t\t\t\t\n\t\t\t\t\n\t\t\t\t\n\t\t\t\t\n\t\t\t\t\n\t\t\t\t<div class=\"et_pb_module_inner\">\n\t\t\t\t\t\n\t\t\t<!-- START Jorge Ventre REVOLUTION SLIDER 6.7.5 --><p class=\"rs-p-wp-fix\"><\/p>\n\t\t\t<rs-module-wrap id=\"rev_slider_9_1_wrapper\" data-source=\"gallery\" style=\"visibility:hidden;background:transparent;padding:0;margin:0px auto;margin-top:0;margin-bottom:0;\">\n\t\t\t\t<rs-module id=\"rev_slider_9_1\" style=\"\" data-version=\"6.7.5\">\n\t\t\t\t\t<rs-slides style=\"overflow: hidden; position: absolute;\">\n\t\t\t\t\t\t<rs-slide style=\"position: absolute;\" data-key=\"rs-17\" data-title=\"Slide\" data-anim=\"ms:600;\" data-in=\"o:0;\" data-out=\"a:false;\">\n\t\t\t\t\t\t\t<img decoding=\"async\" src=\"\/\/alphaconsulting.com.pa\/wp-content\/plugins\/revslider\/sr6\/assets\/assets\/dummy.png\" alt=\"\" title=\"about-team-bg-1024&#215;455\" width=\"1024\" height=\"455\" class=\"rev-slidebg tp-rs-img rs-lazyload\" data-lazyload=\"\/\/alphaconsulting.com.pa\/wp-content\/uploads\/2023\/12\/about-team-bg-1024x455-1.jpg\" data-bg=\"p:center top;\" data-parallax=\"off\" data-panzoom=\"d:10000;ss:100;se:110;\" data-no-retina>\n<!--\n\t\t\t\t\t\t\t--><rs-layer\n\t\t\t\t\t\t\t\tid=\"slider-9-slide-17-layer-0\" \n\t\t\t\t\t\t\t\tdata-type=\"image\"\n\t\t\t\t\t\t\t\tdata-rsp_ch=\"on\"\n\t\t\t\t\t\t\t\tdata-xy=\"xo:132px,103px,78px,38px;yo:433px,341px,259px,302px;\"\n\t\t\t\t\t\t\t\tdata-text=\"w:normal;s:20,15,11,6;l:0,19,14,8;\"\n\t\t\t\t\t\t\t\tdata-dim=\"w:224px,176px,133px,82px;h:224px,176px,133px,82px;\"\n\t\t\t\t\t\t\t\tdata-frame_999=\"o:0;st:w;\"\n\t\t\t\t\t\t\t\tstyle=\"z-index:7;\"\n\t\t\t\t\t\t\t><img decoding=\"async\" src=\"\/\/alphaconsulting.com.pa\/wp-content\/plugins\/revslider\/sr6\/assets\/assets\/dummy.png\" alt=\"\" class=\"tp-rs-img rs-lazyload\" width=\"2160\" height=\"2160\" data-lazyload=\"\/\/alphaconsulting.com.pa\/wp-content\/uploads\/2024\/03\/Jorge.png\" data-no-retina> \n\t\t\t\t\t\t\t<\/rs-layer><!--\n\n\t\t\t\t\t\t\t--><rs-layer\n\t\t\t\t\t\t\t\tid=\"slider-9-slide-17-layer-1\" \n\t\t\t\t\t\t\t\tdata-type=\"text\"\n\t\t\t\t\t\t\t\tdata-rsp_ch=\"on\"\n\t\t\t\t\t\t\t\tdata-xy=\"x:l,l,l,c;xo:378px,325px,234px,21px;y:m;yo:102px,-17px,-177px,75px;\"\n\t\t\t\t\t\t\t\tdata-text=\"s:70,70,40,38;l:auto,auto,auto,57;fw:500;a:center,center,center,left;\"\n\t\t\t\t\t\t\t\tdata-dim=\"w:auto,auto,260px,260px;h:auto,auto,10px,59px;\"\n\t\t\t\t\t\t\t\tdata-frame_0=\"x:50px;\"\n\t\t\t\t\t\t\t\tdata-frame_1=\"sR:10;\"\n\t\t\t\t\t\t\t\tdata-frame_999=\"o:0;st:w;sR:8690;\"\n\t\t\t\t\t\t\t\tstyle=\"z-index:5;font-family:'Montserrat';\"\n\t\t\t\t\t\t\t>Jorge Ventre\n \n\t\t\t\t\t\t\t<\/rs-layer><!--\n\n\t\t\t\t\t\t\t--><rs-layer\n\t\t\t\t\t\t\t\tid=\"slider-9-slide-17-layer-2\" \n\t\t\t\t\t\t\t\tdata-type=\"text\"\n\t\t\t\t\t\t\t\tdata-rsp_ch=\"on\"\n\t\t\t\t\t\t\t\tdata-xy=\"x:l,l,l,c;xo:380px,322px,237px,89px;y:m;yo:193px,60px,-138px,111px;\"\n\t\t\t\t\t\t\t\tdata-text=\"w:normal;s:20,20,20,17;l:32,32,32,29;\"\n\t\t\t\t\t\t\t\tdata-dim=\"w:642px,642px,642px,394px;\"\n\t\t\t\t\t\t\t\tdata-frame_0=\"x:50px;\"\n\t\t\t\t\t\t\t\tdata-frame_1=\"st:280;sR:280;\"\n\t\t\t\t\t\t\t\tdata-frame_999=\"o:0;st:w;sR:8420;\"\n\t\t\t\t\t\t\t\tstyle=\"z-index:6;font-family:'Open Sans';\"\n\t\t\t\t\t\t\t>Legal Counsel \n\t\t\t\t\t\t\t<\/rs-layer><!--\n-->\t\t\t\t\t<\/rs-slide>\n\t\t\t\t\t<\/rs-slides>\n\t\t\t\t<\/rs-module>\n\t\t\t\t<script>\n\t\t\t\t\tsetREVStartSize({c: 'rev_slider_9_1',rl:[1240,1024,778,480],el:[790,768,960,500],gw:[1300,1024,778,480],gh:[790,768,960,500],type:'standard',justify:'',layout:'fullwidth',mh:\"0\"});if (window.RS_MODULES!==undefined && window.RS_MODULES.modules!==undefined && window.RS_MODULES.modules[\"revslider91\"]!==undefined) {window.RS_MODULES.modules[\"revslider91\"].once = false;window.revapi9 = undefined;if (window.RS_MODULES.checkMinimal!==undefined) window.RS_MODULES.checkMinimal()}\n\t\t\t\t<\/script>\n\t\t\t<\/rs-module-wrap>\n\t\t\t<!-- END REVOLUTION SLIDER -->\n\n\t\t\t\t<\/div>\n\t\t\t<\/div>Jorge Ventre Legal CounselEQUIPOJorge Ventre es experto en derecho corporativo y comercial, procedimientos administrativos, derecho migratorio y fusiones y adquisiciones, con especializaci\u00f3n en Derecho Corporativo e Inmobiliario. Su experiencia profesional y conocimientos en estas \u00e1reas lo convierten en un recurso valioso para las empresas que buscan asesoramiento legal. [&hellip;]<\/p>","protected":false},"author":1,"featured_media":0,"parent":0,"menu_order":0,"comment_status":"closed","ping_status":"closed","template":"","meta":{"_et_pb_use_builder":"on","_et_pb_old_content":"","_et_gb_content_width":"","footnotes":""},"class_list":["post-1998","page","type-page","status-publish","hentry"],"yoast_head":"<!-- This site is optimized with the Yoast SEO plugin v22.5 - https:\/\/yoast.com\/wordpress\/plugins\/seo\/ -->\n<title>Jorge Ventre - ::Alpha Consulting::<\/title>\n<meta name=\"robots\" content=\"index, follow, max-snippet:-1, max-image-preview:large, max-video-preview:-1\" \/>\n<link rel=\"canonical\" href=\"https:\/\/alphaconsulting.com.pa\/en\/jorge-ventre\/\" \/>\n<meta property=\"og:locale\" content=\"en_US\" \/>\n<meta property=\"og:type\" content=\"article\" \/>\n<meta property=\"og:title\" content=\"Jorge Ventre - ::Alpha Consulting::\" \/>\n<meta property=\"og:description\" content=\"Jorge Ventre Legal CounselEQUIPOJorge Ventre es experto en derecho corporativo y comercial, procedimientos administrativos, derecho migratorio y fusiones y adquisiciones, con especializaci\u00f3n en Derecho Corporativo e Inmobiliario. Su experiencia profesional y conocimientos en estas \u00e1reas lo convierten en un recurso valioso para las empresas que buscan asesoramiento legal. [&hellip;]\" \/>\n<meta property=\"og:url\" content=\"https:\/\/alphaconsulting.com.pa\/en\/jorge-ventre\/\" \/>\n<meta property=\"og:site_name\" content=\"::Alpha Consulting::\" \/>\n<meta property=\"article:modified_time\" content=\"2024-04-12T14:14:38+00:00\" \/>\n<meta name=\"twitter:card\" content=\"summary_large_image\" \/>\n<meta name=\"twitter:label1\" content=\"Est. reading time\" \/>\n\t<meta name=\"twitter:data1\" content=\"5 minutes\" \/>\n<script type=\"application\/ld+json\" class=\"yoast-schema-graph\">{\"@context\":\"https:\/\/schema.org\",\"@graph\":[{\"@type\":\"WebPage\",\"@id\":\"https:\/\/alphaconsulting.com.pa\/jorge-ventre\/\",\"url\":\"https:\/\/alphaconsulting.com.pa\/jorge-ventre\/\",\"name\":\"Jorge Ventre - ::Alpha Consulting::\",\"isPartOf\":{\"@id\":\"https:\/\/alphaconsulting.com.pa\/#website\"},\"datePublished\":\"2024-02-26T14:39:20+00:00\",\"dateModified\":\"2024-04-12T14:14:38+00:00\",\"breadcrumb\":{\"@id\":\"https:\/\/alphaconsulting.com.pa\/jorge-ventre\/#breadcrumb\"},\"inLanguage\":\"en-US\",\"potentialAction\":[{\"@type\":\"ReadAction\",\"target\":[\"https:\/\/alphaconsulting.com.pa\/jorge-ventre\/\"]}]},{\"@type\":\"BreadcrumbList\",\"@id\":\"https:\/\/alphaconsulting.com.pa\/jorge-ventre\/#breadcrumb\",\"itemListElement\":[{\"@type\":\"ListItem\",\"position\":1,\"name\":\"Home\",\"item\":\"https:\/\/alphaconsulting.com.pa\/\"},{\"@type\":\"ListItem\",\"position\":2,\"name\":\"Jorge Ventre\"}]},{\"@type\":\"WebSite\",\"@id\":\"https:\/\/alphaconsulting.com.pa\/#website\",\"url\":\"https:\/\/alphaconsulting.com.pa\/\",\"name\":\"::Alpha Consulting::\",\"description\":\"Entendemos tus finanzas\",\"publisher\":{\"@id\":\"https:\/\/alphaconsulting.com.pa\/#organization\"},\"potentialAction\":[{\"@type\":\"SearchAction\",\"target\":{\"@type\":\"EntryPoint\",\"urlTemplate\":\"https:\/\/alphaconsulting.com.pa\/?s={search_term_string}\"},\"query-input\":\"required name=search_term_string\"}],\"inLanguage\":\"en-US\"},{\"@type\":\"Organization\",\"@id\":\"https:\/\/alphaconsulting.com.pa\/#organization\",\"name\":\"::Alpha Consulting::\",\"url\":\"https:\/\/alphaconsulting.com.pa\/\",\"logo\":{\"@type\":\"ImageObject\",\"inLanguage\":\"en-US\",\"@id\":\"https:\/\/alphaconsulting.com.pa\/#\/schema\/logo\/image\/\",\"url\":\"https:\/\/alphaconsulting.com.pa\/wp-content\/uploads\/2023\/12\/logo-alpha-1.png\",\"contentUrl\":\"https:\/\/alphaconsulting.com.pa\/wp-content\/uploads\/2023\/12\/logo-alpha-1.png\",\"width\":500,\"height\":400,\"caption\":\"::Alpha Consulting::\"},\"image\":{\"@id\":\"https:\/\/alphaconsulting.com.pa\/#\/schema\/logo\/image\/\"}}]}<\/script>\n<!-- \/ Yoast SEO plugin. -->","yoast_head_json":{"title":"Jorge Ventre - ::Alpha Consulting::","robots":{"index":"index","follow":"follow","max-snippet":"max-snippet:-1","max-image-preview":"max-image-preview:large","max-video-preview":"max-video-preview:-1"},"canonical":"https:\/\/alphaconsulting.com.pa\/en\/jorge-ventre\/","og_locale":"en_US","og_type":"article","og_title":"Jorge Ventre - ::Alpha Consulting::","og_description":"Jorge Ventre Legal CounselEQUIPOJorge Ventre es experto en derecho corporativo y comercial, procedimientos administrativos, derecho migratorio y fusiones y adquisiciones, con especializaci\u00f3n en Derecho Corporativo e Inmobiliario. Su experiencia profesional y conocimientos en estas \u00e1reas lo convierten en un recurso valioso para las empresas que buscan asesoramiento legal. [&hellip;]","og_url":"https:\/\/alphaconsulting.com.pa\/en\/jorge-ventre\/","og_site_name":"::Alpha Consulting::","article_modified_time":"2024-04-12T14:14:38+00:00","twitter_card":"summary_large_image","twitter_misc":{"Est. reading time":"5 minutes"},"schema":{"@context":"https:\/\/schema.org","@graph":[{"@type":"WebPage","@id":"https:\/\/alphaconsulting.com.pa\/jorge-ventre\/","url":"https:\/\/alphaconsulting.com.pa\/jorge-ventre\/","name":"Jorge Ventre - ::Alpha Consulting::","isPartOf":{"@id":"https:\/\/alphaconsulting.com.pa\/#website"},"datePublished":"2024-02-26T14:39:20+00:00","dateModified":"2024-04-12T14:14:38+00:00","breadcrumb":{"@id":"https:\/\/alphaconsulting.com.pa\/jorge-ventre\/#breadcrumb"},"inLanguage":"en-US","potentialAction":[{"@type":"ReadAction","target":["https:\/\/alphaconsulting.com.pa\/jorge-ventre\/"]}]},{"@type":"BreadcrumbList","@id":"https:\/\/alphaconsulting.com.pa\/jorge-ventre\/#breadcrumb","itemListElement":[{"@type":"ListItem","position":1,"name":"Home","item":"https:\/\/alphaconsulting.com.pa\/"},{"@type":"ListItem","position":2,"name":"Jorge Ventre"}]},{"@type":"WebSite","@id":"https:\/\/alphaconsulting.com.pa\/#website","url":"https:\/\/alphaconsulting.com.pa\/","name":"::Alpha Consulting::","description":"Entendemos tus finanzas","publisher":{"@id":"https:\/\/alphaconsulting.com.pa\/#organization"},"potentialAction":[{"@type":"SearchAction","target":{"@type":"EntryPoint","urlTemplate":"https:\/\/alphaconsulting.com.pa\/?s={search_term_string}"},"query-input":"required name=search_term_string"}],"inLanguage":"en-US"},{"@type":"Organization","@id":"https:\/\/alphaconsulting.com.pa\/#organization","name":"::Alpha Consulting::","url":"https:\/\/alphaconsulting.com.pa\/","logo":{"@type":"ImageObject","inLanguage":"en-US","@id":"https:\/\/alphaconsulting.com.pa\/#\/schema\/logo\/image\/","url":"https:\/\/alphaconsulting.com.pa\/wp-content\/uploads\/2023\/12\/logo-alpha-1.png","contentUrl":"https:\/\/alphaconsulting.com.pa\/wp-content\/uploads\/2023\/12\/logo-alpha-1.png","width":500,"height":400,"caption":"::Alpha Consulting::"},"image":{"@id":"https:\/\/alphaconsulting.com.pa\/#\/schema\/logo\/image\/"}}]}},"_links":{"self":[{"href":"https:\/\/alphaconsulting.com.pa\/en\/wp-json\/wp\/v2\/pages\/1998","targetHints":{"allow":["GET"]}}],"collection":[{"href":"https:\/\/alphaconsulting.com.pa\/en\/wp-json\/wp\/v2\/pages"}],"about":[{"href":"https:\/\/alphaconsulting.com.pa\/en\/wp-json\/wp\/v2\/types\/page"}],"author":[{"embeddable":true,"href":"https:\/\/alphaconsulting.com.pa\/en\/wp-json\/wp\/v2\/users\/1"}],"replies":[{"embeddable":true,"href":"https:\/\/alphaconsulting.com.pa\/en\/wp-json\/wp\/v2\/comments?post=1998"}],"version-history":[{"count":0,"href":"https:\/\/alphaconsulting.com.pa\/en\/wp-json\/wp\/v2\/pages\/1998\/revisions"}],"wp:attachment":[{"href":"https:\/\/alphaconsulting.com.pa\/en\/wp-json\/wp\/v2\/media?parent=1998"}],"curies":[{"name":"wp","href":"https:\/\/api.w.org\/{rel}","templated":true}]}}