{"id":1975,"date":"2024-02-24T23:52:24","date_gmt":"2024-02-24T22:52:24","guid":{"rendered":"https:\/\/alphaconsulting.com.pa\/?page_id=1975"},"modified":"2024-04-12T09:11:50","modified_gmt":"2024-04-12T14:11:50","slug":"francisco-ruiz-escobar","status":"publish","type":"page","link":"https:\/\/alphaconsulting.com.pa\/en\/francisco-ruiz-escobar\/","title":{"rendered":"Francisco Ruiz Escobar"},"content":{"rendered":"<p>[et_pb_section fb_built=\u00bb1&#8243; _builder_version=\u00bb4.22.0&#8243; _module_preset=\u00bbdefault\u00bb min_height=\u00bb460px\u00bb custom_margin=\u00bb-180px||||false|false\u00bb custom_padding=\u00bb10px||50px||false|false\u00bb global_colors_info=\u00bb{}\u00bb][et_pb_row _builder_version=\u00bb4.22.0&#8243; _module_preset=\u00bbdefault\u00bb width=\u00bb100%\u00bb max_width=\u00bb100%\u00bb height=\u00bb487px\u00bb max_height=\u00bb501px\u00bb global_colors_info=\u00bb{}\u00bb][et_pb_column type=\u00bb4_4&#8243; _builder_version=\u00bb4.22.0&#8243; _module_preset=\u00bbdefault\u00bb global_colors_info=\u00bb{}\u00bb][revslider_divi revslider_divi=\u00bb%91rev_slider alias=%22armando-a-nunez-1%22 slidertitle=%22Francisco Ruiz Escobar%22%93%91\/rev_slider%93&#8243; _builder_version=\u00bb4.22.0&#8243; _module_preset=\u00bbdefault\u00bb global_colors_info=\u00bb{}\u00bb][\/revslider_divi][\/et_pb_column][\/et_pb_row][\/et_pb_section][et_pb_section fb_built=\u00bb1&#8243; disabled_on=\u00bboff|off|off\u00bb _builder_version=\u00bb4.22.0&#8243; _module_preset=\u00bbdefault\u00bb background_color=\u00bbRGBA(255,255,255,0)\u00bb custom_margin=\u00bb250px||||false|false\u00bb custom_margin_tablet=\u00bb200px||||false|false\u00bb custom_margin_phone=\u00bb-456px||||false|false\u00bb custom_margin_last_edited=\u00bbon|phone\u00bb custom_padding=\u00bb250px||||false|false\u00bb global_colors_info=\u00bb{}\u00bb][et_pb_row _builder_version=\u00bb4.22.0&#8243; _module_preset=\u00bbdefault\u00bb width=\u00bb82%\u00bb max_width=\u00bb1650px\u00bb custom_margin=\u00bb||||false|false\u00bb custom_margin_tablet=\u00bb150px||||false|false\u00bb custom_margin_phone=\u00bb150px||||false|false\u00bb custom_margin_last_edited=\u00bbon|phone\u00bb custom_padding=\u00bb||||false|false\u00bb global_colors_info=\u00bb{}\u00bb][et_pb_column type=\u00bb4_4&#8243; _builder_version=\u00bb4.22.0&#8243; _module_preset=\u00bbdefault\u00bb global_colors_info=\u00bb{}\u00bb][et_pb_text _builder_version=\u00bb4.22.0&#8243; _module_preset=\u00bbdefault\u00bb header_text_align=\u00bbleft\u00bb header_2_text_color=\u00bb#3740B0&#8243; positioning=\u00bbabsolute\u00bb z_index=\u00bb1&#8243; width=\u00bb100%\u00bb custom_margin=\u00bb50px|||0px|false|false\u00bb custom_margin_tablet=\u00bb0px|||0px|false|false\u00bb custom_margin_phone=\u00bb12px|||0px|false|false\u00bb custom_margin_last_edited=\u00bbon|phone\u00bb custom_padding=\u00bb0px||||false|false\u00bb global_colors_info=\u00bb{%22gcid-6171fa7a-a6eb-4674-b5c6-adf556ae95b8%22:%91%22header_4_text_color%22%93}\u00bb]<\/p>\n<h2 style=\"text-align: center;\"><span>Francisco Ruiz Escobar<\/span><\/h2>\n<h5 style=\"text-align: center;\"><span>Managing Consultant<\/span><\/h5>\n<p>[\/et_pb_text][et_pb_text disabled_on=\u00bbon|on|off\u00bb _builder_version=\u00bb4.22.0&#8243; _module_preset=\u00bbdefault\u00bb header_font=\u00bbArial|800||on|||||\u00bb header_text_color=\u00bb#f2f2f2&#8243; header_font_size=\u00bb200px\u00bb header_2_text_color=\u00bb#C9C9C9&#8243; positioning=\u00bbabsolute\u00bb width=\u00bb100%\u00bb custom_margin=\u00bb-10px|||0px|false|false\u00bb global_colors_info=\u00bb{%22gcid-6171fa7a-a6eb-4674-b5c6-adf556ae95b8%22:%91%22header_4_text_color%22,%22header_4_text_color%22,%22header_4_text_color%22,%22header_4_text_color%22%93}\u00bb]<\/p>\n<h1 style=\"text-align: center;\"><span>TEAM<\/span><\/h1>\n<p>[\/et_pb_text][\/et_pb_column][\/et_pb_row][et_pb_row column_structure=\u00bb3_5,2_5&#8243; _builder_version=\u00bb4.22.0&#8243; _module_preset=\u00bbdefault\u00bb width=\u00bb82%\u00bb max_width=\u00bb1650px\u00bb custom_margin=\u00bb-300px||||false|false\u00bb custom_margin_tablet=\u00bb-300px||||false|false\u00bb custom_margin_phone=\u00bb0px||||false|false\u00bb custom_margin_last_edited=\u00bbon|phone\u00bb custom_padding=\u00bb0px||0px||false|false\u00bb global_colors_info=\u00bb{}\u00bb][et_pb_column type=\u00bb3_5&#8243; _builder_version=\u00bb4.22.0&#8243; _module_preset=\u00bbdefault\u00bb global_colors_info=\u00bb{}\u00bb][et_pb_text _builder_version=\u00bb4.22.0&#8243; _module_preset=\u00bbdefault\u00bb custom_padding=\u00bb400px|50px||120px|false|false\u00bb custom_padding_tablet=\u00bb400px|50px||120px|false|false\u00bb custom_padding_phone=\u00bb310px|0px||140px|false|false\u00bb custom_padding_last_edited=\u00bbon|phone\u00bb hover_enabled=\u00bb0&#8243; global_colors_info=\u00bb{}\u00bb sticky_enabled=\u00bb0&#8243;]Francisco Antonio Ruiz Escobar es Licenciado en Ciencias Econ\u00f3micas y se ha especializado en Gesti\u00f3n de Riesgos.  Obtuvo una Maestr\u00eda en Administraci\u00f3n de Empresas de la Universidad EAFIT y una Licenciatura en Contadur\u00eda P\u00fablica de la Universidad Aut\u00f3noma Latinoamericana de Barranquilla.  Con m\u00e1s de 32 a\u00f1os de experiencia en banca y finanzas, es un Profesional Certificado en Anti Lavado de Dinero, CP\/AML, FIBA.<\/p>\n<p>Trabaj\u00f3 aproximadamente 28 a\u00f1os en Bancolombia S. A. desempe\u00f1ando diversos roles como Analista de Auditor\u00eda, Contralor Regional, Gerente de Auditor\u00eda y Gerente de Oficina Comercial.  Adicionalmente, se desempe\u00f1\u00f3 durante 8 a\u00f1os como Oficial de Cumplimiento Corporativo del Grupo BANCOLOMBIA S. A. (Valores, Arrendamiento, Factoring, Fideicomiso y Tuya).  Tambi\u00e9n es profesor de Administraci\u00f3n Financiera y Mercadeo.<\/p>\n<p>Se ha desempe\u00f1ado como instructor FIBA (Federaci\u00f3n Latinoamericana de Bancos) en la Certificaci\u00f3n Profesional FELABAN para la Gesti\u00f3n de Riesgos Antilavado de Activos y Contra el Financiamiento del Terrorismo.  Tambi\u00e9n ha sido instructor del ICITAP (Programa Internacional de Asistencia a la Capacitaci\u00f3n en Investigaci\u00f3n Criminal), donde imparti\u00f3 programas de capacitaci\u00f3n sobre Gesti\u00f3n de Riesgos Antilavado de Dinero y Contra el Financiamiento del Terrorismo para Jueces, Fiscales y otras autoridades.  Adem\u00e1s, particip\u00f3 en el Consorcio Internacional Skol, Serna &#038; Ruiz, que el FIBA AML Institute emiti\u00f3 con el apoyo de FIU (Florida International University).<\/p>\n<p>Ha asistido a m\u00e1s de 40 conferencias sobre gesti\u00f3n de riesgos relacionados con el lavado de dinero y la financiaci\u00f3n del terrorismo.  Como experto en el tema, ha disertado en m\u00e1s de 35 congresos internacionales en Estados Unidos, M\u00e9xico, Centro y Sudam\u00e9rica.  Tambi\u00e9n brinda capacitaci\u00f3n sobre gesti\u00f3n de riesgos de lavado de dinero y financiamiento del terrorismo a funcionarios de diversas entidades financieras, de seguros, corretaje y arrendamiento directamente y a trav\u00e9s de asociaciones bancarias en diferentes pa\u00edses.  Brinda capacitaci\u00f3n sobre factoring y el sector real a nivel iberoamericano, incluyendo pa\u00edses como Argentina, Per\u00fa, Chile, Ecuador, Venezuela, Panam\u00e1, Costa Rica, El Salvador, Honduras, Nicaragua, Puerto Rico, M\u00e9xico y Estados Unidos. Estados.<\/p>\n<p>Ha asesorado a empresas como AJOVER S.A., Drogas la Rebaja &#8211; Coopservir y Envigado Futbol Club para ayudarlas a prevenir y controlar el lavado de dinero.  Su asesoramiento fue particularmente eficaz con las dos \u00faltimas empresas, lo que llev\u00f3 a su eliminaci\u00f3n de la Lista OFAC (Clinton).  Tambi\u00e9n ha asesorado a empresas de los sectores de miner\u00eda, salud, cannabis medicinal y marketing internacional.<\/p>\n<p>Autor del Libro Metodolog\u00eda para la Administraci\u00f3n, Autocontrol y Gesti\u00f3n de Riesgos \u2013 M, Lavado de Activos, Financiamiento del Terrorismo y Proliferaci\u00f3n de Armas de Destrucci\u00f3n Masiva, Fraude, Soborno, Corrupci\u00f3n y Evasi\u00f3n Fiscal.[\/et_pb_text][\/et_pb_column][et_pb_column type=\u00bb2_5&#8243; _builder_version=\u00bb4.22.0&#8243; _module_preset=\u00bbdefault\u00bb global_colors_info=\u00bb{}\u00bb][et_pb_text _builder_version=\u00bb4.22.0&#8243; _module_preset=\u00bbdefault\u00bb text_line_height=\u00bb1.6em\u00bb header_line_height=\u00bb1.8em\u00bb custom_margin_tablet=\u00bb\u00bb custom_margin_phone=\u00bb\u00bb custom_margin_last_edited=\u00bbon|desktop\u00bb custom_padding=\u00bb400px|50px||120px|false|false\u00bb custom_padding_tablet=\u00bb400px|50px||120px|false|false\u00bb custom_padding_phone=\u00bb218px|0px|0px|140px|false|false\u00bb custom_padding_last_edited=\u00bbon|phone\u00bb global_colors_info=\u00bb{}\u00bb]<\/p>\n<p><strong>Chronology<\/strong><\/p>\n<p>Compliance Officer \u2013 Grupo Bancolombia.<br \/>Banker \u2013 Corporaci\u00f3n Financiera Grancolombiana S.A.\n<br>Professor in Finance and Marketing.<\/p>\n<p><strong>Education<\/strong><\/p>\n<p>Economist, Master in Business Administration (M.B.A.) - Autonomous University of Barranquilla.<\/p>\n<p><strong>Skills<\/strong><\/p>\n<p>Banking.<br \/>Compliance and Money Laundering.<br \/>Strategic Planning.<br \/>Financial Analysis. <br>\nCredit Analysis.<\/p>\n<p>[\/et_pb_text][\/et_pb_column][\/et_pb_row][\/et_pb_section]<\/p>","protected":false},"excerpt":{"rendered":"<p><div class=\"et_pb_module revslider_divi revslider_divi_0\">\n\t\t\t\t\n\t\t\t\t\n\t\t\t\t\n\t\t\t\t\n\t\t\t\t\n\t\t\t\t\n\t\t\t\t<div class=\"et_pb_module_inner\">\n\t\t\t\t\t\n\t\t\t<!-- START Francisco Ruiz Escobar REVOLUTION SLIDER 6.7.5 --><p class=\"rs-p-wp-fix\"><\/p>\n\t\t\t<rs-module-wrap id=\"rev_slider_7_1_wrapper\" data-source=\"gallery\" style=\"visibility:hidden;background:transparent;padding:0;margin:0px auto;margin-top:0;margin-bottom:0;\">\n\t\t\t\t<rs-module id=\"rev_slider_7_1\" style=\"\" data-version=\"6.7.5\">\n\t\t\t\t\t<rs-slides style=\"overflow: hidden; position: absolute;\">\n\t\t\t\t\t\t<rs-slide style=\"position: absolute;\" data-key=\"rs-15\" data-title=\"Slide\" data-anim=\"ms:600;\" data-in=\"o:0;\" data-out=\"a:false;\">\n\t\t\t\t\t\t\t<img decoding=\"async\" src=\"\/\/alphaconsulting.com.pa\/wp-content\/plugins\/revslider\/sr6\/assets\/assets\/dummy.png\" alt=\"\" title=\"about-team-bg-1024&#215;455\" width=\"1024\" height=\"455\" class=\"rev-slidebg tp-rs-img rs-lazyload\" data-lazyload=\"\/\/alphaconsulting.com.pa\/wp-content\/uploads\/2023\/12\/about-team-bg-1024x455-1.jpg\" data-bg=\"p:center top;\" data-parallax=\"off\" data-panzoom=\"d:10000;ss:100;se:110;\" data-no-retina>\n<!--\n\t\t\t\t\t\t\t--><rs-layer\n\t\t\t\t\t\t\t\tid=\"slider-7-slide-15-layer-0\" \n\t\t\t\t\t\t\t\tdata-type=\"image\"\n\t\t\t\t\t\t\t\tdata-rsp_ch=\"on\"\n\t\t\t\t\t\t\t\tdata-xy=\"xo:132px,103px,78px,38px;yo:433px,341px,259px,302px;\"\n\t\t\t\t\t\t\t\tdata-text=\"w:normal;s:20,15,11,6;l:0,19,14,8;\"\n\t\t\t\t\t\t\t\tdata-dim=\"w:224px,176px,133px,82px;h:224px,176px,133px,82px;\"\n\t\t\t\t\t\t\t\tdata-frame_999=\"o:0;st:w;\"\n\t\t\t\t\t\t\t\tstyle=\"z-index:7;\"\n\t\t\t\t\t\t\t><img decoding=\"async\" src=\"\/\/alphaconsulting.com.pa\/wp-content\/plugins\/revslider\/sr6\/assets\/assets\/dummy.png\" alt=\"\" class=\"tp-rs-img rs-lazyload\" width=\"2160\" height=\"2160\" data-lazyload=\"\/\/alphaconsulting.com.pa\/wp-content\/uploads\/2024\/03\/Francisco.png\" data-no-retina> \n\t\t\t\t\t\t\t<\/rs-layer><!--\n\n\t\t\t\t\t\t\t--><rs-layer\n\t\t\t\t\t\t\t\tid=\"slider-7-slide-15-layer-1\" \n\t\t\t\t\t\t\t\tdata-type=\"text\"\n\t\t\t\t\t\t\t\tdata-rsp_ch=\"on\"\n\t\t\t\t\t\t\t\tdata-xy=\"x:l,l,l,c;xo:378px,378px,234px,151px;y:m;yo:102px,102px,-194px,74px;\"\n\t\t\t\t\t\t\t\tdata-text=\"s:70,70,45,28;l:auto,auto,auto,57;fw:500;a:center,center,center,left;\"\n\t\t\t\t\t\t\t\tdata-dim=\"w:auto,auto,510px,510px;h:auto,auto,auto,59px;\"\n\t\t\t\t\t\t\t\tdata-frame_0=\"x:50px;\"\n\t\t\t\t\t\t\t\tdata-frame_1=\"sR:10;\"\n\t\t\t\t\t\t\t\tdata-frame_999=\"o:0;st:w;sR:8690;\"\n\t\t\t\t\t\t\t\tstyle=\"z-index:5;font-family:'Montserrat';\"\n\t\t\t\t\t\t\t>Francisco Ruiz Escobar \n\t\t\t\t\t\t\t<\/rs-layer><!--\n\n\t\t\t\t\t\t\t--><rs-layer\n\t\t\t\t\t\t\t\tid=\"slider-7-slide-15-layer-2\" \n\t\t\t\t\t\t\t\tdata-type=\"text\"\n\t\t\t\t\t\t\t\tdata-rsp_ch=\"on\"\n\t\t\t\t\t\t\t\tdata-xy=\"x:l,l,l,c;xo:380px,380px,233px,96px;y:m;yo:193px,193px,-131px,108px;\"\n\t\t\t\t\t\t\t\tdata-text=\"w:normal;s:20,20,20,17;l:32,32,32,29;\"\n\t\t\t\t\t\t\t\tdata-dim=\"w:642px,642px,642px,394px;\"\n\t\t\t\t\t\t\t\tdata-frame_0=\"x:50px;\"\n\t\t\t\t\t\t\t\tdata-frame_1=\"st:280;sR:280;\"\n\t\t\t\t\t\t\t\tdata-frame_999=\"o:0;st:w;sR:8420;\"\n\t\t\t\t\t\t\t\tstyle=\"z-index:6;font-family:'Open Sans';\"\n\t\t\t\t\t\t\t>Managing Consultant \n\t\t\t\t\t\t\t<\/rs-layer><!--\n-->\t\t\t\t\t<\/rs-slide>\n\t\t\t\t\t<\/rs-slides>\n\t\t\t\t<\/rs-module>\n\t\t\t\t<script>\n\t\t\t\t\tsetREVStartSize({c: 'rev_slider_7_1',rl:[1240,1024,778,480],el:[790,768,960,500],gw:[1300,1024,778,480],gh:[790,768,960,500],type:'standard',justify:'',layout:'fullwidth',mh:\"0\"});if (window.RS_MODULES!==undefined && window.RS_MODULES.modules!==undefined && window.RS_MODULES.modules[\"revslider71\"]!==undefined) {window.RS_MODULES.modules[\"revslider71\"].once = false;window.revapi7 = undefined;if (window.RS_MODULES.checkMinimal!==undefined) window.RS_MODULES.checkMinimal()}\n\t\t\t\t<\/script>\n\t\t\t<\/rs-module-wrap>\n\t\t\t<!-- END REVOLUTION SLIDER -->\n\n\t\t\t\t<\/div>\n\t\t\t<\/div>Francisco Ruiz Escobar Managing ConsultantEQUIPOFrancisco Antonio Ruiz Escobar es Licenciado en Ciencias Econ\u00f3micas y se ha especializado en Gesti\u00f3n de Riesgos. Obtuvo una Maestr\u00eda en Administraci\u00f3n de Empresas de la Universidad EAFIT y una Licenciatura en Contadur\u00eda P\u00fablica de la Universidad Aut\u00f3noma Latinoamericana de Barranquilla. Con m\u00e1s [&hellip;]<\/p>","protected":false},"author":1,"featured_media":0,"parent":0,"menu_order":0,"comment_status":"closed","ping_status":"closed","template":"","meta":{"_et_pb_use_builder":"on","_et_pb_old_content":"","_et_gb_content_width":"","footnotes":""},"class_list":["post-1975","page","type-page","status-publish","hentry"],"yoast_head":"<!-- This site is optimized with the Yoast SEO plugin v22.5 - https:\/\/yoast.com\/wordpress\/plugins\/seo\/ -->\n<title>Francisco Ruiz Escobar - ::Alpha Consulting::<\/title>\n<meta name=\"robots\" content=\"index, follow, max-snippet:-1, max-image-preview:large, max-video-preview:-1\" \/>\n<link rel=\"canonical\" href=\"https:\/\/alphaconsulting.com.pa\/en\/francisco-ruiz-escobar\/\" \/>\n<meta property=\"og:locale\" content=\"en_US\" \/>\n<meta property=\"og:type\" content=\"article\" \/>\n<meta property=\"og:title\" content=\"Francisco Ruiz Escobar - ::Alpha Consulting::\" \/>\n<meta property=\"og:description\" content=\"Francisco Ruiz Escobar Managing ConsultantEQUIPOFrancisco Antonio Ruiz Escobar es Licenciado en Ciencias Econ\u00f3micas y se ha especializado en Gesti\u00f3n de Riesgos. Obtuvo una Maestr\u00eda en Administraci\u00f3n de Empresas de la Universidad EAFIT y una Licenciatura en Contadur\u00eda P\u00fablica de la Universidad Aut\u00f3noma Latinoamericana de Barranquilla. Con m\u00e1s [&hellip;]\" \/>\n<meta property=\"og:url\" content=\"https:\/\/alphaconsulting.com.pa\/en\/francisco-ruiz-escobar\/\" \/>\n<meta property=\"og:site_name\" content=\"::Alpha Consulting::\" \/>\n<meta property=\"article:modified_time\" content=\"2024-04-12T14:11:50+00:00\" \/>\n<meta name=\"twitter:card\" content=\"summary_large_image\" \/>\n<meta name=\"twitter:label1\" content=\"Est. reading time\" \/>\n\t<meta name=\"twitter:data1\" content=\"5 minutes\" \/>\n<script type=\"application\/ld+json\" class=\"yoast-schema-graph\">{\"@context\":\"https:\/\/schema.org\",\"@graph\":[{\"@type\":\"WebPage\",\"@id\":\"https:\/\/alphaconsulting.com.pa\/francisco-ruiz-escobar\/\",\"url\":\"https:\/\/alphaconsulting.com.pa\/francisco-ruiz-escobar\/\",\"name\":\"Francisco Ruiz Escobar - ::Alpha Consulting::\",\"isPartOf\":{\"@id\":\"https:\/\/alphaconsulting.com.pa\/#website\"},\"datePublished\":\"2024-02-24T22:52:24+00:00\",\"dateModified\":\"2024-04-12T14:11:50+00:00\",\"breadcrumb\":{\"@id\":\"https:\/\/alphaconsulting.com.pa\/francisco-ruiz-escobar\/#breadcrumb\"},\"inLanguage\":\"en-US\",\"potentialAction\":[{\"@type\":\"ReadAction\",\"target\":[\"https:\/\/alphaconsulting.com.pa\/francisco-ruiz-escobar\/\"]}]},{\"@type\":\"BreadcrumbList\",\"@id\":\"https:\/\/alphaconsulting.com.pa\/francisco-ruiz-escobar\/#breadcrumb\",\"itemListElement\":[{\"@type\":\"ListItem\",\"position\":1,\"name\":\"Home\",\"item\":\"https:\/\/alphaconsulting.com.pa\/\"},{\"@type\":\"ListItem\",\"position\":2,\"name\":\"Francisco Ruiz Escobar\"}]},{\"@type\":\"WebSite\",\"@id\":\"https:\/\/alphaconsulting.com.pa\/#website\",\"url\":\"https:\/\/alphaconsulting.com.pa\/\",\"name\":\"::Alpha Consulting::\",\"description\":\"Entendemos tus finanzas\",\"publisher\":{\"@id\":\"https:\/\/alphaconsulting.com.pa\/#organization\"},\"potentialAction\":[{\"@type\":\"SearchAction\",\"target\":{\"@type\":\"EntryPoint\",\"urlTemplate\":\"https:\/\/alphaconsulting.com.pa\/?s={search_term_string}\"},\"query-input\":\"required name=search_term_string\"}],\"inLanguage\":\"en-US\"},{\"@type\":\"Organization\",\"@id\":\"https:\/\/alphaconsulting.com.pa\/#organization\",\"name\":\"::Alpha Consulting::\",\"url\":\"https:\/\/alphaconsulting.com.pa\/\",\"logo\":{\"@type\":\"ImageObject\",\"inLanguage\":\"en-US\",\"@id\":\"https:\/\/alphaconsulting.com.pa\/#\/schema\/logo\/image\/\",\"url\":\"https:\/\/alphaconsulting.com.pa\/wp-content\/uploads\/2023\/12\/logo-alpha-1.png\",\"contentUrl\":\"https:\/\/alphaconsulting.com.pa\/wp-content\/uploads\/2023\/12\/logo-alpha-1.png\",\"width\":500,\"height\":400,\"caption\":\"::Alpha Consulting::\"},\"image\":{\"@id\":\"https:\/\/alphaconsulting.com.pa\/#\/schema\/logo\/image\/\"}}]}<\/script>\n<!-- \/ Yoast SEO plugin. -->","yoast_head_json":{"title":"Francisco Ruiz Escobar - ::Alpha Consulting::","robots":{"index":"index","follow":"follow","max-snippet":"max-snippet:-1","max-image-preview":"max-image-preview:large","max-video-preview":"max-video-preview:-1"},"canonical":"https:\/\/alphaconsulting.com.pa\/en\/francisco-ruiz-escobar\/","og_locale":"en_US","og_type":"article","og_title":"Francisco Ruiz Escobar - ::Alpha Consulting::","og_description":"Francisco Ruiz Escobar Managing ConsultantEQUIPOFrancisco Antonio Ruiz Escobar es Licenciado en Ciencias Econ\u00f3micas y se ha especializado en Gesti\u00f3n de Riesgos. Obtuvo una Maestr\u00eda en Administraci\u00f3n de Empresas de la Universidad EAFIT y una Licenciatura en Contadur\u00eda P\u00fablica de la Universidad Aut\u00f3noma Latinoamericana de Barranquilla. Con m\u00e1s [&hellip;]","og_url":"https:\/\/alphaconsulting.com.pa\/en\/francisco-ruiz-escobar\/","og_site_name":"::Alpha Consulting::","article_modified_time":"2024-04-12T14:11:50+00:00","twitter_card":"summary_large_image","twitter_misc":{"Est. reading time":"5 minutes"},"schema":{"@context":"https:\/\/schema.org","@graph":[{"@type":"WebPage","@id":"https:\/\/alphaconsulting.com.pa\/francisco-ruiz-escobar\/","url":"https:\/\/alphaconsulting.com.pa\/francisco-ruiz-escobar\/","name":"Francisco Ruiz Escobar - ::Alpha Consulting::","isPartOf":{"@id":"https:\/\/alphaconsulting.com.pa\/#website"},"datePublished":"2024-02-24T22:52:24+00:00","dateModified":"2024-04-12T14:11:50+00:00","breadcrumb":{"@id":"https:\/\/alphaconsulting.com.pa\/francisco-ruiz-escobar\/#breadcrumb"},"inLanguage":"en-US","potentialAction":[{"@type":"ReadAction","target":["https:\/\/alphaconsulting.com.pa\/francisco-ruiz-escobar\/"]}]},{"@type":"BreadcrumbList","@id":"https:\/\/alphaconsulting.com.pa\/francisco-ruiz-escobar\/#breadcrumb","itemListElement":[{"@type":"ListItem","position":1,"name":"Home","item":"https:\/\/alphaconsulting.com.pa\/"},{"@type":"ListItem","position":2,"name":"Francisco Ruiz Escobar"}]},{"@type":"WebSite","@id":"https:\/\/alphaconsulting.com.pa\/#website","url":"https:\/\/alphaconsulting.com.pa\/","name":"::Alpha Consulting::","description":"Entendemos tus finanzas","publisher":{"@id":"https:\/\/alphaconsulting.com.pa\/#organization"},"potentialAction":[{"@type":"SearchAction","target":{"@type":"EntryPoint","urlTemplate":"https:\/\/alphaconsulting.com.pa\/?s={search_term_string}"},"query-input":"required name=search_term_string"}],"inLanguage":"en-US"},{"@type":"Organization","@id":"https:\/\/alphaconsulting.com.pa\/#organization","name":"::Alpha Consulting::","url":"https:\/\/alphaconsulting.com.pa\/","logo":{"@type":"ImageObject","inLanguage":"en-US","@id":"https:\/\/alphaconsulting.com.pa\/#\/schema\/logo\/image\/","url":"https:\/\/alphaconsulting.com.pa\/wp-content\/uploads\/2023\/12\/logo-alpha-1.png","contentUrl":"https:\/\/alphaconsulting.com.pa\/wp-content\/uploads\/2023\/12\/logo-alpha-1.png","width":500,"height":400,"caption":"::Alpha Consulting::"},"image":{"@id":"https:\/\/alphaconsulting.com.pa\/#\/schema\/logo\/image\/"}}]}},"_links":{"self":[{"href":"https:\/\/alphaconsulting.com.pa\/en\/wp-json\/wp\/v2\/pages\/1975","targetHints":{"allow":["GET"]}}],"collection":[{"href":"https:\/\/alphaconsulting.com.pa\/en\/wp-json\/wp\/v2\/pages"}],"about":[{"href":"https:\/\/alphaconsulting.com.pa\/en\/wp-json\/wp\/v2\/types\/page"}],"author":[{"embeddable":true,"href":"https:\/\/alphaconsulting.com.pa\/en\/wp-json\/wp\/v2\/users\/1"}],"replies":[{"embeddable":true,"href":"https:\/\/alphaconsulting.com.pa\/en\/wp-json\/wp\/v2\/comments?post=1975"}],"version-history":[{"count":0,"href":"https:\/\/alphaconsulting.com.pa\/en\/wp-json\/wp\/v2\/pages\/1975\/revisions"}],"wp:attachment":[{"href":"https:\/\/alphaconsulting.com.pa\/en\/wp-json\/wp\/v2\/media?parent=1975"}],"curies":[{"name":"wp","href":"https:\/\/api.w.org\/{rel}","templated":true}]}}