{"id":1954,"date":"2024-02-24T23:20:00","date_gmt":"2024-02-24T22:20:00","guid":{"rendered":"https:\/\/alphaconsulting.com.pa\/?page_id=1954"},"modified":"2024-04-12T09:10:44","modified_gmt":"2024-04-12T14:10:44","slug":"armando-nunez","status":"publish","type":"page","link":"https:\/\/alphaconsulting.com.pa\/en\/armando-nunez\/","title":{"rendered":"\u200bArmando A. N\u00fa\u00f1ez"},"content":{"rendered":"<p>[et_pb_section fb_built=\u00bb1&#8243; _builder_version=\u00bb4.22.0&#8243; _module_preset=\u00bbdefault\u00bb min_height=\u00bb460px\u00bb custom_margin=\u00bb-180px||||false|false\u00bb custom_padding=\u00bb10px||50px||false|false\u00bb global_colors_info=\u00bb{}\u00bb][et_pb_row _builder_version=\u00bb4.22.0&#8243; _module_preset=\u00bbdefault\u00bb width=\u00bb100%\u00bb max_width=\u00bb100%\u00bb height=\u00bb487px\u00bb max_height=\u00bb501px\u00bb global_colors_info=\u00bb{}\u00bb][et_pb_column type=\u00bb4_4&#8243; _builder_version=\u00bb4.22.0&#8243; _module_preset=\u00bbdefault\u00bb global_colors_info=\u00bb{}\u00bb][revslider_divi revslider_divi=\u00bb%91rev_slider alias=%22antonio-1%22 slidertitle=%22?Armando A. N\u00fa\u00f1ez%22%93%91\/rev_slider%93&#8243; _builder_version=\u00bb4.22.0&#8243; _module_preset=\u00bbdefault\u00bb global_colors_info=\u00bb{}\u00bb][\/revslider_divi][\/et_pb_column][\/et_pb_row][\/et_pb_section][et_pb_section fb_built=\u00bb1&#8243; disabled_on=\u00bboff|off|off\u00bb _builder_version=\u00bb4.22.0&#8243; _module_preset=\u00bbdefault\u00bb background_color=\u00bbRGBA(255,255,255,0)\u00bb custom_margin=\u00bb250px||||false|false\u00bb custom_margin_tablet=\u00bb200px||||false|false\u00bb custom_margin_phone=\u00bb-456px||||false|false\u00bb custom_margin_last_edited=\u00bbon|phone\u00bb custom_padding=\u00bb250px||||false|false\u00bb global_colors_info=\u00bb{}\u00bb][et_pb_row _builder_version=\u00bb4.22.0&#8243; _module_preset=\u00bbdefault\u00bb width=\u00bb82%\u00bb max_width=\u00bb1650px\u00bb custom_margin=\u00bb||||false|false\u00bb custom_margin_tablet=\u00bb150px||||false|false\u00bb custom_margin_phone=\u00bb150px||||false|false\u00bb custom_margin_last_edited=\u00bbon|phone\u00bb custom_padding=\u00bb||||false|false\u00bb global_colors_info=\u00bb{}\u00bb][et_pb_column type=\u00bb4_4&#8243; _builder_version=\u00bb4.22.0&#8243; _module_preset=\u00bbdefault\u00bb global_colors_info=\u00bb{}\u00bb][et_pb_text _builder_version=\u00bb4.22.0&#8243; _module_preset=\u00bbdefault\u00bb header_text_align=\u00bbleft\u00bb header_2_text_color=\u00bb#3740B0&#8243; positioning=\u00bbabsolute\u00bb z_index=\u00bb1&#8243; width=\u00bb100%\u00bb custom_margin=\u00bb50px|||0px|false|false\u00bb custom_margin_tablet=\u00bb0px|||0px|false|false\u00bb custom_margin_phone=\u00bb12px|||0px|false|false\u00bb custom_margin_last_edited=\u00bbon|phone\u00bb custom_padding=\u00bb0px||||false|false\u00bb global_colors_info=\u00bb{%22gcid-6171fa7a-a6eb-4674-b5c6-adf556ae95b8%22:%91%22header_4_text_color%22%93}\u00bb]<\/p>\n<h2 style=\"text-align: center;\"><span>Armando A. N\u00fa\u00f1ez<\/span><\/h2>\n<h5 style=\"text-align: center;\"><span>Managing Consultant<\/span><\/h5>\n<p>[\/et_pb_text][et_pb_text disabled_on=\u00bbon|on|off\u00bb _builder_version=\u00bb4.22.0&#8243; _module_preset=\u00bbdefault\u00bb header_font=\u00bbArial|800||on|||||\u00bb header_text_color=\u00bb#f2f2f2&#8243; header_font_size=\u00bb200px\u00bb header_2_text_color=\u00bb#C9C9C9&#8243; positioning=\u00bbabsolute\u00bb width=\u00bb100%\u00bb custom_margin=\u00bb-10px|||0px|false|false\u00bb global_colors_info=\u00bb{%22gcid-6171fa7a-a6eb-4674-b5c6-adf556ae95b8%22:%91%22header_4_text_color%22,%22header_4_text_color%22,%22header_4_text_color%22,%22header_4_text_color%22%93}\u00bb]<\/p>\n<h1 style=\"text-align: center;\"><span>TEAM<\/span><\/h1>\n<p>[\/et_pb_text][\/et_pb_column][\/et_pb_row][et_pb_row column_structure=\u00bb3_5,2_5&#8243; _builder_version=\u00bb4.22.0&#8243; _module_preset=\u00bbdefault\u00bb width=\u00bb82%\u00bb max_width=\u00bb1650px\u00bb custom_margin=\u00bb-300px||||false|false\u00bb custom_margin_tablet=\u00bb-300px||||false|false\u00bb custom_margin_phone=\u00bb0px||||false|false\u00bb custom_margin_last_edited=\u00bbon|phone\u00bb custom_padding=\u00bb0px||0px||false|false\u00bb global_colors_info=\u00bb{}\u00bb][et_pb_column type=\u00bb3_5&#8243; _builder_version=\u00bb4.22.0&#8243; _module_preset=\u00bbdefault\u00bb global_colors_info=\u00bb{}\u00bb][et_pb_text _builder_version=\u00bb4.22.0&#8243; _module_preset=\u00bbdefault\u00bb custom_padding=\u00bb400px|50px||120px|false|false\u00bb custom_padding_tablet=\u00bb400px|50px||120px|false|false\u00bb custom_padding_phone=\u00bb310px|0px||140px|false|false\u00bb custom_padding_last_edited=\u00bbon|phone\u00bb hover_enabled=\u00bb0&#8243; global_colors_info=\u00bb{}\u00bb sticky_enabled=\u00bb0&#8243;]Armando A. N\u00fa\u00f1ez es egresado de The Florida State University donde obtiene una Licenciatura en Econom\u00eda y una Maestr\u00eda en Finanzas.  Mientras trabajaba en el Philadelphia National Bank, complet\u00f3 el \u00abAdvanced Management Program for Overseas Bankers (AMPOB)\u00bb en The Wharton Business School de la Universidad de Pennsylvania, EE.UU.<\/p>\n<p>El programa fue dise\u00f1ado para proporcionar un plan de estudios integral y riguroso que se centr\u00f3 en los aspectos financieros de la banca internacional, incluida la gesti\u00f3n de riesgos, divisas, mercados de capitales y planificaci\u00f3n estrat\u00e9gica. La participaci\u00f3n del Sr. N\u00fa\u00f1ez en el programa fue un testimonio de su compromiso con su desarrollo profesional y su b\u00fasqueda de la excelencia en finanzas.<\/p>\n<p>Luego de finalizar sus estudios universitarios, inici\u00f3 su carrera profesional como pasante para Instituciones Bancarias Latinoamericanas en el Banco Latinoamericano de Exportaciones, S.A. A lo largo de veinte a\u00f1os, fue ascendiendo en Bladex, desempe\u00f1\u00e1ndose en diversos cargos incluyendo Proyectos Especiales, Gesti\u00f3n de Riesgos, Cr\u00e9dito y Administraci\u00f3n, y Cr\u00e9dito y Marketing.  Su perspicacia profesional y dedicaci\u00f3n a su trabajo le permitieron progresar en los rangos y contribuir al \u00e9xito de la organizaci\u00f3n.<\/p>\n<p>A lo largo de su carrera profesional ha acumulado una amplia experiencia en los sistemas financieros de Centroam\u00e9rica y Panam\u00e1.  Es experto en el an\u00e1lisis financiero de bancos comerciales en Am\u00e9rica Latina y trabaj\u00f3 en varios pa\u00edses de la regi\u00f3n.  Su conocimiento y experiencia le han valido un amplio respeto y reconocimiento.  Actualmente, se desempe\u00f1a como miembro del equipo de Empire Business Brokers y ocupa el cargo de Profesor de Contabilidad en The Florida State University \u2014Campus de Panam\u00e1.[\/et_pb_text][\/et_pb_column][et_pb_column type=\u00bb2_5&#8243; _builder_version=\u00bb4.22.0&#8243; _module_preset=\u00bbdefault\u00bb global_colors_info=\u00bb{}\u00bb][et_pb_text _builder_version=\u00bb4.22.0&#8243; _module_preset=\u00bbdefault\u00bb custom_padding=\u00bb400px|50px||120px|false|false\u00bb custom_padding_tablet=\u00bb400px|50px||120px|false|false\u00bb custom_padding_phone=\u00bb218px||0px|140px|false|false\u00bb custom_padding_last_edited=\u00bbon|phone\u00bb hover_enabled=\u00bb0&#8243; global_colors_info=\u00bb{}\u00bb sticky_enabled=\u00bb0&#8243;]<strong>Chronology<\/strong><\/p>\n<p>Vicepresident of Retail Banking \u2013 Bankboston Panam\u00e1.<br \/>\nGeneral Manager \u2013 Banco Nicarag\u00fcense de Industria y Comercio.<br \/>\nVicepresident \u2013 Credit Risk - Banco Latinoamericano de Exportaciones (BLADEX).\nInstructor, International Banking Institute of Panama.<br \/>\nInstructor, International Banking Institute of Panama.<br \/>\nProfessor, The Florida State University \u2013 Panama Branch, Business School.<\/p>\n<p><strong>Education<\/strong><\/p>\n<p>Master of Business Administration specializing in Finance \u2013 The Florida State University.<br \/>\nBachelor of Science Economics \u2013 The Florida State University.<\/p>\n<p><strong>Skills<\/strong><\/p>\n<p>Banking.<br \/>\nCorporate Finance.<br \/>\nFinancial Analysis. <br>\nCredit Analysis.<br \/>\nAdministraci\u00f3n de Riesgo.<br \/>\nAn\u00e1lisis de Cr\u00e9dito.<br \/>\n[\/et_pb_text][\/et_pb_column][\/et_pb_row][\/et_pb_section]<\/p>","protected":false},"excerpt":{"rendered":"<p><div class=\"et_pb_module revslider_divi revslider_divi_0\">\n\t\t\t\t\n\t\t\t\t\n\t\t\t\t\n\t\t\t\t\n\t\t\t\t\n\t\t\t\t\n\t\t\t\t<div class=\"et_pb_module_inner\">\n\t\t\t\t\t\n\t\t\t<!-- START ?Armando A. N\u00fa\u00f1ez REVOLUTION SLIDER 6.7.5 --><p class=\"rs-p-wp-fix\"><\/p>\n\t\t\t<rs-module-wrap id=\"rev_slider_6_1_wrapper\" data-source=\"gallery\" style=\"visibility:hidden;background:transparent;padding:0;margin:0px auto;margin-top:0;margin-bottom:0;\">\n\t\t\t\t<rs-module id=\"rev_slider_6_1\" style=\"\" data-version=\"6.7.5\">\n\t\t\t\t\t<rs-slides style=\"overflow: hidden; position: absolute;\">\n\t\t\t\t\t\t<rs-slide style=\"position: absolute;\" data-key=\"rs-14\" data-title=\"Slide\" data-anim=\"ms:600;\" data-in=\"o:0;\" data-out=\"a:false;\">\n\t\t\t\t\t\t\t<img decoding=\"async\" src=\"\/\/alphaconsulting.com.pa\/wp-content\/plugins\/revslider\/sr6\/assets\/assets\/dummy.png\" alt=\"\" title=\"about-team-bg-1024&#215;455\" width=\"1024\" height=\"455\" class=\"rev-slidebg tp-rs-img rs-lazyload\" data-lazyload=\"\/\/alphaconsulting.com.pa\/wp-content\/uploads\/2023\/12\/about-team-bg-1024x455-1.jpg\" data-bg=\"p:center top;\" data-parallax=\"off\" data-panzoom=\"d:10000;ss:100;se:110;\" data-no-retina>\n<!--\n\t\t\t\t\t\t\t--><rs-layer\n\t\t\t\t\t\t\t\tid=\"slider-6-slide-14-layer-0\" \n\t\t\t\t\t\t\t\tdata-type=\"image\"\n\t\t\t\t\t\t\t\tdata-rsp_ch=\"on\"\n\t\t\t\t\t\t\t\tdata-xy=\"xo:132px,103px,78px,38px;yo:433px,341px,259px,302px;\"\n\t\t\t\t\t\t\t\tdata-text=\"w:normal;s:20,15,11,6;l:0,19,14,8;\"\n\t\t\t\t\t\t\t\tdata-dim=\"w:224px,176px,133px,82px;h:224px,176px,133px,82px;\"\n\t\t\t\t\t\t\t\tdata-frame_999=\"o:0;st:w;\"\n\t\t\t\t\t\t\t\tstyle=\"z-index:7;\"\n\t\t\t\t\t\t\t><img decoding=\"async\" src=\"\/\/alphaconsulting.com.pa\/wp-content\/plugins\/revslider\/sr6\/assets\/assets\/dummy.png\" alt=\"\" class=\"tp-rs-img rs-lazyload\" width=\"1755\" height=\"1755\" data-lazyload=\"\/\/alphaconsulting.com.pa\/wp-content\/uploads\/2024\/03\/Manuel_.png\" data-no-retina> \n\t\t\t\t\t\t\t<\/rs-layer><!--\n\n\t\t\t\t\t\t\t--><rs-layer\n\t\t\t\t\t\t\t\tid=\"slider-6-slide-14-layer-1\" \n\t\t\t\t\t\t\t\tdata-type=\"text\"\n\t\t\t\t\t\t\t\tdata-rsp_ch=\"on\"\n\t\t\t\t\t\t\t\tdata-xy=\"x:l,l,l,c;xo:378px,334px,226px,29px;y:m;yo:102px,-10px,-194px,80px;\"\n\t\t\t\t\t\t\t\tdata-text=\"s:70,60,40,28;l:auto,auto,auto,57;fw:500;a:center,center,center,left;\"\n\t\t\t\t\t\t\t\tdata-dim=\"h:auto,auto,auto,59px;\"\n\t\t\t\t\t\t\t\tdata-frame_0=\"x:50px;\"\n\t\t\t\t\t\t\t\tdata-frame_1=\"sR:10;\"\n\t\t\t\t\t\t\t\tdata-frame_999=\"o:0;st:w;sR:8690;\"\n\t\t\t\t\t\t\t\tstyle=\"z-index:5;font-family:'Montserrat';\"\n\t\t\t\t\t\t\t>\u200bArmando A. N\u00fa\u00f1ez \n\t\t\t\t\t\t\t<\/rs-layer><!--\n\n\t\t\t\t\t\t\t--><rs-layer\n\t\t\t\t\t\t\t\tid=\"slider-6-slide-14-layer-2\" \n\t\t\t\t\t\t\t\tdata-type=\"text\"\n\t\t\t\t\t\t\t\tdata-rsp_ch=\"on\"\n\t\t\t\t\t\t\t\tdata-xy=\"x:l,l,l,c;xo:380px,331px,228px,94px;y:m;yo:193px,65px,-140px,107px;\"\n\t\t\t\t\t\t\t\tdata-text=\"w:normal;s:20,20,20,17;l:32,32,32,29;\"\n\t\t\t\t\t\t\t\tdata-dim=\"w:642px,642px,642px,394px;\"\n\t\t\t\t\t\t\t\tdata-frame_0=\"x:50px;\"\n\t\t\t\t\t\t\t\tdata-frame_1=\"st:280;sR:280;\"\n\t\t\t\t\t\t\t\tdata-frame_999=\"o:0;st:w;sR:8420;\"\n\t\t\t\t\t\t\t\tstyle=\"z-index:6;font-family:'Open Sans';\"\n\t\t\t\t\t\t\t>Managing Consultant \n\t\t\t\t\t\t\t<\/rs-layer><!--\n-->\t\t\t\t\t<\/rs-slide>\n\t\t\t\t\t<\/rs-slides>\n\t\t\t\t<\/rs-module>\n\t\t\t\t<script>\n\t\t\t\t\tsetREVStartSize({c: 'rev_slider_6_1',rl:[1240,1024,778,480],el:[790,768,960,500],gw:[1300,1024,778,480],gh:[790,768,960,500],type:'standard',justify:'',layout:'fullwidth',mh:\"0\"});if (window.RS_MODULES!==undefined && window.RS_MODULES.modules!==undefined && window.RS_MODULES.modules[\"revslider61\"]!==undefined) {window.RS_MODULES.modules[\"revslider61\"].once = false;window.revapi6 = undefined;if (window.RS_MODULES.checkMinimal!==undefined) window.RS_MODULES.checkMinimal()}\n\t\t\t\t<\/script>\n\t\t\t<\/rs-module-wrap>\n\t\t\t<!-- END REVOLUTION SLIDER -->\n\n\t\t\t\t<\/div>\n\t\t\t<\/div>Armando A. N\u00fa\u00f1ez Managing ConsultantEQUIPOArmando A. N\u00fa\u00f1ez es egresado de The Florida State University donde obtiene una Licenciatura en Econom\u00eda y una Maestr\u00eda en Finanzas. Mientras trabajaba en el Philadelphia National Bank, complet\u00f3 el \u00abAdvanced Management Program for Overseas Bankers (AMPOB)\u00bb en The Wharton Business School de [&hellip;]<\/p>","protected":false},"author":1,"featured_media":0,"parent":0,"menu_order":0,"comment_status":"closed","ping_status":"closed","template":"","meta":{"_et_pb_use_builder":"on","_et_pb_old_content":"","_et_gb_content_width":"","footnotes":""},"class_list":["post-1954","page","type-page","status-publish","hentry"],"yoast_head":"<!-- This site is optimized with the Yoast SEO plugin v22.5 - https:\/\/yoast.com\/wordpress\/plugins\/seo\/ -->\n<title>\u200bArmando A. N\u00fa\u00f1ez - ::Alpha Consulting::<\/title>\n<meta name=\"robots\" content=\"index, follow, max-snippet:-1, max-image-preview:large, max-video-preview:-1\" \/>\n<link rel=\"canonical\" href=\"https:\/\/alphaconsulting.com.pa\/en\/armando-nunez\/\" \/>\n<meta property=\"og:locale\" content=\"en_US\" \/>\n<meta property=\"og:type\" content=\"article\" \/>\n<meta property=\"og:title\" content=\"\u200bArmando A. N\u00fa\u00f1ez - ::Alpha Consulting::\" \/>\n<meta property=\"og:description\" content=\"Armando A. N\u00fa\u00f1ez Managing ConsultantEQUIPOArmando A. N\u00fa\u00f1ez es egresado de The Florida State University donde obtiene una Licenciatura en Econom\u00eda y una Maestr\u00eda en Finanzas. Mientras trabajaba en el Philadelphia National Bank, complet\u00f3 el &quot;Advanced Management Program for Overseas Bankers (AMPOB)&quot; en The Wharton Business School de [&hellip;]\" \/>\n<meta property=\"og:url\" content=\"https:\/\/alphaconsulting.com.pa\/en\/armando-nunez\/\" \/>\n<meta property=\"og:site_name\" content=\"::Alpha Consulting::\" \/>\n<meta property=\"article:modified_time\" content=\"2024-04-12T14:10:44+00:00\" \/>\n<meta name=\"twitter:card\" content=\"summary_large_image\" \/>\n<meta name=\"twitter:label1\" content=\"Est. reading time\" \/>\n\t<meta name=\"twitter:data1\" content=\"5 minutes\" \/>\n<script type=\"application\/ld+json\" class=\"yoast-schema-graph\">{\"@context\":\"https:\/\/schema.org\",\"@graph\":[{\"@type\":\"WebPage\",\"@id\":\"https:\/\/alphaconsulting.com.pa\/armando-nunez\/\",\"url\":\"https:\/\/alphaconsulting.com.pa\/armando-nunez\/\",\"name\":\"\u200bArmando A. N\u00fa\u00f1ez - ::Alpha Consulting::\",\"isPartOf\":{\"@id\":\"https:\/\/alphaconsulting.com.pa\/#website\"},\"datePublished\":\"2024-02-24T22:20:00+00:00\",\"dateModified\":\"2024-04-12T14:10:44+00:00\",\"breadcrumb\":{\"@id\":\"https:\/\/alphaconsulting.com.pa\/armando-nunez\/#breadcrumb\"},\"inLanguage\":\"en-US\",\"potentialAction\":[{\"@type\":\"ReadAction\",\"target\":[\"https:\/\/alphaconsulting.com.pa\/armando-nunez\/\"]}]},{\"@type\":\"BreadcrumbList\",\"@id\":\"https:\/\/alphaconsulting.com.pa\/armando-nunez\/#breadcrumb\",\"itemListElement\":[{\"@type\":\"ListItem\",\"position\":1,\"name\":\"Home\",\"item\":\"https:\/\/alphaconsulting.com.pa\/\"},{\"@type\":\"ListItem\",\"position\":2,\"name\":\"\u200bArmando A. N\u00fa\u00f1ez\"}]},{\"@type\":\"WebSite\",\"@id\":\"https:\/\/alphaconsulting.com.pa\/#website\",\"url\":\"https:\/\/alphaconsulting.com.pa\/\",\"name\":\"::Alpha Consulting::\",\"description\":\"Entendemos tus finanzas\",\"publisher\":{\"@id\":\"https:\/\/alphaconsulting.com.pa\/#organization\"},\"potentialAction\":[{\"@type\":\"SearchAction\",\"target\":{\"@type\":\"EntryPoint\",\"urlTemplate\":\"https:\/\/alphaconsulting.com.pa\/?s={search_term_string}\"},\"query-input\":\"required name=search_term_string\"}],\"inLanguage\":\"en-US\"},{\"@type\":\"Organization\",\"@id\":\"https:\/\/alphaconsulting.com.pa\/#organization\",\"name\":\"::Alpha Consulting::\",\"url\":\"https:\/\/alphaconsulting.com.pa\/\",\"logo\":{\"@type\":\"ImageObject\",\"inLanguage\":\"en-US\",\"@id\":\"https:\/\/alphaconsulting.com.pa\/#\/schema\/logo\/image\/\",\"url\":\"https:\/\/alphaconsulting.com.pa\/wp-content\/uploads\/2023\/12\/logo-alpha-1.png\",\"contentUrl\":\"https:\/\/alphaconsulting.com.pa\/wp-content\/uploads\/2023\/12\/logo-alpha-1.png\",\"width\":500,\"height\":400,\"caption\":\"::Alpha Consulting::\"},\"image\":{\"@id\":\"https:\/\/alphaconsulting.com.pa\/#\/schema\/logo\/image\/\"}}]}<\/script>\n<!-- \/ Yoast SEO plugin. -->","yoast_head_json":{"title":"\u200bArmando A. N\u00fa\u00f1ez - ::Alpha Consulting::","robots":{"index":"index","follow":"follow","max-snippet":"max-snippet:-1","max-image-preview":"max-image-preview:large","max-video-preview":"max-video-preview:-1"},"canonical":"https:\/\/alphaconsulting.com.pa\/en\/armando-nunez\/","og_locale":"en_US","og_type":"article","og_title":"\u200bArmando A. N\u00fa\u00f1ez - ::Alpha Consulting::","og_description":"Armando A. N\u00fa\u00f1ez Managing ConsultantEQUIPOArmando A. N\u00fa\u00f1ez es egresado de The Florida State University donde obtiene una Licenciatura en Econom\u00eda y una Maestr\u00eda en Finanzas. Mientras trabajaba en el Philadelphia National Bank, complet\u00f3 el \"Advanced Management Program for Overseas Bankers (AMPOB)\" en The Wharton Business School de [&hellip;]","og_url":"https:\/\/alphaconsulting.com.pa\/en\/armando-nunez\/","og_site_name":"::Alpha Consulting::","article_modified_time":"2024-04-12T14:10:44+00:00","twitter_card":"summary_large_image","twitter_misc":{"Est. reading time":"5 minutes"},"schema":{"@context":"https:\/\/schema.org","@graph":[{"@type":"WebPage","@id":"https:\/\/alphaconsulting.com.pa\/armando-nunez\/","url":"https:\/\/alphaconsulting.com.pa\/armando-nunez\/","name":"\u200bArmando A. N\u00fa\u00f1ez - ::Alpha Consulting::","isPartOf":{"@id":"https:\/\/alphaconsulting.com.pa\/#website"},"datePublished":"2024-02-24T22:20:00+00:00","dateModified":"2024-04-12T14:10:44+00:00","breadcrumb":{"@id":"https:\/\/alphaconsulting.com.pa\/armando-nunez\/#breadcrumb"},"inLanguage":"en-US","potentialAction":[{"@type":"ReadAction","target":["https:\/\/alphaconsulting.com.pa\/armando-nunez\/"]}]},{"@type":"BreadcrumbList","@id":"https:\/\/alphaconsulting.com.pa\/armando-nunez\/#breadcrumb","itemListElement":[{"@type":"ListItem","position":1,"name":"Home","item":"https:\/\/alphaconsulting.com.pa\/"},{"@type":"ListItem","position":2,"name":"\u200bArmando A. N\u00fa\u00f1ez"}]},{"@type":"WebSite","@id":"https:\/\/alphaconsulting.com.pa\/#website","url":"https:\/\/alphaconsulting.com.pa\/","name":"::Alpha Consulting::","description":"Entendemos tus finanzas","publisher":{"@id":"https:\/\/alphaconsulting.com.pa\/#organization"},"potentialAction":[{"@type":"SearchAction","target":{"@type":"EntryPoint","urlTemplate":"https:\/\/alphaconsulting.com.pa\/?s={search_term_string}"},"query-input":"required name=search_term_string"}],"inLanguage":"en-US"},{"@type":"Organization","@id":"https:\/\/alphaconsulting.com.pa\/#organization","name":"::Alpha Consulting::","url":"https:\/\/alphaconsulting.com.pa\/","logo":{"@type":"ImageObject","inLanguage":"en-US","@id":"https:\/\/alphaconsulting.com.pa\/#\/schema\/logo\/image\/","url":"https:\/\/alphaconsulting.com.pa\/wp-content\/uploads\/2023\/12\/logo-alpha-1.png","contentUrl":"https:\/\/alphaconsulting.com.pa\/wp-content\/uploads\/2023\/12\/logo-alpha-1.png","width":500,"height":400,"caption":"::Alpha Consulting::"},"image":{"@id":"https:\/\/alphaconsulting.com.pa\/#\/schema\/logo\/image\/"}}]}},"_links":{"self":[{"href":"https:\/\/alphaconsulting.com.pa\/en\/wp-json\/wp\/v2\/pages\/1954","targetHints":{"allow":["GET"]}}],"collection":[{"href":"https:\/\/alphaconsulting.com.pa\/en\/wp-json\/wp\/v2\/pages"}],"about":[{"href":"https:\/\/alphaconsulting.com.pa\/en\/wp-json\/wp\/v2\/types\/page"}],"author":[{"embeddable":true,"href":"https:\/\/alphaconsulting.com.pa\/en\/wp-json\/wp\/v2\/users\/1"}],"replies":[{"embeddable":true,"href":"https:\/\/alphaconsulting.com.pa\/en\/wp-json\/wp\/v2\/comments?post=1954"}],"version-history":[{"count":0,"href":"https:\/\/alphaconsulting.com.pa\/en\/wp-json\/wp\/v2\/pages\/1954\/revisions"}],"wp:attachment":[{"href":"https:\/\/alphaconsulting.com.pa\/en\/wp-json\/wp\/v2\/media?parent=1954"}],"curies":[{"name":"wp","href":"https:\/\/api.w.org\/{rel}","templated":true}]}}