{"id":1559,"date":"2023-12-19T23:55:31","date_gmt":"2023-12-19T22:55:31","guid":{"rendered":"https:\/\/alphaconsulting.com.pa\/?page_id=1559"},"modified":"2024-04-18T15:55:14","modified_gmt":"2024-04-18T20:55:14","slug":"antonio","status":"publish","type":"page","link":"https:\/\/alphaconsulting.com.pa\/en\/antonio\/","title":{"rendered":"Antonio"},"content":{"rendered":"<p>[et_pb_section fb_built=\u00bb1&#8243; _builder_version=\u00bb4.22.0&#8243; _module_preset=\u00bbdefault\u00bb min_height=\u00bb460px\u00bb custom_margin=\u00bb-180px||||false|false\u00bb custom_padding=\u00bb10px||50px||false|false\u00bb global_colors_info=\u00bb{}\u00bb][et_pb_row _builder_version=\u00bb4.22.0&#8243; _module_preset=\u00bbdefault\u00bb width=\u00bb100%\u00bb max_width=\u00bb100%\u00bb height=\u00bb487px\u00bb max_height=\u00bb501px\u00bb global_colors_info=\u00bb{}\u00bb][et_pb_column type=\u00bb4_4&#8243; _builder_version=\u00bb4.22.0&#8243; _module_preset=\u00bbdefault\u00bb global_colors_info=\u00bb{}\u00bb][revslider_divi revslider_divi=\u00bb%91rev_slider alias=%22nosotros-1%22 slidertitle=%22Antonio%22%93%91\/rev_slider%93&#8243; _builder_version=\u00bb4.22.0&#8243; _module_preset=\u00bbdefault\u00bb global_colors_info=\u00bb{}\u00bb][\/revslider_divi][\/et_pb_column][\/et_pb_row][\/et_pb_section][et_pb_section fb_built=\u00bb1&#8243; disabled_on=\u00bboff|off|off\u00bb _builder_version=\u00bb4.22.0&#8243; _module_preset=\u00bbdefault\u00bb background_color=\u00bbRGBA(255,255,255,0)\u00bb custom_margin=\u00bb250px||||false|false\u00bb custom_margin_tablet=\u00bb200px||||false|false\u00bb custom_margin_phone=\u00bb-456px||||false|false\u00bb custom_margin_last_edited=\u00bbon|phone\u00bb custom_padding=\u00bb250px||||false|false\u00bb global_colors_info=\u00bb{}\u00bb][et_pb_row _builder_version=\u00bb4.22.0&#8243; _module_preset=\u00bbdefault\u00bb width=\u00bb82%\u00bb max_width=\u00bb1650px\u00bb custom_margin=\u00bb||||false|false\u00bb custom_margin_tablet=\u00bb150px||||false|false\u00bb custom_margin_phone=\u00bb150px||||false|false\u00bb custom_margin_last_edited=\u00bbon|phone\u00bb custom_padding=\u00bb||||false|false\u00bb global_colors_info=\u00bb{}\u00bb][et_pb_column type=\u00bb4_4&#8243; _builder_version=\u00bb4.22.0&#8243; _module_preset=\u00bbdefault\u00bb global_colors_info=\u00bb{}\u00bb][et_pb_text disabled_on=\u00bboff|off|off\u00bb _builder_version=\u00bb4.22.0&#8243; _module_preset=\u00bbdefault\u00bb header_text_align=\u00bbleft\u00bb header_2_text_color=\u00bb#3740B0&#8243; positioning=\u00bbabsolute\u00bb z_index=\u00bb1&#8243; width=\u00bb100%\u00bb custom_margin=\u00bb50px|||0px|false|false\u00bb custom_margin_tablet=\u00bb0px|||0px|false|false\u00bb custom_margin_phone=\u00bb12px|||0px|false|false\u00bb custom_margin_last_edited=\u00bbon|phone\u00bb custom_padding=\u00bb0px||||false|false\u00bb global_colors_info=\u00bb{%22gcid-6171fa7a-a6eb-4674-b5c6-adf556ae95b8%22:%91%22header_4_text_color%22%93}\u00bb]<\/p>\n<h2 style=\"text-align: center;\"><span>Antonio P. Saiz<\/span><\/h2>\n<h5 style=\"text-align: center;\"><span>Managing Director<\/span><\/h5>\n<p>[\/et_pb_text][et_pb_text disabled_on=\u00bbon|on|off\u00bb _builder_version=\u00bb4.22.0&#8243; _module_preset=\u00bbdefault\u00bb header_font=\u00bbArial|800||on|||||\u00bb header_text_color=\u00bb#f2f2f2&#8243; header_font_size=\u00bb200px\u00bb header_2_text_color=\u00bb#C9C9C9&#8243; positioning=\u00bbabsolute\u00bb width=\u00bb100%\u00bb custom_margin=\u00bb-10px|||0px|false|false\u00bb global_colors_info=\u00bb{%22gcid-6171fa7a-a6eb-4674-b5c6-adf556ae95b8%22:%91%22header_4_text_color%22,%22header_4_text_color%22,%22header_4_text_color%22,%22header_4_text_color%22%93}\u00bb]<\/p>\n<h1 style=\"text-align: center;\"><span>TEAM<\/span><\/h1>\n<p>[\/et_pb_text][\/et_pb_column][\/et_pb_row][et_pb_row column_structure=\u00bb3_5,2_5&#8243; _builder_version=\u00bb4.22.0&#8243; _module_preset=\u00bbdefault\u00bb z_index=\u00bb1&#8243; width=\u00bb82%\u00bb max_width=\u00bb1650px\u00bb custom_margin=\u00bb-300px||||false|false\u00bb custom_padding=\u00bb0px||0px||false|false\u00bb global_colors_info=\u00bb{}\u00bb][et_pb_column type=\u00bb3_5&#8243; _builder_version=\u00bb4.22.0&#8243; _module_preset=\u00bbdefault\u00bb global_colors_info=\u00bb{}\u00bb][et_pb_text _builder_version=\u00bb4.22.0&#8243; _module_preset=\u00bbdefault\u00bb custom_padding=\u00bb400px|50px||120px|false|false\u00bb custom_padding_tablet=\u00bb400px|50px||120px|false|false\u00bb custom_padding_phone=\u00bb310px|0px||140px|false|false\u00bb custom_padding_last_edited=\u00bbon|phone\u00bb hover_enabled=\u00bb0&#8243; global_colors_info=\u00bb{}\u00bb sticky_enabled=\u00bb0&#8243;]<\/p>\n<p>Antonio Saiz es egresado de The University of North Carolina at Wilmington, donde obtiene dos Licenciaturas en Ciencias en Econom\u00eda y Finanzas. Luego de su graduaci\u00f3n, cursa programas especializados en Finanzas, Mercadeo y Econom\u00eda Internacional en The American University en Washington, D.C. En 2020, complet\u00f3 su Maestr\u00eda en Ciencias en Finanzas con especializaci\u00f3n en Finanzas Corporativas en Northeastern University en Boston, Massachusetts.<\/p>\n<p>Inici\u00f3 su carrera profesional como Analista Financiero y Oficial de Cr\u00e9dito en el Banco Latinoamericano de Exportaciones, S.A (BLADEX). Su rol en BLADEX implic\u00f3 realizar an\u00e1lisis cuantitativos y cualitativos de bancos comerciales utilizando la metodolog\u00eda CAMEL. Bajo esta metodolog\u00eda, su enfoque era identificar tendencias futuras y evaluar riesgos potenciales asociados con la adecuaci\u00f3n de capital, calidad de los activos, eficacia administrativa, rentabilidad y liquidez de m\u00e1s de 100 bancos en Am\u00e9rica Latina, Europa, Asia, Canad\u00e1 y Estados Unidos.<\/p>\n<p>Como analista, fue miembro del Comit\u00e9 de Riesgo de Cr\u00e9dito, que guiaba las decisiones de inversi\u00f3n relacionadas con l\u00edneas de cr\u00e9dito multimillonarias para comercio exterior. Adem\u00e1s, adquiri\u00f3 experiencia desarrollando modelos financieros para evaluar el riesgo crediticio y la capacidad de repago de los bancos bajo su supervisi\u00f3n.<\/p>\n<p>En septiembre de 1999 fund\u00f3 SAAM Consulting Inc., una empresa de consultor\u00eda financiera con sede en Panam\u00e1. Durante su gesti\u00f3n en SAAM Consulting supervis\u00f3 un equipo de diez consultores donde jug\u00f3 un papel activo en su reclutamiento, capacitaci\u00f3n y desarrollo. Los consultores fueron responsables de llevar a cabo una amplia gama de proyectos, incluidos an\u00e1lisis financieros, valoraciones de empresas, desarrollo de productos financieros, subcontrataci\u00f3n financiera, an\u00e1lisis macroecon\u00f3micos, estudios de viabilidad, plan de negocios y prospectos de inversi\u00f3n.<\/p>\n<p>Junto a su equipo, lider\u00f3 y ejecut\u00f3 36 proyectos para diversas empresas paname\u00f1as. Cada proyecto ten\u00eda requisitos y objetivos \u00fanicos, asegurando que se mantuviera un alto profesionalismo y compromiso para entregar resultados de alta calidad durante todo el proceso.<\/p>\n<p>En 2003 cre\u00f3 su segunda empresa, SAAM Investments, que ofrec\u00eda servicios de asesor\u00eda en inversiones. En SAAM Investments ocup\u00f3 un cargo de liderazgo supervisando un equipo de seis asesores de inversiones. Como parte de sus responsabilidades, realiz\u00f3 revisiones anuales de desempe\u00f1o y ofreci\u00f3 orientaci\u00f3n y apoyo para ayudar a su equipo a alcanzar sus cuotas de ventas. Adem\u00e1s de su formaci\u00f3n regulatoria, tambi\u00e9n brind\u00f3 una amplia capacitaci\u00f3n en ventas a su equipo, que inclu\u00eda t\u00e1cticas para crear redes y ampliar su cartera de clientes de alto patrimonio.<\/p>\n<p>Su carrera profesional lo llev\u00f3 a trabajar para dos empresas en el \u00e1rea de inversiones, K&amp;B Financial Group y Credicorp Securities. En estos puestos, se especializ\u00f3 en la estructuraci\u00f3n de carteras de inversi\u00f3n para inversionistas de altos ingresos. Actualmente, es Managing Director de Alpha Consulting.<\/p>\n<p>[\/et_pb_text][\/et_pb_column][et_pb_column type=\u00bb2_5&#8243; _builder_version=\u00bb4.22.0&#8243; _module_preset=\u00bbdefault\u00bb global_colors_info=\u00bb{}\u00bb][et_pb_text _builder_version=\u00bb4.22.0&#8243; _module_preset=\u00bbdefault\u00bb custom_padding=\u00bb400px|50px||120px|false|false\u00bb custom_padding_tablet=\u00bb400px|50px||120px|false|false\u00bb custom_padding_phone=\u00bb218px||0px|140px|false|false\u00bb custom_padding_last_edited=\u00bbon|phone\u00bb global_colors_info=\u00bb{}\u00bb]<\/p>\n<p><strong>Chronology<\/strong><\/p>\n<p>Managing Director \u2013 Alpha Consulting.<br \/>External Financial Manager \u2013 SS Servicios M\u00e9dicos S.A.<br \/>Senior Stockbroker \u2013 Credicorp Securities Inc.<br \/>Senior Invesment Advisor \u2013 K&amp;B Financial Group.<br \/>President \u2013 SAAMInvestments.<br \/>President \u2013 SAAMConsulting.<br \/>Financial Analyst and Credit Officer \u2013 Banco Latinoamericano de Exportaciones (BLADEX).<\/p>\n<p><strong>Education<\/strong><\/p>\n<p>Master of Science \u2013 Finance with Concentration in Corporate Finance<br \/>Northeastern University \nBoston, Massachusetts, United States<\/p>\n<p>Bachelor of Science \u2013 Economics<br \/>Bachelor of Science \u2013 Finance<br \/>University of North Carolina at Wilmington, North Carolina, United States<\/p>\n<p><strong>Skills<\/strong><\/p>\n<p>Banking.<br \/>Financial Modeling.<br \/>Corporate Finance.<br \/>Financial Analysis. <br>\nCredit Analysis.<br \/>Business Valuations.<br \/>Investments.<\/p>\n<p>[\/et_pb_text][\/et_pb_column][\/et_pb_row][\/et_pb_section]<\/p>","protected":false},"excerpt":{"rendered":"<p><div class=\"et_pb_module revslider_divi revslider_divi_0\">\n\t\t\t\t\n\t\t\t\t\n\t\t\t\t\n\t\t\t\t\n\t\t\t\t\n\t\t\t\t\n\t\t\t\t<div class=\"et_pb_module_inner\">\n\t\t\t\t\t\n\t\t\t<!-- START Antonio REVOLUTION SLIDER 6.7.5 --><p class=\"rs-p-wp-fix\"><\/p>\n\t\t\t<rs-module-wrap id=\"rev_slider_3_1_wrapper\" data-source=\"gallery\" style=\"visibility:hidden;background:transparent;padding:0;margin:0px auto;margin-top:0;margin-bottom:0;\">\n\t\t\t\t<rs-module id=\"rev_slider_3_1\" style=\"\" data-version=\"6.7.5\">\n\t\t\t\t\t<rs-slides style=\"overflow: hidden; position: absolute;\">\n\t\t\t\t\t\t<rs-slide style=\"position: absolute;\" data-key=\"rs-7\" data-title=\"Slide\" data-anim=\"ms:600;\" data-in=\"o:0;\" data-out=\"a:false;\">\n\t\t\t\t\t\t\t<img decoding=\"async\" src=\"\/\/alphaconsulting.com.pa\/wp-content\/plugins\/revslider\/sr6\/assets\/assets\/dummy.png\" alt=\"\" title=\"about-team-bg-1024&#215;455\" width=\"1024\" height=\"455\" class=\"rev-slidebg tp-rs-img rs-lazyload\" data-lazyload=\"\/\/alphaconsulting.com.pa\/wp-content\/uploads\/2023\/12\/about-team-bg-1024x455-1.jpg\" data-bg=\"p:center top;\" data-parallax=\"off\" data-panzoom=\"d:10000;ss:100;se:110;\" data-no-retina>\n<!--\n\t\t\t\t\t\t\t--><rs-layer\n\t\t\t\t\t\t\t\tid=\"slider-3-slide-7-layer-0\" \n\t\t\t\t\t\t\t\tdata-type=\"image\"\n\t\t\t\t\t\t\t\tdata-rsp_ch=\"on\"\n\t\t\t\t\t\t\t\tdata-xy=\"xo:132px,103px,78px,38px;yo:433px,341px,259px,302px;\"\n\t\t\t\t\t\t\t\tdata-text=\"w:normal;s:20,15,11,6;l:0,19,14,8;\"\n\t\t\t\t\t\t\t\tdata-dim=\"w:224px,176px,133px,82px;h:224px,176px,133px,82px;\"\n\t\t\t\t\t\t\t\tdata-frame_999=\"o:0;st:w;\"\n\t\t\t\t\t\t\t\tstyle=\"z-index:7;\"\n\t\t\t\t\t\t\t><img decoding=\"async\" src=\"\/\/alphaconsulting.com.pa\/wp-content\/plugins\/revslider\/sr6\/assets\/assets\/dummy.png\" alt=\"\" class=\"tp-rs-img rs-lazyload\" width=\"1080\" height=\"1080\" data-lazyload=\"\/\/alphaconsulting.com.pa\/wp-content\/uploads\/2024\/04\/Antonio.png\" data-no-retina> \n\t\t\t\t\t\t\t<\/rs-layer><!--\n\n\t\t\t\t\t\t\t--><rs-layer\n\t\t\t\t\t\t\t\tid=\"slider-3-slide-7-layer-1\" \n\t\t\t\t\t\t\t\tdata-type=\"text\"\n\t\t\t\t\t\t\t\tdata-rsp_ch=\"on\"\n\t\t\t\t\t\t\t\tdata-xy=\"x:l,l,l,c;xo:378px,378px,378px,30px;y:m;yo:102px,102px,102px,73px;\"\n\t\t\t\t\t\t\t\tdata-text=\"s:70,70,70,38;l:auto,auto,auto,57;fw:500;a:center;\"\n\t\t\t\t\t\t\t\tdata-dim=\"h:auto,auto,auto,59px;\"\n\t\t\t\t\t\t\t\tdata-frame_0=\"x:50px;\"\n\t\t\t\t\t\t\t\tdata-frame_1=\"sR:10;\"\n\t\t\t\t\t\t\t\tdata-frame_999=\"o:0;st:w;sR:8690;\"\n\t\t\t\t\t\t\t\tstyle=\"z-index:5;font-family:'Montserrat';\"\n\t\t\t\t\t\t\t>Antonio P. Saiz \n\t\t\t\t\t\t\t<\/rs-layer><!--\n\n\t\t\t\t\t\t\t--><rs-layer\n\t\t\t\t\t\t\t\tid=\"slider-3-slide-7-layer-2\" \n\t\t\t\t\t\t\t\tdata-type=\"text\"\n\t\t\t\t\t\t\t\tdata-rsp_ch=\"on\"\n\t\t\t\t\t\t\t\tdata-xy=\"x:l,l,l,c;xo:380px,380px,380px,-38px;y:m;yo:193px,193px,193px,116px;\"\n\t\t\t\t\t\t\t\tdata-text=\"w:normal;s:20,20,20,17;l:32,32,32,29;a:left,left,left,center;\"\n\t\t\t\t\t\t\t\tdata-dim=\"w:642px,642px,642px,394px;\"\n\t\t\t\t\t\t\t\tdata-frame_0=\"x:50px;\"\n\t\t\t\t\t\t\t\tdata-frame_1=\"st:280;sR:280;\"\n\t\t\t\t\t\t\t\tdata-frame_999=\"o:0;st:w;sR:8420;\"\n\t\t\t\t\t\t\t\tstyle=\"z-index:6;font-family:'Open Sans';\"\n\t\t\t\t\t\t\t>Managing Director \n\t\t\t\t\t\t\t<\/rs-layer><!--\n-->\t\t\t\t\t<\/rs-slide>\n\t\t\t\t\t<\/rs-slides>\n\t\t\t\t<\/rs-module>\n\t\t\t\t<script>\n\t\t\t\t\tsetREVStartSize({c: 'rev_slider_3_1',rl:[1240,1024,778,480],el:[790,768,960,500],gw:[1300,1024,778,480],gh:[790,768,960,500],type:'standard',justify:'',layout:'fullwidth',mh:\"0\"});if (window.RS_MODULES!==undefined && window.RS_MODULES.modules!==undefined && window.RS_MODULES.modules[\"revslider31\"]!==undefined) {window.RS_MODULES.modules[\"revslider31\"].once = false;window.revapi3 = undefined;if (window.RS_MODULES.checkMinimal!==undefined) window.RS_MODULES.checkMinimal()}\n\t\t\t\t<\/script>\n\t\t\t<\/rs-module-wrap>\n\t\t\t<!-- END REVOLUTION SLIDER -->\n\n\t\t\t\t<\/div>\n\t\t\t<\/div>Antonio P. Saiz Managing DirectorEQUIPOAntonio Saiz es egresado de The University of North Carolina at Wilmington, donde obtiene dos Licenciaturas en Ciencias en Econom\u00eda y Finanzas. Luego de su graduaci\u00f3n, cursa programas especializados en Finanzas, Mercadeo y Econom\u00eda Internacional en The American University en Washington, D.C. En 2020, complet\u00f3 [&hellip;]<\/p>","protected":false},"author":1,"featured_media":0,"parent":0,"menu_order":0,"comment_status":"closed","ping_status":"closed","template":"","meta":{"_et_pb_use_builder":"on","_et_pb_old_content":"","_et_gb_content_width":"","footnotes":""},"class_list":["post-1559","page","type-page","status-publish","hentry"],"yoast_head":"<!-- This site is optimized with the Yoast SEO plugin v22.5 - https:\/\/yoast.com\/wordpress\/plugins\/seo\/ -->\n<title>Antonio - ::Alpha Consulting::<\/title>\n<meta name=\"robots\" content=\"index, follow, max-snippet:-1, max-image-preview:large, max-video-preview:-1\" \/>\n<link rel=\"canonical\" href=\"https:\/\/alphaconsulting.com.pa\/en\/antonio\/\" \/>\n<meta property=\"og:locale\" content=\"en_US\" \/>\n<meta property=\"og:type\" content=\"article\" \/>\n<meta property=\"og:title\" content=\"Antonio - ::Alpha Consulting::\" \/>\n<meta property=\"og:description\" content=\"Antonio P. Saiz Managing DirectorEQUIPOAntonio Saiz es egresado de The University of North Carolina at Wilmington, donde obtiene dos Licenciaturas en Ciencias en Econom\u00eda y Finanzas. Luego de su graduaci\u00f3n, cursa programas especializados en Finanzas, Mercadeo y Econom\u00eda Internacional en The American University en Washington, D.C. En 2020, complet\u00f3 [&hellip;]\" \/>\n<meta property=\"og:url\" content=\"https:\/\/alphaconsulting.com.pa\/en\/antonio\/\" \/>\n<meta property=\"og:site_name\" content=\"::Alpha Consulting::\" \/>\n<meta property=\"article:modified_time\" content=\"2024-04-18T20:55:14+00:00\" \/>\n<meta name=\"twitter:card\" content=\"summary_large_image\" \/>\n<meta name=\"twitter:label1\" content=\"Est. reading time\" \/>\n\t<meta name=\"twitter:data1\" content=\"5 minutes\" \/>\n<script type=\"application\/ld+json\" class=\"yoast-schema-graph\">{\"@context\":\"https:\/\/schema.org\",\"@graph\":[{\"@type\":\"WebPage\",\"@id\":\"https:\/\/alphaconsulting.com.pa\/antonio\/\",\"url\":\"https:\/\/alphaconsulting.com.pa\/antonio\/\",\"name\":\"Antonio - ::Alpha Consulting::\",\"isPartOf\":{\"@id\":\"https:\/\/alphaconsulting.com.pa\/#website\"},\"datePublished\":\"2023-12-19T22:55:31+00:00\",\"dateModified\":\"2024-04-18T20:55:14+00:00\",\"breadcrumb\":{\"@id\":\"https:\/\/alphaconsulting.com.pa\/antonio\/#breadcrumb\"},\"inLanguage\":\"en-US\",\"potentialAction\":[{\"@type\":\"ReadAction\",\"target\":[\"https:\/\/alphaconsulting.com.pa\/antonio\/\"]}]},{\"@type\":\"BreadcrumbList\",\"@id\":\"https:\/\/alphaconsulting.com.pa\/antonio\/#breadcrumb\",\"itemListElement\":[{\"@type\":\"ListItem\",\"position\":1,\"name\":\"Home\",\"item\":\"https:\/\/alphaconsulting.com.pa\/\"},{\"@type\":\"ListItem\",\"position\":2,\"name\":\"Antonio\"}]},{\"@type\":\"WebSite\",\"@id\":\"https:\/\/alphaconsulting.com.pa\/#website\",\"url\":\"https:\/\/alphaconsulting.com.pa\/\",\"name\":\"::Alpha Consulting::\",\"description\":\"Entendemos tus finanzas\",\"publisher\":{\"@id\":\"https:\/\/alphaconsulting.com.pa\/#organization\"},\"potentialAction\":[{\"@type\":\"SearchAction\",\"target\":{\"@type\":\"EntryPoint\",\"urlTemplate\":\"https:\/\/alphaconsulting.com.pa\/?s={search_term_string}\"},\"query-input\":\"required name=search_term_string\"}],\"inLanguage\":\"en-US\"},{\"@type\":\"Organization\",\"@id\":\"https:\/\/alphaconsulting.com.pa\/#organization\",\"name\":\"::Alpha Consulting::\",\"url\":\"https:\/\/alphaconsulting.com.pa\/\",\"logo\":{\"@type\":\"ImageObject\",\"inLanguage\":\"en-US\",\"@id\":\"https:\/\/alphaconsulting.com.pa\/#\/schema\/logo\/image\/\",\"url\":\"https:\/\/alphaconsulting.com.pa\/wp-content\/uploads\/2023\/12\/logo-alpha-1.png\",\"contentUrl\":\"https:\/\/alphaconsulting.com.pa\/wp-content\/uploads\/2023\/12\/logo-alpha-1.png\",\"width\":500,\"height\":400,\"caption\":\"::Alpha Consulting::\"},\"image\":{\"@id\":\"https:\/\/alphaconsulting.com.pa\/#\/schema\/logo\/image\/\"}}]}<\/script>\n<!-- \/ Yoast SEO plugin. -->","yoast_head_json":{"title":"Antonio - ::Alpha Consulting::","robots":{"index":"index","follow":"follow","max-snippet":"max-snippet:-1","max-image-preview":"max-image-preview:large","max-video-preview":"max-video-preview:-1"},"canonical":"https:\/\/alphaconsulting.com.pa\/en\/antonio\/","og_locale":"en_US","og_type":"article","og_title":"Antonio - ::Alpha Consulting::","og_description":"Antonio P. Saiz Managing DirectorEQUIPOAntonio Saiz es egresado de The University of North Carolina at Wilmington, donde obtiene dos Licenciaturas en Ciencias en Econom\u00eda y Finanzas. Luego de su graduaci\u00f3n, cursa programas especializados en Finanzas, Mercadeo y Econom\u00eda Internacional en The American University en Washington, D.C. En 2020, complet\u00f3 [&hellip;]","og_url":"https:\/\/alphaconsulting.com.pa\/en\/antonio\/","og_site_name":"::Alpha Consulting::","article_modified_time":"2024-04-18T20:55:14+00:00","twitter_card":"summary_large_image","twitter_misc":{"Est. reading time":"5 minutes"},"schema":{"@context":"https:\/\/schema.org","@graph":[{"@type":"WebPage","@id":"https:\/\/alphaconsulting.com.pa\/antonio\/","url":"https:\/\/alphaconsulting.com.pa\/antonio\/","name":"Antonio - ::Alpha Consulting::","isPartOf":{"@id":"https:\/\/alphaconsulting.com.pa\/#website"},"datePublished":"2023-12-19T22:55:31+00:00","dateModified":"2024-04-18T20:55:14+00:00","breadcrumb":{"@id":"https:\/\/alphaconsulting.com.pa\/antonio\/#breadcrumb"},"inLanguage":"en-US","potentialAction":[{"@type":"ReadAction","target":["https:\/\/alphaconsulting.com.pa\/antonio\/"]}]},{"@type":"BreadcrumbList","@id":"https:\/\/alphaconsulting.com.pa\/antonio\/#breadcrumb","itemListElement":[{"@type":"ListItem","position":1,"name":"Home","item":"https:\/\/alphaconsulting.com.pa\/"},{"@type":"ListItem","position":2,"name":"Antonio"}]},{"@type":"WebSite","@id":"https:\/\/alphaconsulting.com.pa\/#website","url":"https:\/\/alphaconsulting.com.pa\/","name":"::Alpha Consulting::","description":"Entendemos tus finanzas","publisher":{"@id":"https:\/\/alphaconsulting.com.pa\/#organization"},"potentialAction":[{"@type":"SearchAction","target":{"@type":"EntryPoint","urlTemplate":"https:\/\/alphaconsulting.com.pa\/?s={search_term_string}"},"query-input":"required name=search_term_string"}],"inLanguage":"en-US"},{"@type":"Organization","@id":"https:\/\/alphaconsulting.com.pa\/#organization","name":"::Alpha Consulting::","url":"https:\/\/alphaconsulting.com.pa\/","logo":{"@type":"ImageObject","inLanguage":"en-US","@id":"https:\/\/alphaconsulting.com.pa\/#\/schema\/logo\/image\/","url":"https:\/\/alphaconsulting.com.pa\/wp-content\/uploads\/2023\/12\/logo-alpha-1.png","contentUrl":"https:\/\/alphaconsulting.com.pa\/wp-content\/uploads\/2023\/12\/logo-alpha-1.png","width":500,"height":400,"caption":"::Alpha Consulting::"},"image":{"@id":"https:\/\/alphaconsulting.com.pa\/#\/schema\/logo\/image\/"}}]}},"_links":{"self":[{"href":"https:\/\/alphaconsulting.com.pa\/en\/wp-json\/wp\/v2\/pages\/1559","targetHints":{"allow":["GET"]}}],"collection":[{"href":"https:\/\/alphaconsulting.com.pa\/en\/wp-json\/wp\/v2\/pages"}],"about":[{"href":"https:\/\/alphaconsulting.com.pa\/en\/wp-json\/wp\/v2\/types\/page"}],"author":[{"embeddable":true,"href":"https:\/\/alphaconsulting.com.pa\/en\/wp-json\/wp\/v2\/users\/1"}],"replies":[{"embeddable":true,"href":"https:\/\/alphaconsulting.com.pa\/en\/wp-json\/wp\/v2\/comments?post=1559"}],"version-history":[{"count":0,"href":"https:\/\/alphaconsulting.com.pa\/en\/wp-json\/wp\/v2\/pages\/1559\/revisions"}],"wp:attachment":[{"href":"https:\/\/alphaconsulting.com.pa\/en\/wp-json\/wp\/v2\/media?parent=1559"}],"curies":[{"name":"wp","href":"https:\/\/api.w.org\/{rel}","templated":true}]}}